{"id":74687,"date":"2022-03-29T11:50:49","date_gmt":"2022-03-29T09:50:49","guid":{"rendered":"https:\/\/staging.step-lab.com\/maintenance\/"},"modified":"2024-03-11T12:27:00","modified_gmt":"2024-03-11T11:27:00","slug":"maintenance","status":"publish","type":"page","link":"https:\/\/step-lab.com\/de\/maintenance\/","title":{"rendered":"Kundenbetreuung"},"content":{"rendered":"\n<style type=\"text\/css\" data-created_by=\"avia_inline_auto\" id=\"style-css-av-lpmjqlzu-255ff6c69552c65a640b48ad0eb997bb\">\n.avia-section.av-lpmjqlzu-255ff6c69552c65a640b48ad0eb997bb{\nbackground-repeat:no-repeat;\nbackground-image:url(https:\/\/step-lab.com\/wp-content\/uploads\/2024\/03\/support.jpg);\nbackground-position:50% 0%;\nbackground-attachment:fixed;\n}\n.avia-section.av-lpmjqlzu-255ff6c69552c65a640b48ad0eb997bb .av-section-color-overlay{\nopacity:0.5;\nbackground-color:#0a0a0a;\n}\n<\/style>\n<div id='av_section_1'  class='avia-section av-lpmjqlzu-255ff6c69552c65a640b48ad0eb997bb main_color avia-section-default avia-no-border-styling  avia-builder-el-0  el_before_av_section  avia-builder-el-first  avia-full-stretch avia-bg-style-fixed av-section-color-overlay-active av-minimum-height av-minimum-height-custom av-height-custom  container_wrap fullsize'  data-section-bg-repeat='stretch' data-av_minimum_height_px='400'><div class=\"av-section-color-overlay-wrap\"><div class=\"av-section-color-overlay\"><\/div><div class='container av-section-cont-open' style='height:400px'><main  role=\"main\" itemprop=\"mainContentOfPage\"  class='template-page content  av-content-full alpha units'><div class='post-entry post-entry-type-page post-entry-74687'><div class='entry-content-wrapper clearfix'>\n\n<style type=\"text\/css\" data-created_by=\"avia_inline_auto\" id=\"style-css-av-kz5l5bax-b28ead7b73bc47123a3bd1bc1d7f2fbc\">\n#top .av_textblock_section.av-kz5l5bax-b28ead7b73bc47123a3bd1bc1d7f2fbc .avia_textblock{\nfont-size:22px;\ncolor:#ffffff;\n}\n\n@media only screen and (min-width: 480px) and (max-width: 767px){ \n#top .av_textblock_section.av-kz5l5bax-b28ead7b73bc47123a3bd1bc1d7f2fbc .avia_textblock{\nfont-size:22px;\n}\n}\n<\/style>\n<section  class='av_textblock_section av-kz5l5bax-b28ead7b73bc47123a3bd1bc1d7f2fbc '   itemscope=\"itemscope\" itemtype=\"https:\/\/schema.org\/CreativeWork\" ><div class='avia_textblock av_inherit_color'  itemprop=\"text\" ><h1 class=\"hp-tab-header\" style=\"text-align: center;\">KUNDENBETREUUNG<\/h1>\n<\/div><\/section>\n\n<\/div><\/div><\/main><!-- close content main element --><\/div><\/div><\/div>\n<style type=\"text\/css\" data-created_by=\"avia_inline_auto\" id=\"style-css-av-kz5kzctu-c9a8d703d1bc162632517390641e296e\">\n.avia-section.av-kz5kzctu-c9a8d703d1bc162632517390641e296e{\nbackground-color:#ffffff;\nbackground-image:unset;\n}\n<\/style>\n<div id='av_section_2'  class='avia-section av-kz5kzctu-c9a8d703d1bc162632517390641e296e main_color avia-section-default avia-no-border-styling  avia-builder-el-2  el_after_av_section  el_before_av_hr  avia-bg-style-scroll container_wrap fullsize'  ><div class='container av-section-cont-open' ><div class='template-page content  av-content-full alpha units'><div class='post-entry post-entry-type-page post-entry-74687'><div class='entry-content-wrapper clearfix'>\n\n<style type=\"text\/css\" data-created_by=\"avia_inline_auto\" id=\"style-css-av-1nzeg2m-2e8fa485186fe0417538858f7279b755\">\n@keyframes av_boxShadowEffect_av-1nzeg2m-2e8fa485186fe0417538858f7279b755-column {\n0%   { box-shadow:  0 0 0 0 #cecece; opacity: 1; }\n100% { box-shadow:  0 0 10px 0 #cecece; opacity: 1; }\n}\n.flex_column.av-1nzeg2m-2e8fa485186fe0417538858f7279b755{\nbox-shadow: 0 0 10px 0 #cecece;\nborder-radius:0px 0px 0px 0px;\npadding:0px 0px 0px 0px;\n}\n<\/style>\n<div  class='flex_column av-1nzeg2m-2e8fa485186fe0417538858f7279b755 av_one_third  avia-builder-el-3  el_before_av_three_fifth  avia-builder-el-first  first flex_column_div shadow-not-animated av-zero-column-padding  '     ><style type=\"text\/css\" data-created_by=\"avia_inline_auto\" id=\"style-css-av-16n15z2-7c28e418e47b7d25588edd6db88c71e0\">\n.avia-image-container.av-16n15z2-7c28e418e47b7d25588edd6db88c71e0 img.avia_image{\nbox-shadow:none;\n}\n.avia-image-container.av-16n15z2-7c28e418e47b7d25588edd6db88c71e0 .av-image-caption-overlay-center{\ncolor:#ffffff;\n}\n<\/style>\n<div  class='avia-image-container av-16n15z2-7c28e418e47b7d25588edd6db88c71e0 av-styling- avia-align-center  avia-builder-el-4  avia-builder-el-no-sibling '   itemprop=\"image\" itemscope=\"itemscope\" itemtype=\"https:\/\/schema.org\/ImageObject\" ><div class=\"avia-image-container-inner\"><div class=\"avia-image-overlay-wrap\"><img decoding=\"async\" fetchpriority=\"high\" class='wp-image-74225 avia-img-lazy-loading-not-74225 avia_image ' src=\"https:\/\/step-lab.com\/wp-content\/uploads\/DSC_0789-Recuperato-2-819x1030.png\" alt='Manutenzione macchine da test' title='Manutenzione macchine da test'  height=\"1030\" width=\"819\"  itemprop=\"thumbnailUrl\" srcset=\"https:\/\/step-lab.com\/wp-content\/uploads\/DSC_0789-Recuperato-2-819x1030.png 819w, https:\/\/step-lab.com\/wp-content\/uploads\/DSC_0789-Recuperato-2-239x300.png 239w, https:\/\/step-lab.com\/wp-content\/uploads\/DSC_0789-Recuperato-2-768x966.png 768w, https:\/\/step-lab.com\/wp-content\/uploads\/DSC_0789-Recuperato-2-1221x1536.png 1221w, https:\/\/step-lab.com\/wp-content\/uploads\/DSC_0789-Recuperato-2-1629x2048.png 1629w, https:\/\/step-lab.com\/wp-content\/uploads\/DSC_0789-Recuperato-2-1193x1500.png 1193w, https:\/\/step-lab.com\/wp-content\/uploads\/DSC_0789-Recuperato-2-561x705.png 561w\" sizes=\"(max-width: 819px) 100vw, 819px\" \/><\/div><\/div><\/div><\/div>\n<style type=\"text\/css\" data-created_by=\"avia_inline_auto\" id=\"style-css-av-2ob6n2-37299a70bd5e136f7b7643b9c47a5fee\">\n.flex_column.av-2ob6n2-37299a70bd5e136f7b7643b9c47a5fee{\nborder-radius:0px 0px 0px 0px;\npadding:0px 0px 0px 0px;\n}\n<\/style>\n<div  class='flex_column av-2ob6n2-37299a70bd5e136f7b7643b9c47a5fee av_three_fifth  avia-builder-el-5  el_after_av_one_third  avia-builder-el-last  flex_column_div av-zero-column-padding  '     ><p>\n<style type=\"text\/css\" data-created_by=\"avia_inline_auto\" id=\"style-css-av-lpmk778b-a8c7d7eb41bb71e3014b56effd53c81e\">\n#top .hr.hr-invisible.av-lpmk778b-a8c7d7eb41bb71e3014b56effd53c81e{\nheight:50px;\n}\n<\/style>\n<div  class='hr av-lpmk778b-a8c7d7eb41bb71e3014b56effd53c81e hr-invisible  avia-builder-el-6  el_before_av_textblock  avia-builder-el-first '><span class='hr-inner '><span class=\"hr-inner-style\"><\/span><\/span><\/div><br \/>\n\n<style type=\"text\/css\" data-created_by=\"avia_inline_auto\" id=\"style-css-av-kz5emoty-858dc10c35bb3e603b3284108864d558\">\n#top .av_textblock_section.av-kz5emoty-858dc10c35bb3e603b3284108864d558 .avia_textblock{\nfont-size:18px;\n}\n\n@media only screen and (min-width: 480px) and (max-width: 767px){ \n#top .av_textblock_section.av-kz5emoty-858dc10c35bb3e603b3284108864d558 .avia_textblock{\nfont-size:18px;\n}\n}\n<\/style>\n<section  class='av_textblock_section av-kz5emoty-858dc10c35bb3e603b3284108864d558 '   itemscope=\"itemscope\" itemtype=\"https:\/\/schema.org\/CreativeWork\" ><div class='avia_textblock'  itemprop=\"text\" ><div class=\"hp-tab-subheader\">\n<div class=\"hp-title-underline\">Unser Kundendienst ist von Montag bis Freitag von 8.30 bis 17.30 Uhr unter der Nummer <strong>+39 0423 1999 391<\/strong>, per E-Mail an <strong>info@step-lab.com<\/strong> oder \u00fcber unser <a href=\"https:\/\/step-lab.com\/de\/kontakt\/\"><strong><u>Kontaktformular<\/u><\/strong><\/a> kostenlos erreichbar.<\/div>\n<div>\n<p>Um Probleme mit Ihrem System schnell zu l\u00f6sen und Zeit und Geld zu sparen, bieten wir von STEP Lab schnelle und effiziente Support-L\u00f6sungen an, entweder per Telefon, wie in den meisten F\u00e4llen, oder durch den Einsatz unserer Techniker vor Ort.<\/p>\n<p>Ben\u00f6tigen Sie sofortige Hilfe, wenn Ihre Pr\u00fcfmaschine ausf\u00e4llt? Unser effizientes Remote-Support-System erm\u00f6glicht eine direkte Verbindung zu Ihrem Rechner \u00fcber Chat, Webcam und Audio, wobei eine sichere IT-Infrastruktur genutzt wird.<\/p>\n<\/div>\n<div class=\"hp-tab-body\"><\/div>\n<\/div>\n<\/div><\/section><br \/>\n\n<style type=\"text\/css\" data-created_by=\"avia_inline_auto\" id=\"style-css-av-ltiqisgc-b52083c821edda7bb45999df2c1461f3\">\n#top .hr.hr-invisible.av-ltiqisgc-b52083c821edda7bb45999df2c1461f3{\nheight:50px;\n}\n<\/style>\n<div  class='hr av-ltiqisgc-b52083c821edda7bb45999df2c1461f3 hr-invisible  avia-builder-el-8  el_after_av_textblock  el_before_av_textblock '><span class='hr-inner '><span class=\"hr-inner-style\"><\/span><\/span><\/div><br \/>\n\n<style type=\"text\/css\" data-created_by=\"avia_inline_auto\" id=\"style-css-av-ltiqhpp4-900dd6d6481b11a5590580e47cf476b7\">\n#top .av_textblock_section.av-ltiqhpp4-900dd6d6481b11a5590580e47cf476b7 .avia_textblock{\nfont-size:18px;\n}\n<\/style>\n<section  class='av_textblock_section av-ltiqhpp4-900dd6d6481b11a5590580e47cf476b7 '   itemscope=\"itemscope\" itemtype=\"https:\/\/schema.org\/CreativeWork\" ><div class='avia_textblock'  itemprop=\"text\" ><h4>Die \u00d6ffnungszeiten<\/h4>\n<p>Montag-Freitag: 8.30-17.30 Uhr<\/p>\n<\/div><\/section><br \/>\n\n<style type=\"text\/css\" data-created_by=\"avia_inline_auto\" id=\"style-css-av-kwov6uz9-9731fd7e5e659ddf77fb9dcc18e788e5\">\n#top .hr.hr-invisible.av-kwov6uz9-9731fd7e5e659ddf77fb9dcc18e788e5{\nheight:50px;\n}\n<\/style>\n<div  class='hr av-kwov6uz9-9731fd7e5e659ddf77fb9dcc18e788e5 hr-invisible  avia-builder-el-10  el_after_av_textblock  el_before_av_buttonrow '><span class='hr-inner '><span class=\"hr-inner-style\"><\/span><\/span><\/div><br \/>\n<div  class='avia-buttonrow-wrap av-ld39aj40-c718d208769d3828e56e9c8253c8a8b8 avia-buttonrow-left  avia-builder-el-11  el_after_av_hr  avia-builder-el-last '>\n\n<style type=\"text\/css\" data-created_by=\"avia_inline_auto\" id=\"style-css-av-ld39ainb-8cf7351a586b5102a2276f0cbaa127e6\">\n#top #wrap_all .avia-button.av-ld39ainb-8cf7351a586b5102a2276f0cbaa127e6{\nmargin-bottom:5px;\nmargin-right:5px;\n}\n<\/style>\n<a href='https:\/\/step-lab.com\/de\/kontakt\/'  class='avia-button av-ld39ainb-8cf7351a586b5102a2276f0cbaa127e6 avia-icon_select-yes-left-icon avia-size-x-large avia-color-theme-color'  target=\"_blank\"  rel=\"noopener noreferrer\"  aria-label=\"Kontakt-Formular\"><span class='avia_button_icon avia_button_icon_left avia-iconfont avia-font-entypo-fontello' data-av_icon='\ue83c' data-av_iconfont='entypo-fontello' ><\/span><span class='avia_iconbox_title' >Kontakt-Formular<\/span><\/a>\n<\/div><\/p><\/div>\n<\/div><\/div><\/div><!-- close content main div --><\/div><\/div><div id='after_section_2'  class='main_color av_default_container_wrap container_wrap fullsize'  ><div class='container av-section-cont-open' ><div class='template-page content  av-content-full alpha units'><div class='post-entry post-entry-type-page post-entry-74687'><div class='entry-content-wrapper clearfix'>\n<div  class='hr av-ueijhi-c549dff4dceb926f01e9b7a3702f200b hr-default  avia-builder-el-12  el_after_av_section  el_before_av_one_full  avia-builder-el-first '><span class='hr-inner '><span class=\"hr-inner-style\"><\/span><\/span><\/div>\n\n<style type=\"text\/css\" data-created_by=\"avia_inline_auto\" id=\"style-css-av-2iezot-3db7e577291d5f2169bb9574373f49ba\">\n.flex_column.av-2iezot-3db7e577291d5f2169bb9574373f49ba{\nborder-radius:0px 0px 0px 0px;\npadding:0px 0px 0px 0px;\n}\n<\/style>\n<div  class='flex_column av-2iezot-3db7e577291d5f2169bb9574373f49ba av_one_full  avia-builder-el-13  el_after_av_hr  el_before_av_slideshow_accordion  avia-builder-el-last  first flex_column_div av-zero-column-padding  '     ><style type=\"text\/css\" data-created_by=\"avia_inline_auto\" id=\"style-css-av-kwnat6sl-8d3e7027b03e16a1bb6f5f7e84e229b2\">\n#top .av_textblock_section.av-kwnat6sl-8d3e7027b03e16a1bb6f5f7e84e229b2 .avia_textblock{\ncolor:#cf3339;\n}\n<\/style>\n<section  class='av_textblock_section av-kwnat6sl-8d3e7027b03e16a1bb6f5f7e84e229b2 '   itemscope=\"itemscope\" itemtype=\"https:\/\/schema.org\/CreativeWork\" ><div class='avia_textblock av_inherit_color'  itemprop=\"text\" ><h2 style=\"text-align: center;\"><span style=\"color: #cf3339;\">Andere Produkte<\/span><\/h2>\n<\/div><\/section><\/div>\n\n<style type=\"text\/css\" data-created_by=\"avia_inline_auto\" id=\"style-css-av-2hpiysm-2276b740371855e53e179418f65bff04\">\n.avia-accordion.av-2hpiysm-2276b740371855e53e179418f65bff04{\nmax-height:375px;\n}\n.avia-accordion.av-2hpiysm-2276b740371855e53e179418f65bff04 .aviaccordion-preview{\nwidth:25.1%;\n}\n.avia-accordion .aviaccordion-slide.av-2hpiysm-2276b740371855e53e179418f65bff04__0{\nleft:0%;\n}\n.avia-accordion .aviaccordion-slide.av-2hpiysm-2276b740371855e53e179418f65bff04__1{\nleft:25%;\n}\n.avia-accordion .aviaccordion-slide.av-2hpiysm-2276b740371855e53e179418f65bff04__2{\nleft:50%;\n}\n.avia-accordion .aviaccordion-slide.av-2hpiysm-2276b740371855e53e179418f65bff04__3{\nleft:75%;\n}\n<\/style>\n<div  id=\"accordion_slider_1\"  class='aviaccordion avia-accordion av-2hpiysm-2276b740371855e53e179418f65bff04 aviaccordion-title-on-hover av-slideshow-manual av-loop-once ' data-slideshow-options=\"{&quot;interval&quot;:5,&quot;autoplay&quot;:false,&quot;loop_autoplay&quot;:&quot;once&quot;}\"  itemscope=\"itemscope\" itemtype=\"https:\/\/schema.org\/Blog\" ><ul class=\"aviaccordion-inner\"><li class='aviaccordion-slide av-2hpiysm-2276b740371855e53e179418f65bff04__0 aviaccordion-slide-1' data-av-left='0'  itemscope=\"itemscope\" itemtype=\"https:\/\/schema.org\/CreativeWork\" ><a class='aviaccordion-slide-link noHover' href=\"https:\/\/step-lab.com\/de\/linearmotorgestuetzte-systeme\/\"  target='_blank'><div class='aviaccordion-preview av-accordion-text-center'><div class=\"aviaccordion-preview-title-pos\"><div class=\"aviaccordion-preview-title-wrap\"><div class=\"aviaccordion-preview-title\"><h3 class='aviaccordion-title '  itemprop=\"headline\" >UD SERIE<\/h3><div class='aviaccordion-excerpt'  itemprop=\"text\" ><p>\nElektrodynamische Systeme<\/p>\n<\/div><\/div><\/div><\/div><\/div><img decoding=\"async\" width=\"710\" height=\"375\" src=\"https:\/\/step-lab.com\/wp-content\/uploads\/2023\/08\/dynamic-test-machine-710x375.jpg\" class=\"aviaccordion-image\" alt=\"\" \/><\/a><\/li><li class='aviaccordion-slide av-2hpiysm-2276b740371855e53e179418f65bff04__1 aviaccordion-slide-2' data-av-left='25'  itemscope=\"itemscope\" itemtype=\"https:\/\/schema.org\/CreativeWork\" ><a class='aviaccordion-slide-link noHover' href=\"https:\/\/step-lab.com\/it\/sistemi-di-prova-elettromeccanici\/\"  target='_blank'><div class='aviaccordion-preview av-accordion-text-center'><div class=\"aviaccordion-preview-title-pos\"><div class=\"aviaccordion-preview-title-wrap\"><div class=\"aviaccordion-preview-title\"><h3 class='aviaccordion-title '  itemprop=\"headline\" >EA SERIE<\/h3><div class='aviaccordion-excerpt'  itemprop=\"text\" ><p>\nElektromechanische Systeme<\/p>\n<\/div><\/div><\/div><\/div><\/div><img decoding=\"async\" width=\"710\" height=\"375\" src=\"https:\/\/step-lab.com\/wp-content\/uploads\/2022\/06\/Macchie-statiche-2-710x375.png\" class=\"aviaccordion-image\" alt=\"\" \/><\/a><\/li><li class='aviaccordion-slide av-2hpiysm-2276b740371855e53e179418f65bff04__2 aviaccordion-slide-3' data-av-left='50'  itemscope=\"itemscope\" itemtype=\"https:\/\/schema.org\/CreativeWork\" ><a class='aviaccordion-slide-link noHover' href=\"https:\/\/step-lab.com\/de\/falltuerme\/\"  target='_blank'><div class='aviaccordion-preview av-accordion-text-center'><div class=\"aviaccordion-preview-title-pos\"><div class=\"aviaccordion-preview-title-wrap\"><div class=\"aviaccordion-preview-title\"><h3 class='aviaccordion-title '  itemprop=\"headline\" >dw serie<\/h3><div class='aviaccordion-excerpt'  itemprop=\"text\" ><p>\nSchlagpr\u00fcfsysteme<\/p>\n<\/div><\/div><\/div><\/div><\/div><img decoding=\"async\" width=\"710\" height=\"375\" src=\"https:\/\/step-lab.com\/wp-content\/uploads\/2024\/02\/DW750-1000-2000-710x375.png\" class=\"aviaccordion-image\" alt=\"\" \/><\/a><\/li><li class='aviaccordion-slide av-2hpiysm-2276b740371855e53e179418f65bff04__3 aviaccordion-slide-4' data-av-left='75'  itemscope=\"itemscope\" itemtype=\"https:\/\/schema.org\/CreativeWork\" ><a class='aviaccordion-slide-link noHover' href=\"https:\/\/step-lab.com\/de\/schuhpruefsysteme\/\"  target='_blank'><div class='aviaccordion-preview av-accordion-text-center'><div class=\"aviaccordion-preview-title-pos\"><div class=\"aviaccordion-preview-title-wrap\"><div class=\"aviaccordion-preview-title\"><h3 class='aviaccordion-title '  itemprop=\"headline\" >Schuhpr\u00fcfsysteme<\/h3><\/div><\/div><\/div><\/div><img decoding=\"async\" width=\"710\" height=\"375\" src=\"https:\/\/step-lab.com\/wp-content\/uploads\/2023\/12\/footwear-testing-systems-710x375.png\" class=\"aviaccordion-image\" alt=\"\" \/><\/a><\/li><\/ul><div class='aviaccordion-spacer' style='padding-bottom:52.816901408451%'><\/div><\/div>\n","protected":false},"excerpt":{"rendered":"<p>Wir bieten unter anderem Spezialisten f\u00fcr die Instandhaltung von mechanischen Pr\u00fcfanlagen<\/p>\n","protected":false},"author":5,"featured_media":79586,"parent":0,"menu_order":0,"comment_status":"closed","ping_status":"closed","template":"","meta":{"_acf_changed":false,"footnotes":""},"class_list":["post-74687","page","type-page","status-publish","has-post-thumbnail","hentry"],"acf":[],"yoast_head":"<!-- This site is optimized with the Yoast SEO Premium plugin v27.4 (Yoast SEO v27.4) - https:\/\/yoast.com\/product\/yoast-seo-premium-wordpress\/ -->\n<title>Kundenbetreuung - STEP Lab<\/title>\n<meta name=\"description\" content=\"Informieren Sie sich \u00fcber unsere Kundendienstleistungen, einschlie\u00dflich der Wartung von STEP Lab-Pr\u00fcfmaschinen und auch von Anlagen konkurrierender Marken.\" \/>\n<meta name=\"robots\" content=\"index, follow, max-snippet:-1, max-image-preview:large, max-video-preview:-1\" \/>\n<link rel=\"canonical\" href=\"https:\/\/step-lab.com\/de\/maintenance\/\" \/>\n<meta property=\"og:locale\" content=\"de_DE\" \/>\n<meta property=\"og:type\" content=\"article\" \/>\n<meta property=\"og:title\" content=\"Kundenbetreuung\" \/>\n<meta property=\"og:description\" content=\"Informieren Sie sich \u00fcber unsere Kundendienstleistungen, einschlie\u00dflich der Wartung von STEP Lab-Pr\u00fcfmaschinen und auch von Anlagen konkurrierender Marken.\" \/>\n<meta property=\"og:url\" content=\"https:\/\/step-lab.com\/de\/maintenance\/\" \/>\n<meta property=\"og:site_name\" content=\"STEP Lab\" \/>\n<meta property=\"article:publisher\" content=\"https:\/\/www.facebook.com\/step.lab.macchine\/\" \/>\n<meta property=\"article:modified_time\" content=\"2024-03-11T11:27:00+00:00\" \/>\n<meta property=\"og:image\" content=\"https:\/\/step-lab.com\/wp-content\/uploads\/2022\/06\/Manutenzione-1-920x1030.png\" \/>\n\t<meta property=\"og:image:width\" content=\"920\" \/>\n\t<meta property=\"og:image:height\" content=\"1030\" \/>\n\t<meta property=\"og:image:type\" content=\"image\/png\" \/>\n<meta name=\"twitter:card\" content=\"summary_large_image\" \/>\n<meta name=\"twitter:label1\" content=\"Gesch\u00e4tzte Lesezeit\" \/>\n\t<meta name=\"twitter:data1\" content=\"2\u00a0Minuten\" \/>\n<script type=\"application\/ld+json\" class=\"yoast-schema-graph\">{\"@context\":\"https:\\\/\\\/schema.org\",\"@graph\":[{\"@type\":\"WebPage\",\"@id\":\"https:\\\/\\\/step-lab.com\\\/de\\\/maintenance\\\/\",\"url\":\"https:\\\/\\\/step-lab.com\\\/de\\\/maintenance\\\/\",\"name\":\"Kundenbetreuung - STEP Lab\",\"isPartOf\":{\"@id\":\"https:\\\/\\\/step-lab.com\\\/de\\\/#website\"},\"primaryImageOfPage\":{\"@id\":\"https:\\\/\\\/step-lab.com\\\/de\\\/maintenance\\\/#primaryimage\"},\"image\":{\"@id\":\"https:\\\/\\\/step-lab.com\\\/de\\\/maintenance\\\/#primaryimage\"},\"thumbnailUrl\":\"https:\\\/\\\/step-lab.com\\\/wp-content\\\/uploads\\\/2022\\\/06\\\/Manutenzione-1.png\",\"datePublished\":\"2022-03-29T09:50:49+00:00\",\"dateModified\":\"2024-03-11T11:27:00+00:00\",\"description\":\"Informieren Sie sich \u00fcber unsere Kundendienstleistungen, einschlie\u00dflich der Wartung von STEP Lab-Pr\u00fcfmaschinen und auch von Anlagen konkurrierender Marken.\",\"breadcrumb\":{\"@id\":\"https:\\\/\\\/step-lab.com\\\/de\\\/maintenance\\\/#breadcrumb\"},\"inLanguage\":\"de\",\"potentialAction\":[{\"@type\":\"ReadAction\",\"target\":[\"https:\\\/\\\/step-lab.com\\\/de\\\/maintenance\\\/\"]}]},{\"@type\":\"ImageObject\",\"inLanguage\":\"de\",\"@id\":\"https:\\\/\\\/step-lab.com\\\/de\\\/maintenance\\\/#primaryimage\",\"url\":\"https:\\\/\\\/step-lab.com\\\/wp-content\\\/uploads\\\/2022\\\/06\\\/Manutenzione-1.png\",\"contentUrl\":\"https:\\\/\\\/step-lab.com\\\/wp-content\\\/uploads\\\/2022\\\/06\\\/Manutenzione-1.png\",\"width\":1484,\"height\":1662},{\"@type\":\"BreadcrumbList\",\"@id\":\"https:\\\/\\\/step-lab.com\\\/de\\\/maintenance\\\/#breadcrumb\",\"itemListElement\":[{\"@type\":\"ListItem\",\"position\":1,\"name\":\"Home\",\"item\":\"https:\\\/\\\/step-lab.com\\\/de\\\/elektrodynamische-maschinen-fuer-versuche-mechanik\\\/\"},{\"@type\":\"ListItem\",\"position\":2,\"name\":\"Kundenbetreuung\"}]},{\"@type\":\"WebSite\",\"@id\":\"https:\\\/\\\/step-lab.com\\\/de\\\/#website\",\"url\":\"https:\\\/\\\/step-lab.com\\\/de\\\/\",\"name\":\"Step Lab\",\"description\":\"Testing machines\",\"publisher\":{\"@id\":\"https:\\\/\\\/step-lab.com\\\/de\\\/#organization\"},\"potentialAction\":[{\"@type\":\"SearchAction\",\"target\":{\"@type\":\"EntryPoint\",\"urlTemplate\":\"https:\\\/\\\/step-lab.com\\\/de\\\/?s={search_term_string}\"},\"query-input\":{\"@type\":\"PropertyValueSpecification\",\"valueRequired\":true,\"valueName\":\"search_term_string\"}}],\"inLanguage\":\"de\"},{\"@type\":\"Organization\",\"@id\":\"https:\\\/\\\/step-lab.com\\\/de\\\/#organization\",\"name\":\"STEP Lab\",\"url\":\"https:\\\/\\\/step-lab.com\\\/de\\\/\",\"logo\":{\"@type\":\"ImageObject\",\"inLanguage\":\"de\",\"@id\":\"https:\\\/\\\/step-lab.com\\\/de\\\/#\\\/schema\\\/logo\\\/image\\\/\",\"url\":\"https:\\\/\\\/step-lab.com\\\/wp-content\\\/uploads\\\/2022\\\/08\\\/STEP-Lab-logoclaim-1.png\",\"contentUrl\":\"https:\\\/\\\/step-lab.com\\\/wp-content\\\/uploads\\\/2022\\\/08\\\/STEP-Lab-logoclaim-1.png\",\"width\":4316,\"height\":1395,\"caption\":\"STEP Lab\"},\"image\":{\"@id\":\"https:\\\/\\\/step-lab.com\\\/de\\\/#\\\/schema\\\/logo\\\/image\\\/\"},\"sameAs\":[\"https:\\\/\\\/www.facebook.com\\\/step.lab.macchine\\\/\",\"https:\\\/\\\/it.linkedin.com\\\/company\\\/step-lab\",\"https:\\\/\\\/www.youtube.com\\\/c\\\/STEPLab\",\"https:\\\/\\\/www.instagram.com\\\/step__lab\\\/?hl=it\"]}]}<\/script>\n<!-- \/ Yoast SEO Premium plugin. -->","yoast_head_json":{"title":"Kundenbetreuung - STEP Lab","description":"Informieren Sie sich \u00fcber unsere Kundendienstleistungen, einschlie\u00dflich der Wartung von STEP Lab-Pr\u00fcfmaschinen und auch von Anlagen konkurrierender Marken.","robots":{"index":"index","follow":"follow","max-snippet":"max-snippet:-1","max-image-preview":"max-image-preview:large","max-video-preview":"max-video-preview:-1"},"canonical":"https:\/\/step-lab.com\/de\/maintenance\/","og_locale":"de_DE","og_type":"article","og_title":"Kundenbetreuung","og_description":"Informieren Sie sich \u00fcber unsere Kundendienstleistungen, einschlie\u00dflich der Wartung von STEP Lab-Pr\u00fcfmaschinen und auch von Anlagen konkurrierender Marken.","og_url":"https:\/\/step-lab.com\/de\/maintenance\/","og_site_name":"STEP Lab","article_publisher":"https:\/\/www.facebook.com\/step.lab.macchine\/","article_modified_time":"2024-03-11T11:27:00+00:00","og_image":[{"width":920,"height":1030,"url":"https:\/\/step-lab.com\/wp-content\/uploads\/2022\/06\/Manutenzione-1-920x1030.png","type":"image\/png"}],"twitter_card":"summary_large_image","twitter_misc":{"Gesch\u00e4tzte Lesezeit":"2\u00a0Minuten"},"schema":{"@context":"https:\/\/schema.org","@graph":[{"@type":"WebPage","@id":"https:\/\/step-lab.com\/de\/maintenance\/","url":"https:\/\/step-lab.com\/de\/maintenance\/","name":"Kundenbetreuung - STEP Lab","isPartOf":{"@id":"https:\/\/step-lab.com\/de\/#website"},"primaryImageOfPage":{"@id":"https:\/\/step-lab.com\/de\/maintenance\/#primaryimage"},"image":{"@id":"https:\/\/step-lab.com\/de\/maintenance\/#primaryimage"},"thumbnailUrl":"https:\/\/step-lab.com\/wp-content\/uploads\/2022\/06\/Manutenzione-1.png","datePublished":"2022-03-29T09:50:49+00:00","dateModified":"2024-03-11T11:27:00+00:00","description":"Informieren Sie sich \u00fcber unsere Kundendienstleistungen, einschlie\u00dflich der Wartung von STEP Lab-Pr\u00fcfmaschinen und auch von Anlagen konkurrierender Marken.","breadcrumb":{"@id":"https:\/\/step-lab.com\/de\/maintenance\/#breadcrumb"},"inLanguage":"de","potentialAction":[{"@type":"ReadAction","target":["https:\/\/step-lab.com\/de\/maintenance\/"]}]},{"@type":"ImageObject","inLanguage":"de","@id":"https:\/\/step-lab.com\/de\/maintenance\/#primaryimage","url":"https:\/\/step-lab.com\/wp-content\/uploads\/2022\/06\/Manutenzione-1.png","contentUrl":"https:\/\/step-lab.com\/wp-content\/uploads\/2022\/06\/Manutenzione-1.png","width":1484,"height":1662},{"@type":"BreadcrumbList","@id":"https:\/\/step-lab.com\/de\/maintenance\/#breadcrumb","itemListElement":[{"@type":"ListItem","position":1,"name":"Home","item":"https:\/\/step-lab.com\/de\/elektrodynamische-maschinen-fuer-versuche-mechanik\/"},{"@type":"ListItem","position":2,"name":"Kundenbetreuung"}]},{"@type":"WebSite","@id":"https:\/\/step-lab.com\/de\/#website","url":"https:\/\/step-lab.com\/de\/","name":"Step Lab","description":"Testing machines","publisher":{"@id":"https:\/\/step-lab.com\/de\/#organization"},"potentialAction":[{"@type":"SearchAction","target":{"@type":"EntryPoint","urlTemplate":"https:\/\/step-lab.com\/de\/?s={search_term_string}"},"query-input":{"@type":"PropertyValueSpecification","valueRequired":true,"valueName":"search_term_string"}}],"inLanguage":"de"},{"@type":"Organization","@id":"https:\/\/step-lab.com\/de\/#organization","name":"STEP Lab","url":"https:\/\/step-lab.com\/de\/","logo":{"@type":"ImageObject","inLanguage":"de","@id":"https:\/\/step-lab.com\/de\/#\/schema\/logo\/image\/","url":"https:\/\/step-lab.com\/wp-content\/uploads\/2022\/08\/STEP-Lab-logoclaim-1.png","contentUrl":"https:\/\/step-lab.com\/wp-content\/uploads\/2022\/08\/STEP-Lab-logoclaim-1.png","width":4316,"height":1395,"caption":"STEP Lab"},"image":{"@id":"https:\/\/step-lab.com\/de\/#\/schema\/logo\/image\/"},"sameAs":["https:\/\/www.facebook.com\/step.lab.macchine\/","https:\/\/it.linkedin.com\/company\/step-lab","https:\/\/www.youtube.com\/c\/STEPLab","https:\/\/www.instagram.com\/step__lab\/?hl=it"]}]}},"_links":{"self":[{"href":"https:\/\/step-lab.com\/de\/wp-json\/wp\/v2\/pages\/74687","targetHints":{"allow":["GET"]}}],"collection":[{"href":"https:\/\/step-lab.com\/de\/wp-json\/wp\/v2\/pages"}],"about":[{"href":"https:\/\/step-lab.com\/de\/wp-json\/wp\/v2\/types\/page"}],"author":[{"embeddable":true,"href":"https:\/\/step-lab.com\/de\/wp-json\/wp\/v2\/users\/5"}],"replies":[{"embeddable":true,"href":"https:\/\/step-lab.com\/de\/wp-json\/wp\/v2\/comments?post=74687"}],"version-history":[{"count":53,"href":"https:\/\/step-lab.com\/de\/wp-json\/wp\/v2\/pages\/74687\/revisions"}],"predecessor-version":[{"id":107610,"href":"https:\/\/step-lab.com\/de\/wp-json\/wp\/v2\/pages\/74687\/revisions\/107610"}],"wp:featuredmedia":[{"embeddable":true,"href":"https:\/\/step-lab.com\/de\/wp-json\/wp\/v2\/media\/79586"}],"wp:attachment":[{"href":"https:\/\/step-lab.com\/de\/wp-json\/wp\/v2\/media?parent=74687"}],"curies":[{"name":"wp","href":"https:\/\/api.w.org\/{rel}","templated":true}]}}