{"id":77567,"date":"2022-05-09T18:01:18","date_gmt":"2022-05-09T16:01:18","guid":{"rendered":"https:\/\/staging.step-lab.com\/"},"modified":"2025-07-24T12:49:58","modified_gmt":"2025-07-24T10:49:58","slug":"en-standard-de","status":"publish","type":"page","link":"https:\/\/step-lab.com\/de\/en-standard-de\/","title":{"rendered":"EN"},"content":{"rendered":"\n<style type=\"text\/css\" data-created_by=\"avia_inline_auto\" id=\"style-css-av-lpkxobdj-7fb55e2102d9a55ba69ca8b30b219e71\">\n.avia-section.av-lpkxobdj-7fb55e2102d9a55ba69ca8b30b219e71{\nbackground-repeat:no-repeat;\nbackground-image:url(https:\/\/step-lab.com\/wp-content\/uploads\/2023\/11\/test-standards.jpg);\nbackground-position:0% 0%;\nbackground-attachment:scroll;\n}\n.avia-section.av-lpkxobdj-7fb55e2102d9a55ba69ca8b30b219e71 .av-section-color-overlay{\nopacity:0.7;\nbackground-color:#0a0a0a;\n}\n<\/style>\n<div id='av_section_1'  class='avia-section av-lpkxobdj-7fb55e2102d9a55ba69ca8b30b219e71 main_color avia-section-default avia-no-border-styling  avia-builder-el-0  el_before_av_one_fifth  avia-builder-el-first  avia-full-stretch avia-bg-style-scroll av-section-color-overlay-active av-minimum-height av-minimum-height-custom av-height-custom  container_wrap fullsize'  data-section-bg-repeat='stretch' data-av_minimum_height_px='300'><div class=\"av-section-color-overlay-wrap\"><div class=\"av-section-color-overlay\"><\/div><div class='container av-section-cont-open' style='height:300px'><main  role=\"main\" itemprop=\"mainContentOfPage\"  class='template-page content  av-content-full alpha units'><div class='post-entry post-entry-type-page post-entry-77567'><div class='entry-content-wrapper clearfix'>\n\n<style type=\"text\/css\" data-created_by=\"avia_inline_auto\" id=\"style-css-av-lh5y3d04-3f43b2ebe4066c39ffd13103eac8a266\">\n#top .av_textblock_section.av-lh5y3d04-3f43b2ebe4066c39ffd13103eac8a266 .avia_textblock{\ncolor:#ffffff;\n}\n<\/style>\n<section  class='av_textblock_section av-lh5y3d04-3f43b2ebe4066c39ffd13103eac8a266 '   itemscope=\"itemscope\" itemtype=\"https:\/\/schema.org\/CreativeWork\" ><div class='avia_textblock av_inherit_color'  itemprop=\"text\" ><h1 style=\"text-align: center;\">STANDARD EN<\/h1>\n<\/div><\/section>\n<\/div><\/div><\/main><!-- close content main element --><\/div><\/div><\/div><div id='after_section_1'  class='main_color av_default_container_wrap container_wrap fullsize'  ><div class='container av-section-cont-open' ><div class='template-page content  av-content-full alpha units'><div class='post-entry post-entry-type-page post-entry-77567'><div class='entry-content-wrapper clearfix'>\n<div  class='flex_column av-299tqmw-7d8c3df5058b67a70b318ac60b3d3c8b av_one_fifth  avia-builder-el-2  el_after_av_section  el_before_av_three_fifth  avia-builder-el-first  first flex_column_div  '     ><\/div>\n<div  class='flex_column av-1k0kjko-39018bd28a801c24c6256c8816166c0c av_three_fifth  avia-builder-el-3  el_after_av_one_fifth  el_before_av_one_fifth  flex_column_div  '     ><p>\n<style type=\"text\/css\" data-created_by=\"avia_inline_auto\" id=\"style-css-av-li2rk6cl-e0fc515c19e9173d26ef3d763b9c7d94\">\n#top .hr.hr-invisible.av-li2rk6cl-e0fc515c19e9173d26ef3d763b9c7d94{\nheight:20px;\n}\n<\/style>\n<div  class='hr av-li2rk6cl-e0fc515c19e9173d26ef3d763b9c7d94 hr-invisible  avia-builder-el-4  el_before_av_textblock  avia-builder-el-first '><span class='hr-inner '><span class=\"hr-inner-style\"><\/span><\/span><\/div><br \/>\n\n<style type=\"text\/css\" data-created_by=\"avia_inline_auto\" id=\"style-css-av-li2rl5gl-965a7e0e2defa6588ec5e56fdcae82dd\">\n#top .av_textblock_section.av-li2rl5gl-965a7e0e2defa6588ec5e56fdcae82dd .avia_textblock{\nfont-size:18px;\n}\n<\/style>\n<section  class='av_textblock_section av-li2rl5gl-965a7e0e2defa6588ec5e56fdcae82dd '   itemscope=\"itemscope\" itemtype=\"https:\/\/schema.org\/CreativeWork\" ><div class='avia_textblock'  itemprop=\"text\" ><p><strong>EN<\/strong> (Europ\u00e4ische Norm) ist ein System von technischen Normen, das vom Europ\u00e4ischen Komitee f\u00fcr Normung (CEN) entwickelt wurde. Sie bietet einen harmonisierten Rahmen f\u00fcr Produktspezifikationen, Pr\u00fcfverfahren und Leistungsanforderungen in den europ\u00e4ischen L\u00e4ndern. Mit einem umfassenden Normenwerk, das mehrere Branchen abdeckt, bietet die Verwendung von EN-Normen zahlreiche Vorteile. Dazu geh\u00f6ren die F\u00f6rderung des Marktzugangs und des Handels innerhalb der EU, die Gew\u00e4hrleistung von Produktsicherheit und -leistung, die Erleichterung der Einhaltung von Vorschriften sowie die F\u00f6rderung von Innovation und Wettbewerbsf\u00e4higkeit.<\/p>\n<p>Nachstehend finden Sie eine numerische Liste der EN-Normen, aufgeschl\u00fcsselt nach spezifischen Anwendungen oder Industriezweigen.<\/p>\n<\/div><\/section><br \/>\n<div  class='hr av-163dujc-4c241e816f7510553f7f8136a74e540c hr-default  avia-builder-el-6  el_after_av_textblock  el_before_av_textblock '><span class='hr-inner '><span class=\"hr-inner-style\"><\/span><\/span><\/div><br \/>\n<section  class='av_textblock_section av-kxej78vy-216b1348cb33edb345c002bc3fb8d3cd '   itemscope=\"itemscope\" itemtype=\"https:\/\/schema.org\/CreativeWork\" ><div class='avia_textblock'  itemprop=\"text\" ><h2>PR\u00dcFNORMEN F\u00dcR VERBUNDWERKSTOFFE<\/h2>\n<\/div><\/section><br \/>\n\n<style type=\"text\/css\" data-created_by=\"avia_inline_auto\" id=\"style-css-av-1a77s1k-153efb5fd80effd8056ade7883394ef4\">\n#top .hr.hr-invisible.av-1a77s1k-153efb5fd80effd8056ade7883394ef4{\nheight:20px;\n}\n<\/style>\n<div  class='hr av-1a77s1k-153efb5fd80effd8056ade7883394ef4 hr-invisible  avia-builder-el-8  el_after_av_textblock  el_before_av_textblock '><span class='hr-inner '><span class=\"hr-inner-style\"><\/span><\/span><\/div><br \/>\n\n<style type=\"text\/css\" data-created_by=\"avia_inline_auto\" id=\"style-css-av-kxej67dm-7ef6f9e19f81dd5758058a4f224ebbe8\">\n#top .av_textblock_section.av-kxej67dm-7ef6f9e19f81dd5758058a4f224ebbe8 .avia_textblock{\nfont-size:18px;\n}\n<\/style>\n<section  class='av_textblock_section av-kxej67dm-7ef6f9e19f81dd5758058a4f224ebbe8 '   itemscope=\"itemscope\" itemtype=\"https:\/\/schema.org\/CreativeWork\" ><div class='avia_textblock'  itemprop=\"text\" ><table>\n<tbody>\n<tr>\n<th>Standard<\/th>\n<th>Beschreibung<\/th>\n<\/tr>\n<tr>\n<td>EN 2377<\/td>\n<td>Scheinbare interlaminare Scherfestigkeit von glasfaserverst\u00e4rktem Kunststoff<\/td>\n<\/tr>\n<tr>\n<td>EN 2561<\/td>\n<td>Zugfestigkeitseigenschaften parallel zur Faserrichtung von unidirektional kohlenstofffaserverst\u00e4rkten Kunststoffen<\/td>\n<\/tr>\n<tr>\n<td>EN 2562<\/td>\n<td>Unidirektionaler Biegeversuch an kohlenstofffaserverst\u00e4rktem Kunststoff parallel zur Faserrichtung<\/td>\n<\/tr>\n<tr>\n<td>EN 2597<\/td>\n<td>Zugfestigkeitseigenschaften senkrecht zur Faserrichtung von unidirektional kohlenstofffaserverst\u00e4rkten Kunststoffen<\/td>\n<\/tr>\n<tr>\n<td>EN 2746<\/td>\n<td>Dreipunkt-Biegepr\u00fcfung von glasfaserverst\u00e4rktem Kunststoff<\/td>\n<\/tr>\n<tr>\n<td>EN 6031<\/td>\n<td>Bestimmung der Scherungseigenschaften in der Ebene<\/td>\n<\/tr>\n<\/tbody>\n<\/table>\n<\/div><\/section><br \/>\n<div  class='hr av-m65a1kdo-77263de9f35fbfbd9f8eef683ab81446 hr-default  avia-builder-el-10  el_after_av_textblock  el_before_av_textblock '><span class='hr-inner '><span class=\"hr-inner-style\"><\/span><\/span><\/div><br \/>\n<section  class='av_textblock_section av-m65a5d9l-a5377cecdfc3da123069f67809c6095a '   itemscope=\"itemscope\" itemtype=\"https:\/\/schema.org\/CreativeWork\" ><div class='avia_textblock'  itemprop=\"text\" ><h2>PR\u00dcFNORMEN DER EISENBAHNINDUSTRIE<br \/><\/h2>\n<\/div><\/section><br \/>\n\n<style type=\"text\/css\" data-created_by=\"avia_inline_auto\" id=\"style-css-av-ucysu0-1bbd5d2b5adaa0fb8e38782b9c0cfc4a\">\n#top .hr.hr-invisible.av-ucysu0-1bbd5d2b5adaa0fb8e38782b9c0cfc4a{\nheight:20px;\n}\n<\/style>\n<div  class='hr av-ucysu0-1bbd5d2b5adaa0fb8e38782b9c0cfc4a hr-invisible  avia-builder-el-12  el_after_av_textblock  el_before_av_textblock '><span class='hr-inner '><span class=\"hr-inner-style\"><\/span><\/span><\/div><br \/>\n\n<style type=\"text\/css\" data-created_by=\"avia_inline_auto\" id=\"style-css-av-m65a5pun-6c66c6ccc411dd910f5ad57ae394bbcd\">\n#top .av_textblock_section.av-m65a5pun-6c66c6ccc411dd910f5ad57ae394bbcd .avia_textblock{\nfont-size:18px;\n}\n<\/style>\n<section  class='av_textblock_section av-m65a5pun-6c66c6ccc411dd910f5ad57ae394bbcd '   itemscope=\"itemscope\" itemtype=\"https:\/\/schema.org\/CreativeWork\" ><div class='avia_textblock'  itemprop=\"text\" ><table>\n<tbody>\n<tr>\n<td><a href=\"https:\/\/step-lab.com\/de\/en-standard-de\/en-16730\/\"> EN 16730<\/a><\/td>\n<td><a href=\"https:\/\/step-lab.com\/de\/en-standard-de\/en-16730\/\"> Bahnanwendungen &#8211; Gleis &#8211; Betonschwellen und Schwellen mit Schwelleneinlagen<br \/><\/a><\/td>\n<\/tr>\n<\/tbody>\n<\/table>\n<\/div><\/section><\/p><\/div><div  class='flex_column av-ky75mg-75d886b17658eade511f0507816bb858 av_one_fifth  avia-builder-el-14  el_after_av_three_fifth  avia-builder-el-last  flex_column_div  '     ><\/div><\/p>\n","protected":false},"excerpt":{"rendered":"","protected":false},"author":5,"featured_media":0,"parent":0,"menu_order":0,"comment_status":"closed","ping_status":"closed","template":"","meta":{"_acf_changed":false,"footnotes":""},"class_list":["post-77567","page","type-page","status-publish","hentry"],"acf":[],"yoast_head":"<!-- This site is optimized with the Yoast SEO Premium plugin v27.3 (Yoast SEO v27.3) - https:\/\/yoast.com\/product\/yoast-seo-premium-wordpress\/ -->\n<title>Standard EN - STEP Lab<\/title>\n<meta name=\"description\" content=\"STEP Lab bietet spezielle Pr\u00fcfmaschinen und Software f\u00fcr die Pr\u00fcfung nach EN (Europ\u00e4ische Normen).\" \/>\n<meta name=\"robots\" content=\"index, follow, max-snippet:-1, max-image-preview:large, max-video-preview:-1\" \/>\n<link rel=\"canonical\" href=\"https:\/\/step-lab.com\/de\/en-standard-de\/\" \/>\n<meta property=\"og:locale\" content=\"de_DE\" \/>\n<meta property=\"og:type\" content=\"article\" \/>\n<meta property=\"og:title\" content=\"EN\" \/>\n<meta property=\"og:description\" content=\"STEP Lab bietet spezielle Pr\u00fcfmaschinen und Software f\u00fcr die Pr\u00fcfung nach EN (Europ\u00e4ische Normen).\" \/>\n<meta property=\"og:url\" content=\"https:\/\/step-lab.com\/de\/en-standard-de\/\" \/>\n<meta property=\"og:site_name\" content=\"STEP Lab\" \/>\n<meta property=\"article:publisher\" content=\"https:\/\/www.facebook.com\/step.lab.macchine\/\" \/>\n<meta property=\"article:modified_time\" content=\"2025-07-24T10:49:58+00:00\" \/>\n<meta name=\"twitter:card\" content=\"summary_large_image\" \/>\n<meta name=\"twitter:label1\" content=\"Gesch\u00e4tzte Lesezeit\" \/>\n\t<meta name=\"twitter:data1\" content=\"2\u00a0Minuten\" \/>\n<script type=\"application\/ld+json\" class=\"yoast-schema-graph\">{\"@context\":\"https:\\\/\\\/schema.org\",\"@graph\":[{\"@type\":\"WebPage\",\"@id\":\"https:\\\/\\\/step-lab.com\\\/de\\\/en-standard-de\\\/\",\"url\":\"https:\\\/\\\/step-lab.com\\\/de\\\/en-standard-de\\\/\",\"name\":\"Standard EN - STEP Lab\",\"isPartOf\":{\"@id\":\"https:\\\/\\\/step-lab.com\\\/de\\\/#website\"},\"datePublished\":\"2022-05-09T16:01:18+00:00\",\"dateModified\":\"2025-07-24T10:49:58+00:00\",\"description\":\"STEP Lab bietet spezielle Pr\u00fcfmaschinen und Software f\u00fcr die Pr\u00fcfung nach EN (Europ\u00e4ische Normen).\",\"breadcrumb\":{\"@id\":\"https:\\\/\\\/step-lab.com\\\/de\\\/en-standard-de\\\/#breadcrumb\"},\"inLanguage\":\"de\",\"potentialAction\":[{\"@type\":\"ReadAction\",\"target\":[\"https:\\\/\\\/step-lab.com\\\/de\\\/en-standard-de\\\/\"]}]},{\"@type\":\"BreadcrumbList\",\"@id\":\"https:\\\/\\\/step-lab.com\\\/de\\\/en-standard-de\\\/#breadcrumb\",\"itemListElement\":[{\"@type\":\"ListItem\",\"position\":1,\"name\":\"Home\",\"item\":\"https:\\\/\\\/step-lab.com\\\/de\\\/elektrodynamische-maschinen-fuer-versuche-mechanik\\\/\"},{\"@type\":\"ListItem\",\"position\":2,\"name\":\"EN\"}]},{\"@type\":\"WebSite\",\"@id\":\"https:\\\/\\\/step-lab.com\\\/de\\\/#website\",\"url\":\"https:\\\/\\\/step-lab.com\\\/de\\\/\",\"name\":\"Step Lab\",\"description\":\"Testing machines\",\"publisher\":{\"@id\":\"https:\\\/\\\/step-lab.com\\\/de\\\/#organization\"},\"potentialAction\":[{\"@type\":\"SearchAction\",\"target\":{\"@type\":\"EntryPoint\",\"urlTemplate\":\"https:\\\/\\\/step-lab.com\\\/de\\\/?s={search_term_string}\"},\"query-input\":{\"@type\":\"PropertyValueSpecification\",\"valueRequired\":true,\"valueName\":\"search_term_string\"}}],\"inLanguage\":\"de\"},{\"@type\":\"Organization\",\"@id\":\"https:\\\/\\\/step-lab.com\\\/de\\\/#organization\",\"name\":\"STEP Lab\",\"url\":\"https:\\\/\\\/step-lab.com\\\/de\\\/\",\"logo\":{\"@type\":\"ImageObject\",\"inLanguage\":\"de\",\"@id\":\"https:\\\/\\\/step-lab.com\\\/de\\\/#\\\/schema\\\/logo\\\/image\\\/\",\"url\":\"https:\\\/\\\/step-lab.com\\\/wp-content\\\/uploads\\\/2022\\\/08\\\/STEP-Lab-logoclaim-1.png\",\"contentUrl\":\"https:\\\/\\\/step-lab.com\\\/wp-content\\\/uploads\\\/2022\\\/08\\\/STEP-Lab-logoclaim-1.png\",\"width\":4316,\"height\":1395,\"caption\":\"STEP Lab\"},\"image\":{\"@id\":\"https:\\\/\\\/step-lab.com\\\/de\\\/#\\\/schema\\\/logo\\\/image\\\/\"},\"sameAs\":[\"https:\\\/\\\/www.facebook.com\\\/step.lab.macchine\\\/\",\"https:\\\/\\\/it.linkedin.com\\\/company\\\/step-lab\",\"https:\\\/\\\/www.youtube.com\\\/c\\\/STEPLab\",\"https:\\\/\\\/www.instagram.com\\\/step__lab\\\/?hl=it\"]}]}<\/script>\n<!-- \/ Yoast SEO Premium plugin. -->","yoast_head_json":{"title":"Standard EN - STEP Lab","description":"STEP Lab bietet spezielle Pr\u00fcfmaschinen und Software f\u00fcr die Pr\u00fcfung nach EN (Europ\u00e4ische Normen).","robots":{"index":"index","follow":"follow","max-snippet":"max-snippet:-1","max-image-preview":"max-image-preview:large","max-video-preview":"max-video-preview:-1"},"canonical":"https:\/\/step-lab.com\/de\/en-standard-de\/","og_locale":"de_DE","og_type":"article","og_title":"EN","og_description":"STEP Lab bietet spezielle Pr\u00fcfmaschinen und Software f\u00fcr die Pr\u00fcfung nach EN (Europ\u00e4ische Normen).","og_url":"https:\/\/step-lab.com\/de\/en-standard-de\/","og_site_name":"STEP Lab","article_publisher":"https:\/\/www.facebook.com\/step.lab.macchine\/","article_modified_time":"2025-07-24T10:49:58+00:00","twitter_card":"summary_large_image","twitter_misc":{"Gesch\u00e4tzte Lesezeit":"2\u00a0Minuten"},"schema":{"@context":"https:\/\/schema.org","@graph":[{"@type":"WebPage","@id":"https:\/\/step-lab.com\/de\/en-standard-de\/","url":"https:\/\/step-lab.com\/de\/en-standard-de\/","name":"Standard EN - STEP Lab","isPartOf":{"@id":"https:\/\/step-lab.com\/de\/#website"},"datePublished":"2022-05-09T16:01:18+00:00","dateModified":"2025-07-24T10:49:58+00:00","description":"STEP Lab bietet spezielle Pr\u00fcfmaschinen und Software f\u00fcr die Pr\u00fcfung nach EN (Europ\u00e4ische Normen).","breadcrumb":{"@id":"https:\/\/step-lab.com\/de\/en-standard-de\/#breadcrumb"},"inLanguage":"de","potentialAction":[{"@type":"ReadAction","target":["https:\/\/step-lab.com\/de\/en-standard-de\/"]}]},{"@type":"BreadcrumbList","@id":"https:\/\/step-lab.com\/de\/en-standard-de\/#breadcrumb","itemListElement":[{"@type":"ListItem","position":1,"name":"Home","item":"https:\/\/step-lab.com\/de\/elektrodynamische-maschinen-fuer-versuche-mechanik\/"},{"@type":"ListItem","position":2,"name":"EN"}]},{"@type":"WebSite","@id":"https:\/\/step-lab.com\/de\/#website","url":"https:\/\/step-lab.com\/de\/","name":"Step Lab","description":"Testing machines","publisher":{"@id":"https:\/\/step-lab.com\/de\/#organization"},"potentialAction":[{"@type":"SearchAction","target":{"@type":"EntryPoint","urlTemplate":"https:\/\/step-lab.com\/de\/?s={search_term_string}"},"query-input":{"@type":"PropertyValueSpecification","valueRequired":true,"valueName":"search_term_string"}}],"inLanguage":"de"},{"@type":"Organization","@id":"https:\/\/step-lab.com\/de\/#organization","name":"STEP Lab","url":"https:\/\/step-lab.com\/de\/","logo":{"@type":"ImageObject","inLanguage":"de","@id":"https:\/\/step-lab.com\/de\/#\/schema\/logo\/image\/","url":"https:\/\/step-lab.com\/wp-content\/uploads\/2022\/08\/STEP-Lab-logoclaim-1.png","contentUrl":"https:\/\/step-lab.com\/wp-content\/uploads\/2022\/08\/STEP-Lab-logoclaim-1.png","width":4316,"height":1395,"caption":"STEP Lab"},"image":{"@id":"https:\/\/step-lab.com\/de\/#\/schema\/logo\/image\/"},"sameAs":["https:\/\/www.facebook.com\/step.lab.macchine\/","https:\/\/it.linkedin.com\/company\/step-lab","https:\/\/www.youtube.com\/c\/STEPLab","https:\/\/www.instagram.com\/step__lab\/?hl=it"]}]}},"_links":{"self":[{"href":"https:\/\/step-lab.com\/de\/wp-json\/wp\/v2\/pages\/77567","targetHints":{"allow":["GET"]}}],"collection":[{"href":"https:\/\/step-lab.com\/de\/wp-json\/wp\/v2\/pages"}],"about":[{"href":"https:\/\/step-lab.com\/de\/wp-json\/wp\/v2\/types\/page"}],"author":[{"embeddable":true,"href":"https:\/\/step-lab.com\/de\/wp-json\/wp\/v2\/users\/5"}],"replies":[{"embeddable":true,"href":"https:\/\/step-lab.com\/de\/wp-json\/wp\/v2\/comments?post=77567"}],"version-history":[{"count":15,"href":"https:\/\/step-lab.com\/de\/wp-json\/wp\/v2\/pages\/77567\/revisions"}],"predecessor-version":[{"id":118670,"href":"https:\/\/step-lab.com\/de\/wp-json\/wp\/v2\/pages\/77567\/revisions\/118670"}],"wp:attachment":[{"href":"https:\/\/step-lab.com\/de\/wp-json\/wp\/v2\/media?parent=77567"}],"curies":[{"name":"wp","href":"https:\/\/api.w.org\/{rel}","templated":true}]}}