{"id":77596,"date":"2022-05-13T17:11:18","date_gmt":"2022-05-13T15:11:18","guid":{"rendered":"https:\/\/staging.step-lab.com\/iso\/"},"modified":"2025-07-31T10:06:09","modified_gmt":"2025-07-31T08:06:09","slug":"iso","status":"publish","type":"page","link":"https:\/\/step-lab.com\/de\/iso\/","title":{"rendered":"ISO"},"content":{"rendered":"\n<style type=\"text\/css\" data-created_by=\"avia_inline_auto\" id=\"style-css-av-lpl33rmx-c18b3891cb971f5f2df8071d64fb5c70\">\n.avia-section.av-lpl33rmx-c18b3891cb971f5f2df8071d64fb5c70{\nbackground-repeat:no-repeat;\nbackground-image:url(https:\/\/step-lab.com\/wp-content\/uploads\/2023\/11\/test-standards.jpg);\nbackground-position:0% 0%;\nbackground-attachment:scroll;\n}\n.avia-section.av-lpl33rmx-c18b3891cb971f5f2df8071d64fb5c70 .av-section-color-overlay{\nopacity:0.7;\nbackground-color:#0a0a0a;\n}\n<\/style>\n<div id='av_section_1'  class='avia-section av-lpl33rmx-c18b3891cb971f5f2df8071d64fb5c70 main_color avia-section-default avia-no-border-styling  avia-builder-el-0  el_before_av_one_fifth  avia-builder-el-first  avia-full-stretch avia-bg-style-scroll av-section-color-overlay-active av-minimum-height av-minimum-height-custom av-height-custom  container_wrap fullsize'  data-section-bg-repeat='stretch' data-av_minimum_height_px='300'><div class=\"av-section-color-overlay-wrap\"><div class=\"av-section-color-overlay\"><\/div><div class='container av-section-cont-open' style='height:300px'><main  role=\"main\" itemprop=\"mainContentOfPage\"  class='template-page content  av-content-full alpha units'><div class='post-entry post-entry-type-page post-entry-77596'><div class='entry-content-wrapper clearfix'>\n\n<style type=\"text\/css\" data-created_by=\"avia_inline_auto\" id=\"style-css-av-lh6bjlqs-b2d6e921c0326a40533b2dcea4e803ed\">\n#top .av_textblock_section.av-lh6bjlqs-b2d6e921c0326a40533b2dcea4e803ed .avia_textblock{\ncolor:#ffffff;\n}\n<\/style>\n<section  class='av_textblock_section av-lh6bjlqs-b2d6e921c0326a40533b2dcea4e803ed '   itemscope=\"itemscope\" itemtype=\"https:\/\/schema.org\/CreativeWork\" ><div class='avia_textblock av_inherit_color'  itemprop=\"text\" ><h1 style=\"text-align: center;\">ISO STANDARD<\/h1>\n<\/div><\/section>\n<\/div><\/div><\/main><!-- close content main element --><\/div><\/div><\/div><div id='after_section_1'  class='main_color av_default_container_wrap container_wrap fullsize'  ><div class='container av-section-cont-open' ><div class='template-page content  av-content-full alpha units'><div class='post-entry post-entry-type-page post-entry-77596'><div class='entry-content-wrapper clearfix'>\n<div  class='flex_column av-av_one_fifth-048119fdb636ea3d70edc0b975509c6c av_one_fifth  avia-builder-el-2  el_after_av_section  el_before_av_three_fifth  avia-builder-el-first  first flex_column_div  '     ><\/div>\n<div  class='flex_column av-av_three_fifth-feecfcc73494c68bb0d1632d1d5c38ae av_three_fifth  avia-builder-el-3  el_after_av_one_fifth  el_before_av_one_fifth  flex_column_div  '     ><p>\n<style type=\"text\/css\" data-created_by=\"avia_inline_auto\" id=\"style-css-av-li2rhg9c-e4b813a915e89f9b8a10b80ba6f2d7af\">\n#top .hr.hr-invisible.av-li2rhg9c-e4b813a915e89f9b8a10b80ba6f2d7af{\nheight:20px;\n}\n<\/style>\n<div  class='hr av-li2rhg9c-e4b813a915e89f9b8a10b80ba6f2d7af hr-invisible  avia-builder-el-4  el_before_av_textblock  avia-builder-el-first '><span class='hr-inner '><span class=\"hr-inner-style\"><\/span><\/span><\/div><br \/>\n\n<style type=\"text\/css\" data-created_by=\"avia_inline_auto\" id=\"style-css-av-li2rhrik-37112b0bd6b385a24a09b8f72fe1bd25\">\n#top .av_textblock_section.av-li2rhrik-37112b0bd6b385a24a09b8f72fe1bd25 .avia_textblock{\nfont-size:18px;\n}\n<\/style>\n<section  class='av_textblock_section av-li2rhrik-37112b0bd6b385a24a09b8f72fe1bd25 '   itemscope=\"itemscope\" itemtype=\"https:\/\/schema.org\/CreativeWork\" ><div class='avia_textblock'  itemprop=\"text\" ><p><strong>ISO<\/strong> (Internationale Organisation f\u00fcr Normung) ist eine weltweit anerkannte nichtstaatliche Organisation, die 1947 gegr\u00fcndet wurde. Sie entwickelt und ver\u00f6ffentlicht internationale Standards f\u00fcr verschiedene Produkte, Dienstleistungen und Systeme, um Qualit\u00e4t, Sicherheit und Effizienz in verschiedenen Branchen zu gew\u00e4hrleisten. Mit einer breiten Palette von Standards, die verschiedene Sektoren abdecken, ist die ISO eine wertvolle Ressource f\u00fcr Unternehmen weltweit. Einige der Vorteile der Verwendung von ISO-Standards sind: verbesserte organisatorische Leistung, erleichterter globaler Handel und Kompatibilit\u00e4t, verbesserte Produkt- und Dienstleistungsqualit\u00e4t sowie F\u00f6rderung von Umweltschutz und sozialer Verantwortung.<\/p>\n<p>Unten finden Sie eine numerisch geordnete Liste von ISO-Standards, die nach spezifischer Anwendung oder Branche kategorisiert sind.<\/p>\n<\/div><\/section><br \/>\n\n<style type=\"text\/css\" data-created_by=\"avia_inline_auto\" id=\"style-css-av-luv52dj5-69b315807625594ddfc9dae248c0c359\">\n#top .av_textblock_section.av-luv52dj5-69b315807625594ddfc9dae248c0c359 .avia_textblock{\nfont-size:18px;\n}\n<\/style>\n<section  class='av_textblock_section av-luv52dj5-69b315807625594ddfc9dae248c0c359 '   itemscope=\"itemscope\" itemtype=\"https:\/\/schema.org\/CreativeWork\" ><div class='avia_textblock'  itemprop=\"text\" ><ul>\n<li><a href=\"#composite\">Pr\u00fcfnormen f\u00fcr Verbundwerkstoffe<\/a><\/li>\n<li><a href=\"#plastic\">Pr\u00fcfnormen f\u00fcr Kunststoffmaterialien<\/a><\/li>\n<li><a href=\"#metal\">Pr\u00fcfnormen f\u00fcr metallische Werkstoffe<\/a><\/li>\n<li><a href=\"#biomedical\">Pr\u00fcfnormen im Bereich Biomedizin<\/a><\/li>\n<li><a href=\"#bike\">Pr\u00fcfnormen im Bereich Fahrrad<\/a><\/li>\n<\/ul>\n<\/div><\/section><br \/>\n<div  class='hr av-av_hr-91d7ccd583a503147498e120fee2ff9b hr-default  avia-builder-el-7  el_after_av_textblock  el_before_av_textblock '><span class='hr-inner '><span class=\"hr-inner-style\"><\/span><\/span><\/div><br \/>\n<section  class='av_textblock_section av-kxej78vy-9c28e2d4508c025a5d26efdcdb360c75 '   itemscope=\"itemscope\" itemtype=\"https:\/\/schema.org\/CreativeWork\" ><div class='avia_textblock'  itemprop=\"text\" ><h2 id=\"composite\">PR\u00dcFNORMEN F\u00dcR VERBUNDWERKSTOFFE<\/h2>\n<\/div><\/section><br \/>\n\n<style type=\"text\/css\" data-created_by=\"avia_inline_auto\" id=\"style-css-av-kxej7j0j-fb9500a8e57e04f457f48ebc1be636c2\">\n#top .hr.hr-invisible.av-kxej7j0j-fb9500a8e57e04f457f48ebc1be636c2{\nheight:60px;\n}\n<\/style>\n<div  class='hr av-kxej7j0j-fb9500a8e57e04f457f48ebc1be636c2 hr-invisible  avia-builder-el-9  el_after_av_textblock  el_before_av_textblock '><span class='hr-inner '><span class=\"hr-inner-style\"><\/span><\/span><\/div><br \/>\n\n<style type=\"text\/css\" data-created_by=\"avia_inline_auto\" id=\"style-css-av-kxej67dm-7ef6f9e19f81dd5758058a4f224ebbe8\">\n#top .av_textblock_section.av-kxej67dm-7ef6f9e19f81dd5758058a4f224ebbe8 .avia_textblock{\nfont-size:18px;\n}\n<\/style>\n<section  class='av_textblock_section av-kxej67dm-7ef6f9e19f81dd5758058a4f224ebbe8 '   itemscope=\"itemscope\" itemtype=\"https:\/\/schema.org\/CreativeWork\" ><div class='avia_textblock'  itemprop=\"text\" ><table>\n<tbody>\n<tr>\n<th style=\"width: 20%;\">ISO Standard<\/th>\n<th>Description<\/th>\n<\/tr>\n<tr>\n<td>ISO 527-4<\/td>\n<td>Zugeigenschaften von isotropen und orthotropen faserverst\u00e4rkten Kunststoffverbundwerkstoffen<\/td>\n<\/tr>\n<tr>\n<td>ISO 527-5<\/td>\n<td>Zugeigenschaften von unidirektionalen faserverst\u00e4rkten Kunststoffverbunden<\/td>\n<\/tr>\n<tr>\n<td>ISO 14125<\/td>\n<td>Biegeeigenschaften von faserverst\u00e4rkten Kunststoffverbundwerkstoffen<\/td>\n<\/tr>\n<tr>\n<td><a href=\"https:\/\/step-lab.com\/de\/iso\/iso-14126\/\">ISO 14126<\/a><\/td>\n<td>Druckeigenschaften in der Ebene von faserverst\u00e4rkten Kunststoffverbundwerkstoffen<\/td>\n<\/tr>\n<tr>\n<td>ISO 14129<\/td>\n<td>Scher-\/Schubspannungsverhalten von faserverst\u00e4rkten Kunststoffverbundwerkstoffen in der Ebene<\/td>\n<\/tr>\n<tr>\n<td>ISO 14130<\/td>\n<td>Faserverst\u00e4rkte Kunststoffverbundwerkstoffe<\/td>\n<\/tr>\n<\/tbody>\n<\/table>\n<\/div><\/section><br \/>\n<div  class='hr av-av_hr-91d7ccd583a503147498e120fee2ff9b hr-default  avia-builder-el-11  el_after_av_textblock  el_before_av_textblock '><span class='hr-inner '><span class=\"hr-inner-style\"><\/span><\/span><\/div><br \/>\n<section  class='av_textblock_section av-kxej78vy-9c28e2d4508c025a5d26efdcdb360c75 '   itemscope=\"itemscope\" itemtype=\"https:\/\/schema.org\/CreativeWork\" ><div class='avia_textblock'  itemprop=\"text\" ><h2 id=\"plastic\">PR\u00dcFNORMEN F\u00dcR KUNSTSTOFFMATERIALIEN<\/h2>\n<\/div><\/section><br \/>\n\n<style type=\"text\/css\" data-created_by=\"avia_inline_auto\" id=\"style-css-av-kxej7j0j-fb9500a8e57e04f457f48ebc1be636c2\">\n#top .hr.hr-invisible.av-kxej7j0j-fb9500a8e57e04f457f48ebc1be636c2{\nheight:60px;\n}\n<\/style>\n<div  class='hr av-kxej7j0j-fb9500a8e57e04f457f48ebc1be636c2 hr-invisible  avia-builder-el-13  el_after_av_textblock  el_before_av_textblock '><span class='hr-inner '><span class=\"hr-inner-style\"><\/span><\/span><\/div><br \/>\n\n<style type=\"text\/css\" data-created_by=\"avia_inline_auto\" id=\"style-css-av-kxej67dm-7ef6f9e19f81dd5758058a4f224ebbe8\">\n#top .av_textblock_section.av-kxej67dm-7ef6f9e19f81dd5758058a4f224ebbe8 .avia_textblock{\nfont-size:18px;\n}\n<\/style>\n<section  class='av_textblock_section av-kxej67dm-7ef6f9e19f81dd5758058a4f224ebbe8 '   itemscope=\"itemscope\" itemtype=\"https:\/\/schema.org\/CreativeWork\" ><div class='avia_textblock'  itemprop=\"text\" ><table>\n<thead>\n<tr>\n<th>ISO-Norm<\/th>\n<th>Beschreibung<\/th>\n<\/tr>\n<\/thead>\n<tbody>\n<tr>\n<td><a href=\"https:\/\/step-lab.com\/de\/iso\/iso-178\/\">ISO 178<\/a><\/td>\n<td>Bestimmung der Biegeeigenschaften (Biegeversuch an Kunststoffen)<\/td>\n<\/tr>\n<tr>\n<td><a href=\"https:\/\/step-lab.com\/de\/iso\/iso-179-1-iso-179-2\/\">ISO 179-1, ISO 179-2<\/a><\/td>\n<td>Bestimmung der Eigenschaften im Charpy-Schlagversuch<\/td>\n<\/tr>\n<tr>\n<td><a href=\"https:\/\/step-lab.com\/de\/iso\/iso-527-2\/\">ISO 527-2<\/a><\/td>\n<td>Bestimmung der Zugeigenschaften \u2013 Teil 2: Pr\u00fcfbedingungen f\u00fcr Spritzguss- und Extrusionskunststoffe<\/td>\n<\/tr>\n<tr>\n<td><a href=\"https:\/\/step-lab.com\/de\/iso\/iso-527-3\/\">ISO 527-3<\/a><\/td>\n<td>Bestimmung der Zugeigenschaften \u2013 Teil 3: Pr\u00fcfbedingungen f\u00fcr Folien und Platten<\/td>\n<\/tr>\n<tr>\n<td>ISO 527-4<\/td>\n<td>Zugeigenschaften von faserverst\u00e4rkten, isotropen und orthotropen Kunststoffen<\/td>\n<\/tr>\n<tr>\n<td>ISO 604<\/td>\n<td>Bestimmung der Druckeigenschaften<\/td>\n<\/tr>\n<tr>\n<td><a href=\"https:\/\/step-lab.com\/de\/iso\/iso-2439\/\">ISO 2439<\/a><\/td>\n<td>Eindr\u00fcckh\u00e4rtepr\u00fcfung von flexiblen Schaumkunststoffen<\/td>\n<\/tr>\n<tr>\n<td><a href=\"https:\/\/step-lab.com\/de\/iso\/iso-3385\/\">ISO 3385<\/a><\/td>\n<td>Erm\u00fcdungspr\u00fcfung durch wiederholte Schlagbeanspruchung bei konstanter Last<\/td>\n<\/tr>\n<tr>\n<td><a href=\"https:\/\/step-lab.com\/de\/iso\/iso-6603\/\">ISO 6603-1, ISO 6603-2<\/a><\/td>\n<td>Bestimmung des Durchsto\u00dfverhaltens von Kunststoffen bei Sto\u00dfbeanspruchung (nicht instrumentierte Pr\u00fcfungen),<br \/>\nBestimmung des Durchsto\u00dfverhaltens von Kunststoffen bei Sto\u00dfbeanspruchung (instrumentierte Pr\u00fcfungen)<\/td>\n<\/tr>\n<tr>\n<td>ISO 6721-5<\/td>\n<td>Bestimmung der dynamisch-mechanischen Eigenschaften (DMA) \u2013 Teil 5: Biegeschwingungen \u2013 Nichtresonanzverfahren<\/td>\n<\/tr>\n<tr>\n<td>ISO 6721-12<\/td>\n<td>Bestimmung der dynamisch-mechanischen Eigenschaften (DMA) \u2013 Teil 12: Druckschwingungen \u2013 Nichtresonanzverfahren<\/td>\n<\/tr>\n<tr>\n<td><a href=\"https:\/\/step-lab.com\/de\/iso\/iso-18489\/\">ISO 18489<\/a><\/td>\n<td>Bestimmung der Best\u00e4ndigkeit gegen langsames Risswachstum unter zyklischer Belastung \u2013 Pr\u00fcfverfahren mit gekerbtem Rundstab<\/td>\n<\/tr>\n<\/tbody>\n<\/table>\n<\/div><\/section><br \/>\n<div  class='hr av-av_hr-91d7ccd583a503147498e120fee2ff9b hr-default  avia-builder-el-15  el_after_av_textblock  el_before_av_textblock '><span class='hr-inner '><span class=\"hr-inner-style\"><\/span><\/span><\/div><br \/>\n<section  class='av_textblock_section av-kxej78vy-9c28e2d4508c025a5d26efdcdb360c75 '   itemscope=\"itemscope\" itemtype=\"https:\/\/schema.org\/CreativeWork\" ><div class='avia_textblock'  itemprop=\"text\" ><h2 id=\"metal\">PR\u00dcFNORMEN F\u00dcR METALLISCHE WERKSTOFFE<\/h2>\n<\/div><\/section><br \/>\n\n<style type=\"text\/css\" data-created_by=\"avia_inline_auto\" id=\"style-css-av-kxej7j0j-fb9500a8e57e04f457f48ebc1be636c2\">\n#top .hr.hr-invisible.av-kxej7j0j-fb9500a8e57e04f457f48ebc1be636c2{\nheight:60px;\n}\n<\/style>\n<div  class='hr av-kxej7j0j-fb9500a8e57e04f457f48ebc1be636c2 hr-invisible  avia-builder-el-17  el_after_av_textblock  el_before_av_textblock '><span class='hr-inner '><span class=\"hr-inner-style\"><\/span><\/span><\/div><br \/>\n\n<style type=\"text\/css\" data-created_by=\"avia_inline_auto\" id=\"style-css-av-kxej67dm-7ef6f9e19f81dd5758058a4f224ebbe8\">\n#top .av_textblock_section.av-kxej67dm-7ef6f9e19f81dd5758058a4f224ebbe8 .avia_textblock{\nfont-size:18px;\n}\n<\/style>\n<section  class='av_textblock_section av-kxej67dm-7ef6f9e19f81dd5758058a4f224ebbe8 '   itemscope=\"itemscope\" itemtype=\"https:\/\/schema.org\/CreativeWork\" ><div class='avia_textblock'  itemprop=\"text\" ><table>\n<tbody>\n<tr>\n<th style=\"width: 20%;\">ISO Standard<\/th>\n<th>Description<\/th>\n<\/tr>\n<tr>\n<td><a href=\"https:\/\/step-lab.com\/de\/iso\/iso-6892\/\">ISO 6892-1<\/a><\/td>\n<td>Zugpr\u00fcfung (Raumtemperatur)<\/td>\n<\/tr>\n<tr>\n<td><a href=\"https:\/\/step-lab.com\/de\/iso\/iso-6892\/\">ISO 6892-2<\/a><\/td>\n<td>Zugpr\u00fcfung (erh\u00f6hte Temperatur)<\/td>\n<\/tr>\n<tr>\n<td>ISO 7438<\/td>\n<td>Biegeversuche<\/td>\n<\/tr>\n<tr>\n<td>ISO 10113<\/td>\n<td>Bleche und B\u00e4nder &#8211; Bestimmung des plastischen Verformungsverh\u00e4ltnisses<\/td>\n<\/tr>\n<tr>\n<td>ISO 10275<\/td>\n<td>Bleche und B\u00e4nder &#8211; Bestimmung des Verfestigungsexponenten<\/td>\n<\/tr>\n<\/tbody>\n<\/table>\n<\/div><\/section><br \/>\n<div  class='hr av-av_hr-91d7ccd583a503147498e120fee2ff9b hr-default  avia-builder-el-19  el_after_av_textblock  el_before_av_textblock '><span class='hr-inner '><span class=\"hr-inner-style\"><\/span><\/span><\/div><br \/>\n<section  class='av_textblock_section av-lhoobwcy-7494c57a91f73320035fa7e6f2e7e983 '   itemscope=\"itemscope\" itemtype=\"https:\/\/schema.org\/CreativeWork\" ><div class='avia_textblock'  itemprop=\"text\" ><h2 id=\"biomedical\">PR\u00dcFNORMEN F\u00dcR DIE BIOMEDIZINISCHE INDUSTRIE<\/h2>\n<\/div><\/section><br \/>\n\n<style type=\"text\/css\" data-created_by=\"avia_inline_auto\" id=\"style-css-av-av_hr-aa06866dcc82bb31059ad60c9566b565\">\n#top .hr.hr-invisible.av-av_hr-aa06866dcc82bb31059ad60c9566b565{\nheight:60px;\n}\n<\/style>\n<div  class='hr av-av_hr-aa06866dcc82bb31059ad60c9566b565 hr-invisible  avia-builder-el-21  el_after_av_textblock  el_before_av_textblock '><span class='hr-inner '><span class=\"hr-inner-style\"><\/span><\/span><\/div><br \/>\n\n<style type=\"text\/css\" data-created_by=\"avia_inline_auto\" id=\"style-css-av-lhooa7kn-47edd8105e110dec0b236f691d26ecf4\">\n#top .av_textblock_section.av-lhooa7kn-47edd8105e110dec0b236f691d26ecf4 .avia_textblock{\nfont-size:18px;\n}\n<\/style>\n<section  class='av_textblock_section av-lhooa7kn-47edd8105e110dec0b236f691d26ecf4 '   itemscope=\"itemscope\" itemtype=\"https:\/\/schema.org\/CreativeWork\" ><div class='avia_textblock'  itemprop=\"text\" ><table>\n<tbody>\n<tr>\n<th style=\"width: 20%;\">ISO Standard<\/th>\n<th>Description<\/th>\n<\/tr>\n<tr>\n<td><a href=\"https:\/\/step-lab.com\/de\/iso\/iso-6872\/\">ISO 6872<\/a><\/td>\n<td>Zahnmedizin &#8211; Keramikmaterialien<\/td>\n<\/tr>\n<tr>\n<td><a href=\"https:\/\/step-lab.com\/de\/iso\/iso-7206-4-iso-7206-6\/\">ISO 7206-4, ISO 7206-6<\/a><\/td>\n<td>Chirurgische Implantate &#8211; Teil- und Vollgelenkersatz der H\u00fcfte<\/td>\n<\/tr>\n<tr>\n<td>ISO 9585<\/td>\n<td>Chirurgische Implantate &#8211; Bestimmung der Biegefestigkeit und Steifigkeit von Knochenplatten<\/td>\n<\/tr>\n<tr>\n<td><a href=\"https:\/\/step-lab.com\/de\/iso\/iso-10328\/\">ISO 10328<\/a><\/td>\n<td>Strukturelle Tests von unteren Gliedma\u00dfenprothesen<\/td>\n<\/tr>\n<tr>\n<td>ISO 11405<\/td>\n<td>Haftfestigkeitspr\u00fcfung der Zahnoberfl\u00e4che<\/td>\n<\/tr>\n<tr>\n<td><a href=\"https:\/\/step-lab.com\/de\/iso\/iso-11491\/\">ISO 11491<\/a><\/td>\n<td>Implantate f\u00fcr die Chirurgie &#8211; Bestimmung der Schlagfestigkeit von keramischen Oberschenkelk\u00f6pfen f\u00fcr H\u00fcftgelenksprothesen<\/td>\n<\/tr>\n<tr>\n<td>ISO 12189-8<\/td>\n<td>Mechanische Pr\u00fcfung von implantierbaren Wirbels\u00e4ulenger\u00e4ten &#8211; Erm\u00fcdungspr\u00fcfverfahren f\u00fcr Wirbels\u00e4ulenimplantat-Baugruppen mit vorderer Unterst\u00fctzung<\/td>\n<\/tr>\n<tr>\n<td><a href=\"https:\/\/step-lab.com\/de\/iso\/iso-14801\/\">ISO 14801<\/a><\/td>\n<td>Zahnmedizin &#8211; Implantate &#8211; Dynamischer Belastungstest f\u00fcr endosse\u00f6se Zahnimplantate<\/td>\n<\/tr>\n<tr>\n<td>ISO 14879-1<\/td>\n<td>Gesamtendoprothese des Kniegelenks &#8211; Bestimmung der Festigkeitseigenschaften von Tibiaschienen<\/td>\n<\/tr>\n<tr>\n<td><a href=\"https:\/\/step-lab.com\/de\/iso\/iso-16955\/\">ISO 16955<\/a><\/td>\n<td>Charakterisierung von Prothesenf\u00fc\u00dfen<\/td>\n<\/tr>\n<tr>\n<td><a href=\"https:\/\/step-lab.com\/de\/iso\/iso-22675\/\">ISO 22675<\/a><\/td>\n<td>Pr\u00fcfung von Sprunggelenk-Fu\u00dfger\u00e4ten und Fu\u00dfeinheiten<\/td>\n<\/tr>\n<\/tbody>\n<\/table>\n<\/div><\/section><br \/>\n<div  class='hr av-av_hr-91d7ccd583a503147498e120fee2ff9b hr-default  avia-builder-el-23  el_after_av_textblock  el_before_av_textblock '><span class='hr-inner '><span class=\"hr-inner-style\"><\/span><\/span><\/div><br \/>\n<section  class='av_textblock_section av-li2rapg1-ff0c29b4e029dd519b3c25c07c3b1591 '   itemscope=\"itemscope\" itemtype=\"https:\/\/schema.org\/CreativeWork\" ><div class='avia_textblock'  itemprop=\"text\" ><h2 id=\"bike\">PR\u00dcFNORMEN F\u00dcR DIE FAHRRADINDUSTRIE<\/h2>\n<\/div><\/section><br \/>\n\n<style type=\"text\/css\" data-created_by=\"avia_inline_auto\" id=\"style-css-av-av_hr-aa06866dcc82bb31059ad60c9566b565\">\n#top .hr.hr-invisible.av-av_hr-aa06866dcc82bb31059ad60c9566b565{\nheight:60px;\n}\n<\/style>\n<div  class='hr av-av_hr-aa06866dcc82bb31059ad60c9566b565 hr-invisible  avia-builder-el-25  el_after_av_textblock  el_before_av_textblock '><span class='hr-inner '><span class=\"hr-inner-style\"><\/span><\/span><\/div><br \/>\n\n<style type=\"text\/css\" data-created_by=\"avia_inline_auto\" id=\"style-css-av-li2rbyzk-46489aabbd4d3ba4073989360744eb73\">\n#top .av_textblock_section.av-li2rbyzk-46489aabbd4d3ba4073989360744eb73 .avia_textblock{\nfont-size:18px;\n}\n<\/style>\n<section  class='av_textblock_section av-li2rbyzk-46489aabbd4d3ba4073989360744eb73 '   itemscope=\"itemscope\" itemtype=\"https:\/\/schema.org\/CreativeWork\" ><div class='avia_textblock'  itemprop=\"text\" ><table>\n<tbody>\n<tr>\n<th>ISO Standard<\/th>\n<th>Description<\/th>\n<\/tr>\n<tr>\n<td><a href=\"https:\/\/step-lab.com\/de\/iso\/iso-4210\/\">ISO 4210<\/a><\/td>\n<td>Fahrr\u00e4der: Sicherheitsanforderungen f\u00fcr Fahrr\u00e4der<\/td>\n<\/tr>\n<\/tbody>\n<\/table>\n<\/div><\/section><\/p><\/div><div  class='flex_column av-av_one_fifth-feecfcc73494c68bb0d1632d1d5c38ae av_one_fifth  avia-builder-el-27  el_after_av_three_fifth  avia-builder-el-last  flex_column_div  '     ><\/div><\/p>\n","protected":false},"excerpt":{"rendered":"","protected":false},"author":5,"featured_media":0,"parent":0,"menu_order":0,"comment_status":"closed","ping_status":"closed","template":"","meta":{"_acf_changed":false,"footnotes":""},"class_list":["post-77596","page","type-page","status-publish","hentry"],"acf":[],"yoast_head":"<!-- This site is optimized with the Yoast SEO Premium plugin v27.4 (Yoast SEO v27.4) - https:\/\/yoast.com\/product\/yoast-seo-premium-wordpress\/ -->\n<title>ISO - STEP Lab<\/title>\n<meta name=\"robots\" content=\"index, follow, max-snippet:-1, max-image-preview:large, max-video-preview:-1\" \/>\n<link rel=\"canonical\" href=\"https:\/\/step-lab.com\/de\/iso\/\" \/>\n<meta property=\"og:locale\" content=\"de_DE\" \/>\n<meta property=\"og:type\" content=\"article\" \/>\n<meta property=\"og:title\" content=\"ISO\" \/>\n<meta property=\"og:url\" content=\"https:\/\/step-lab.com\/de\/iso\/\" \/>\n<meta property=\"og:site_name\" content=\"STEP Lab\" \/>\n<meta property=\"article:publisher\" content=\"https:\/\/www.facebook.com\/step.lab.macchine\/\" \/>\n<meta property=\"article:modified_time\" content=\"2025-07-31T08:06:09+00:00\" \/>\n<meta name=\"twitter:card\" content=\"summary_large_image\" \/>\n<meta name=\"twitter:label1\" content=\"Gesch\u00e4tzte Lesezeit\" \/>\n\t<meta name=\"twitter:data1\" content=\"3\u00a0Minuten\" \/>\n<script type=\"application\/ld+json\" class=\"yoast-schema-graph\">{\"@context\":\"https:\\\/\\\/schema.org\",\"@graph\":[{\"@type\":\"WebPage\",\"@id\":\"https:\\\/\\\/step-lab.com\\\/de\\\/iso\\\/\",\"url\":\"https:\\\/\\\/step-lab.com\\\/de\\\/iso\\\/\",\"name\":\"ISO - STEP Lab\",\"isPartOf\":{\"@id\":\"https:\\\/\\\/step-lab.com\\\/de\\\/#website\"},\"datePublished\":\"2022-05-13T15:11:18+00:00\",\"dateModified\":\"2025-07-31T08:06:09+00:00\",\"breadcrumb\":{\"@id\":\"https:\\\/\\\/step-lab.com\\\/de\\\/iso\\\/#breadcrumb\"},\"inLanguage\":\"de\",\"potentialAction\":[{\"@type\":\"ReadAction\",\"target\":[\"https:\\\/\\\/step-lab.com\\\/de\\\/iso\\\/\"]}]},{\"@type\":\"BreadcrumbList\",\"@id\":\"https:\\\/\\\/step-lab.com\\\/de\\\/iso\\\/#breadcrumb\",\"itemListElement\":[{\"@type\":\"ListItem\",\"position\":1,\"name\":\"Home\",\"item\":\"https:\\\/\\\/step-lab.com\\\/de\\\/elektrodynamische-maschinen-fuer-versuche-mechanik\\\/\"},{\"@type\":\"ListItem\",\"position\":2,\"name\":\"ISO\"}]},{\"@type\":\"WebSite\",\"@id\":\"https:\\\/\\\/step-lab.com\\\/de\\\/#website\",\"url\":\"https:\\\/\\\/step-lab.com\\\/de\\\/\",\"name\":\"Step Lab\",\"description\":\"Testing machines\",\"publisher\":{\"@id\":\"https:\\\/\\\/step-lab.com\\\/de\\\/#organization\"},\"potentialAction\":[{\"@type\":\"SearchAction\",\"target\":{\"@type\":\"EntryPoint\",\"urlTemplate\":\"https:\\\/\\\/step-lab.com\\\/de\\\/?s={search_term_string}\"},\"query-input\":{\"@type\":\"PropertyValueSpecification\",\"valueRequired\":true,\"valueName\":\"search_term_string\"}}],\"inLanguage\":\"de\"},{\"@type\":\"Organization\",\"@id\":\"https:\\\/\\\/step-lab.com\\\/de\\\/#organization\",\"name\":\"STEP Lab\",\"url\":\"https:\\\/\\\/step-lab.com\\\/de\\\/\",\"logo\":{\"@type\":\"ImageObject\",\"inLanguage\":\"de\",\"@id\":\"https:\\\/\\\/step-lab.com\\\/de\\\/#\\\/schema\\\/logo\\\/image\\\/\",\"url\":\"https:\\\/\\\/step-lab.com\\\/wp-content\\\/uploads\\\/2022\\\/08\\\/STEP-Lab-logoclaim-1.png\",\"contentUrl\":\"https:\\\/\\\/step-lab.com\\\/wp-content\\\/uploads\\\/2022\\\/08\\\/STEP-Lab-logoclaim-1.png\",\"width\":4316,\"height\":1395,\"caption\":\"STEP Lab\"},\"image\":{\"@id\":\"https:\\\/\\\/step-lab.com\\\/de\\\/#\\\/schema\\\/logo\\\/image\\\/\"},\"sameAs\":[\"https:\\\/\\\/www.facebook.com\\\/step.lab.macchine\\\/\",\"https:\\\/\\\/it.linkedin.com\\\/company\\\/step-lab\",\"https:\\\/\\\/www.youtube.com\\\/c\\\/STEPLab\",\"https:\\\/\\\/www.instagram.com\\\/step__lab\\\/?hl=it\"]}]}<\/script>\n<!-- \/ Yoast SEO Premium plugin. -->","yoast_head_json":{"title":"ISO - STEP Lab","robots":{"index":"index","follow":"follow","max-snippet":"max-snippet:-1","max-image-preview":"max-image-preview:large","max-video-preview":"max-video-preview:-1"},"canonical":"https:\/\/step-lab.com\/de\/iso\/","og_locale":"de_DE","og_type":"article","og_title":"ISO","og_url":"https:\/\/step-lab.com\/de\/iso\/","og_site_name":"STEP Lab","article_publisher":"https:\/\/www.facebook.com\/step.lab.macchine\/","article_modified_time":"2025-07-31T08:06:09+00:00","twitter_card":"summary_large_image","twitter_misc":{"Gesch\u00e4tzte Lesezeit":"3\u00a0Minuten"},"schema":{"@context":"https:\/\/schema.org","@graph":[{"@type":"WebPage","@id":"https:\/\/step-lab.com\/de\/iso\/","url":"https:\/\/step-lab.com\/de\/iso\/","name":"ISO - STEP Lab","isPartOf":{"@id":"https:\/\/step-lab.com\/de\/#website"},"datePublished":"2022-05-13T15:11:18+00:00","dateModified":"2025-07-31T08:06:09+00:00","breadcrumb":{"@id":"https:\/\/step-lab.com\/de\/iso\/#breadcrumb"},"inLanguage":"de","potentialAction":[{"@type":"ReadAction","target":["https:\/\/step-lab.com\/de\/iso\/"]}]},{"@type":"BreadcrumbList","@id":"https:\/\/step-lab.com\/de\/iso\/#breadcrumb","itemListElement":[{"@type":"ListItem","position":1,"name":"Home","item":"https:\/\/step-lab.com\/de\/elektrodynamische-maschinen-fuer-versuche-mechanik\/"},{"@type":"ListItem","position":2,"name":"ISO"}]},{"@type":"WebSite","@id":"https:\/\/step-lab.com\/de\/#website","url":"https:\/\/step-lab.com\/de\/","name":"Step Lab","description":"Testing machines","publisher":{"@id":"https:\/\/step-lab.com\/de\/#organization"},"potentialAction":[{"@type":"SearchAction","target":{"@type":"EntryPoint","urlTemplate":"https:\/\/step-lab.com\/de\/?s={search_term_string}"},"query-input":{"@type":"PropertyValueSpecification","valueRequired":true,"valueName":"search_term_string"}}],"inLanguage":"de"},{"@type":"Organization","@id":"https:\/\/step-lab.com\/de\/#organization","name":"STEP Lab","url":"https:\/\/step-lab.com\/de\/","logo":{"@type":"ImageObject","inLanguage":"de","@id":"https:\/\/step-lab.com\/de\/#\/schema\/logo\/image\/","url":"https:\/\/step-lab.com\/wp-content\/uploads\/2022\/08\/STEP-Lab-logoclaim-1.png","contentUrl":"https:\/\/step-lab.com\/wp-content\/uploads\/2022\/08\/STEP-Lab-logoclaim-1.png","width":4316,"height":1395,"caption":"STEP Lab"},"image":{"@id":"https:\/\/step-lab.com\/de\/#\/schema\/logo\/image\/"},"sameAs":["https:\/\/www.facebook.com\/step.lab.macchine\/","https:\/\/it.linkedin.com\/company\/step-lab","https:\/\/www.youtube.com\/c\/STEPLab","https:\/\/www.instagram.com\/step__lab\/?hl=it"]}]}},"_links":{"self":[{"href":"https:\/\/step-lab.com\/de\/wp-json\/wp\/v2\/pages\/77596","targetHints":{"allow":["GET"]}}],"collection":[{"href":"https:\/\/step-lab.com\/de\/wp-json\/wp\/v2\/pages"}],"about":[{"href":"https:\/\/step-lab.com\/de\/wp-json\/wp\/v2\/types\/page"}],"author":[{"embeddable":true,"href":"https:\/\/step-lab.com\/de\/wp-json\/wp\/v2\/users\/5"}],"replies":[{"embeddable":true,"href":"https:\/\/step-lab.com\/de\/wp-json\/wp\/v2\/comments?post=77596"}],"version-history":[{"count":24,"href":"https:\/\/step-lab.com\/de\/wp-json\/wp\/v2\/pages\/77596\/revisions"}],"predecessor-version":[{"id":119067,"href":"https:\/\/step-lab.com\/de\/wp-json\/wp\/v2\/pages\/77596\/revisions\/119067"}],"wp:attachment":[{"href":"https:\/\/step-lab.com\/de\/wp-json\/wp\/v2\/media?parent=77596"}],"curies":[{"name":"wp","href":"https:\/\/api.w.org\/{rel}","templated":true}]}}