{"id":79849,"date":"2022-06-08T12:16:17","date_gmt":"2022-06-08T10:16:17","guid":{"rendered":"https:\/\/staging.step-lab.com\/reparaturen\/"},"modified":"2024-03-11T12:25:03","modified_gmt":"2024-03-11T11:25:03","slug":"reparaturen","status":"publish","type":"page","link":"https:\/\/step-lab.com\/de\/reparaturen\/","title":{"rendered":"Wartung und Upgrade"},"content":{"rendered":"\n<style type=\"text\/css\" data-created_by=\"avia_inline_auto\" id=\"style-css-av-lpmktkcw-098bddf068965b6313ca5a377d8a1cb4\">\n.avia-section.av-lpmktkcw-098bddf068965b6313ca5a377d8a1cb4{\nbackground-repeat:no-repeat;\nbackground-image:url(https:\/\/step-lab.com\/wp-content\/uploads\/2023\/12\/aggiornamento.jpg);\nbackground-position:0% 0%;\nbackground-attachment:scroll;\n}\n.avia-section.av-lpmktkcw-098bddf068965b6313ca5a377d8a1cb4 .av-section-color-overlay{\nopacity:0.7;\nbackground-color:#0a0a0a;\n}\n<\/style>\n<div id='av_section_1'  class='avia-section av-lpmktkcw-098bddf068965b6313ca5a377d8a1cb4 main_color avia-section-default avia-no-border-styling  avia-builder-el-0  el_before_av_section  avia-builder-el-first  avia-bg-style-scroll av-section-color-overlay-active av-minimum-height av-minimum-height-custom av-height-custom  container_wrap fullsize'  data-section-bg-repeat='no-repeat' data-av_minimum_height_px='400'><div class=\"av-section-color-overlay-wrap\"><div class=\"av-section-color-overlay\"><\/div><div class='container av-section-cont-open' style='height:400px'><main  role=\"main\" itemprop=\"mainContentOfPage\"  class='template-page content  av-content-full alpha units'><div class='post-entry post-entry-type-page post-entry-79849'><div class='entry-content-wrapper clearfix'>\n\n<style type=\"text\/css\" data-created_by=\"avia_inline_auto\" id=\"style-css-av-kz5l5bax-40a990ab01e605d434114f5edc8e8711\">\n#top .av_textblock_section.av-kz5l5bax-40a990ab01e605d434114f5edc8e8711 .avia_textblock{\ncolor:#ffffff;\n}\n<\/style>\n<section  class='av_textblock_section av-kz5l5bax-40a990ab01e605d434114f5edc8e8711 '   itemscope=\"itemscope\" itemtype=\"https:\/\/schema.org\/CreativeWork\" ><div class='avia_textblock av_inherit_color'  itemprop=\"text\" ><h1 class=\"hp-tab-header\" style=\"text-align: center;\">WARTUNG UND AKTUALISIERUNG<\/h1>\n<\/div><\/section>\n\n<\/div><\/div><\/main><!-- close content main element --><\/div><\/div><\/div>\n<style type=\"text\/css\" data-created_by=\"avia_inline_auto\" id=\"style-css-av-kz5kzctu-c9a8d703d1bc162632517390641e296e\">\n.avia-section.av-kz5kzctu-c9a8d703d1bc162632517390641e296e{\nbackground-color:#ffffff;\nbackground-image:unset;\n}\n<\/style>\n<div id='av_section_2'  class='avia-section av-kz5kzctu-c9a8d703d1bc162632517390641e296e main_color avia-section-default avia-no-border-styling  avia-builder-el-2  el_after_av_section  el_before_av_one_full  avia-bg-style-scroll container_wrap fullsize'  ><div class='container av-section-cont-open' ><div class='template-page content  av-content-full alpha units'><div class='post-entry post-entry-type-page post-entry-79849'><div class='entry-content-wrapper clearfix'>\n\n<style type=\"text\/css\" data-created_by=\"avia_inline_auto\" id=\"style-css-av-1nzeg2m-fe94bcca9a28e835d76c269d4bec4b4b\">\n.flex_column.av-1nzeg2m-fe94bcca9a28e835d76c269d4bec4b4b{\nborder-radius:0px 0px 0px 0px;\npadding:0px 0px 0px 0px;\n}\n<\/style>\n<div  class='flex_column av-1nzeg2m-fe94bcca9a28e835d76c269d4bec4b4b av_one_third  avia-builder-el-3  el_before_av_three_fifth  avia-builder-el-first  first flex_column_div av-zero-column-padding  '     ><style type=\"text\/css\" data-created_by=\"avia_inline_auto\" id=\"style-css-av-lpml9pwp-366167c2e4cd4bfebab004f9ecc8103e\">\n.avia-image-container.av-lpml9pwp-366167c2e4cd4bfebab004f9ecc8103e img.avia_image{\nbox-shadow:none;\n}\n.avia-image-container.av-lpml9pwp-366167c2e4cd4bfebab004f9ecc8103e .av-image-caption-overlay-center{\ncolor:#ffffff;\n}\n<\/style>\n<div  class='avia-image-container av-lpml9pwp-366167c2e4cd4bfebab004f9ecc8103e av-styling- avia-align-center  avia-builder-el-4  avia-builder-el-no-sibling '   itemprop=\"image\" itemscope=\"itemscope\" itemtype=\"https:\/\/schema.org\/ImageObject\" ><div class=\"avia-image-container-inner\"><div class=\"avia-image-overlay-wrap\"><img decoding=\"async\" fetchpriority=\"high\" class='wp-image-79573 avia-img-lazy-loading-not-79573 avia_image ' src=\"https:\/\/step-lab.com\/wp-content\/uploads\/2022\/06\/DSC_0789o-619x1030.png\" alt='' title='DSC_0789o'  height=\"1030\" width=\"619\"  itemprop=\"thumbnailUrl\" srcset=\"https:\/\/step-lab.com\/wp-content\/uploads\/2022\/06\/DSC_0789o-619x1030.png 619w, https:\/\/step-lab.com\/wp-content\/uploads\/2022\/06\/DSC_0789o-180x300.png 180w, https:\/\/step-lab.com\/wp-content\/uploads\/2022\/06\/DSC_0789o-768x1279.png 768w, https:\/\/step-lab.com\/wp-content\/uploads\/2022\/06\/DSC_0789o-922x1536.png 922w, https:\/\/step-lab.com\/wp-content\/uploads\/2022\/06\/DSC_0789o-1230x2048.png 1230w, https:\/\/step-lab.com\/wp-content\/uploads\/2022\/06\/DSC_0789o-901x1500.png 901w, https:\/\/step-lab.com\/wp-content\/uploads\/2022\/06\/DSC_0789o-423x705.png 423w\" sizes=\"(max-width: 619px) 100vw, 619px\" \/><\/div><\/div><\/div><\/div>\n<style type=\"text\/css\" data-created_by=\"avia_inline_auto\" id=\"style-css-av-2ob6n2-37299a70bd5e136f7b7643b9c47a5fee\">\n.flex_column.av-2ob6n2-37299a70bd5e136f7b7643b9c47a5fee{\nborder-radius:0px 0px 0px 0px;\npadding:0px 0px 0px 0px;\n}\n<\/style>\n<div  class='flex_column av-2ob6n2-37299a70bd5e136f7b7643b9c47a5fee av_three_fifth  avia-builder-el-5  el_after_av_one_third  avia-builder-el-last  flex_column_div av-zero-column-padding  '     ><style type=\"text\/css\" data-created_by=\"avia_inline_auto\" id=\"style-css-av-kz5emoty-15618559e2667776fba04fac8a862e81\">\n#top .av_textblock_section.av-kz5emoty-15618559e2667776fba04fac8a862e81 .avia_textblock{\nfont-size:18px;\n}\n<\/style>\n<section  class='av_textblock_section av-kz5emoty-15618559e2667776fba04fac8a862e81 '   itemscope=\"itemscope\" itemtype=\"https:\/\/schema.org\/CreativeWork\" ><div class='avia_textblock'  itemprop=\"text\" ><h2>Vorbeugende Wartung<\/h2>\n<p><strong>Vorbeugende Wartung<\/strong> in Kombination mit Kalibrierungsdienstleistungen ist die optimale L\u00f6sung, um die Einhaltung der Normen ISO 9001, ASTM E4 und ASTM E83 zu gew\u00e4hrleisten. Unsere STEP Lab-Ingenieure sind Experten f\u00fcr die Wartung von Ger\u00e4ten und haben Zugang zu Dokumentation und spezifischen Teilen, um eine optimale Leistung zu gew\u00e4hrleisten. Unsere Besuche umfassen Aktivit\u00e4ten, die darauf abzielen, die Ausfallzeiten zu minimieren und die Leistung Ihres Testsystems zu maximieren.<\/p>\n<h2>Aktualisierung<\/h2>\n<p>Unsere spezialisierten Techniker, die weltweit zur Verf\u00fcgung stehen, gew\u00e4hrleisten den kontinuierlichen Betrieb Ihrer Systeme und die Stabilit\u00e4t Ihrer Daten. Wir bieten ma\u00dfgeschneiderte Au\u00dfendienstleistungen, die Kosten und Ausfallzeiten reduzieren. Unser Team aus erfahrenen Ingenieuren und Technikern steht f\u00fcr die Reparatur und Erneuerung Ihrer Systeme bereit und bietet Komplettl\u00f6sungen zur Gew\u00e4hrleistung der Gesch\u00e4ftskontinuit\u00e4t. Damit Sie sich keine Sorgen machen m\u00fcssen, bieten wir f\u00fcr die meisten in Produktion befindlichen Systeme erweiterte Garantien an, die daf\u00fcr sorgen, dass Sie ohne Unterbrechung weiterarbeiten k\u00f6nnen.<\/p>\n<\/div><\/section><br \/>\n\n<style type=\"text\/css\" data-created_by=\"avia_inline_auto\" id=\"style-css-av-kwov6uz9-1ba75c9e0ecb97878ca5c9d97f63628a\">\n#top .hr.hr-invisible.av-kwov6uz9-1ba75c9e0ecb97878ca5c9d97f63628a{\nheight:20px;\n}\n<\/style>\n<div  class='hr av-kwov6uz9-1ba75c9e0ecb97878ca5c9d97f63628a hr-invisible  avia-builder-el-7  el_after_av_textblock  el_before_av_textblock '><span class='hr-inner '><span class=\"hr-inner-style\"><\/span><\/span><\/div><br \/>\n<section  class='av_textblock_section av-kwovl9fx-abcf3bad45e83af91d2c427dbfa2e32c '   itemscope=\"itemscope\" itemtype=\"https:\/\/schema.org\/CreativeWork\" ><div class='avia_textblock'  itemprop=\"text\" ><h5 style=\"text-align: left;\">Kontaktieren Sie uns, um die richtige Werbung f\u00fcr Ihr Unternehmen zu finden.<\/h5>\n<\/div><\/section><br \/>\n\n<style type=\"text\/css\" data-created_by=\"avia_inline_auto\" id=\"style-css-av-kwov6uz9-3-46c6b609f2f1e28a98fd9aa930e4be8b\">\n#top .hr.hr-invisible.av-kwov6uz9-3-46c6b609f2f1e28a98fd9aa930e4be8b{\nheight:50px;\n}\n<\/style>\n<div  class='hr av-kwov6uz9-3-46c6b609f2f1e28a98fd9aa930e4be8b hr-invisible  avia-builder-el-9  el_after_av_textblock  el_before_av_buttonrow '><span class='hr-inner '><span class=\"hr-inner-style\"><\/span><\/span><\/div><br \/>\n<div  class='avia-buttonrow-wrap av-l56tm07k-6146f5c576e91641772620afcca4cc07 avia-buttonrow-left  avia-builder-el-10  el_after_av_hr  avia-builder-el-last '>\n\n<style type=\"text\/css\" data-created_by=\"avia_inline_auto\" id=\"style-css-av-l56tlzqm-d7165dd303c6ae70f4638965a2029868\">\n#top #wrap_all .avia-button.av-l56tlzqm-d7165dd303c6ae70f4638965a2029868{\nmargin-bottom:5px;\nmargin-right:5px;\n}\n<\/style>\n<a href='https:\/\/step-lab.com\/de\/kontakt\/'  class='avia-button av-l56tlzqm-d7165dd303c6ae70f4638965a2029868 avia-icon_select-yes-left-icon avia-size-x-large avia-color-theme-color'   aria-label=\"Kontakt\"><span class='avia_button_icon avia_button_icon_left avia-iconfont avia-font-entypo-fontello' data-av_icon='\ue854' data-av_iconfont='entypo-fontello' ><\/span><span class='avia_iconbox_title' >Kontakt<\/span><\/a>\n<\/div><\/p><\/div>\n<\/div><\/div><\/div><!-- close content main div --><\/div><\/div><div id='after_section_2'  class='main_color av_default_container_wrap container_wrap fullsize'  ><div class='container av-section-cont-open' ><div class='template-page content  av-content-full alpha units'><div class='post-entry post-entry-type-page post-entry-79849'><div class='entry-content-wrapper clearfix'>\n\n<style type=\"text\/css\" data-created_by=\"avia_inline_auto\" id=\"style-css-av-2iezot-3db7e577291d5f2169bb9574373f49ba\">\n.flex_column.av-2iezot-3db7e577291d5f2169bb9574373f49ba{\nborder-radius:0px 0px 0px 0px;\npadding:0px 0px 0px 0px;\n}\n<\/style>\n<div  class='flex_column av-2iezot-3db7e577291d5f2169bb9574373f49ba av_one_full  avia-builder-el-11  el_after_av_section  el_before_av_slideshow_accordion  avia-builder-el-no-sibling  first flex_column_div av-zero-column-padding  '     ><style type=\"text\/css\" data-created_by=\"avia_inline_auto\" id=\"style-css-av-kwnat6sl-8d3e7027b03e16a1bb6f5f7e84e229b2\">\n#top .av_textblock_section.av-kwnat6sl-8d3e7027b03e16a1bb6f5f7e84e229b2 .avia_textblock{\ncolor:#cf3339;\n}\n<\/style>\n<section  class='av_textblock_section av-kwnat6sl-8d3e7027b03e16a1bb6f5f7e84e229b2 '   itemscope=\"itemscope\" itemtype=\"https:\/\/schema.org\/CreativeWork\" ><div class='avia_textblock av_inherit_color'  itemprop=\"text\" ><h2 style=\"text-align: center;\"><span style=\"color: #cf3339;\">Andere Produkte<\/span><\/h2>\n<\/div><\/section><\/div>\n\n<style type=\"text\/css\" data-created_by=\"avia_inline_auto\" id=\"style-css-av-2mt2wlf-b7ecd4fce16c46b3c35d00ac2605d58d\">\n.avia-accordion.av-2mt2wlf-b7ecd4fce16c46b3c35d00ac2605d58d{\nmax-height:375px;\n}\n.avia-accordion.av-2mt2wlf-b7ecd4fce16c46b3c35d00ac2605d58d .aviaccordion-preview{\nwidth:25.1%;\n}\n.avia-accordion .aviaccordion-slide.av-2mt2wlf-b7ecd4fce16c46b3c35d00ac2605d58d__0{\nleft:0%;\n}\n.avia-accordion .aviaccordion-slide.av-2mt2wlf-b7ecd4fce16c46b3c35d00ac2605d58d__1{\nleft:25%;\n}\n.avia-accordion .aviaccordion-slide.av-2mt2wlf-b7ecd4fce16c46b3c35d00ac2605d58d__2{\nleft:50%;\n}\n.avia-accordion .aviaccordion-slide.av-2mt2wlf-b7ecd4fce16c46b3c35d00ac2605d58d__3{\nleft:75%;\n}\n<\/style>\n<div  id=\"accordion_slider_1\"  class='aviaccordion avia-accordion av-2mt2wlf-b7ecd4fce16c46b3c35d00ac2605d58d aviaccordion-title-on-hover av-slideshow-manual av-loop-once ' data-slideshow-options=\"{&quot;interval&quot;:5,&quot;autoplay&quot;:false,&quot;loop_autoplay&quot;:&quot;once&quot;}\"  itemscope=\"itemscope\" itemtype=\"https:\/\/schema.org\/Blog\" ><ul class=\"aviaccordion-inner\"><li class='aviaccordion-slide av-2mt2wlf-b7ecd4fce16c46b3c35d00ac2605d58d__0 aviaccordion-slide-1' data-av-left='0'  itemscope=\"itemscope\" itemtype=\"https:\/\/schema.org\/CreativeWork\" ><a class='aviaccordion-slide-link noHover' href=\"https:\/\/step-lab.com\/de\/linearmotorgestuetzte-systeme\/\"  target='_blank'><div class='aviaccordion-preview av-accordion-text-center'><div class=\"aviaccordion-preview-title-pos\"><div class=\"aviaccordion-preview-title-wrap\"><div class=\"aviaccordion-preview-title\"><h3 class='aviaccordion-title '  itemprop=\"headline\" >UD SERIE<\/h3><div class='aviaccordion-excerpt'  itemprop=\"text\" ><p>\nElektrodynamische Systeme<\/p>\n<\/div><\/div><\/div><\/div><\/div><img decoding=\"async\" width=\"710\" height=\"375\" src=\"https:\/\/step-lab.com\/wp-content\/uploads\/2023\/08\/dynamic-test-machine-710x375.jpg\" class=\"aviaccordion-image\" alt=\"\" \/><\/a><\/li><li class='aviaccordion-slide av-2mt2wlf-b7ecd4fce16c46b3c35d00ac2605d58d__1 aviaccordion-slide-2' data-av-left='25'  itemscope=\"itemscope\" itemtype=\"https:\/\/schema.org\/CreativeWork\" ><a class='aviaccordion-slide-link noHover' href=\"https:\/\/step-lab.com\/it\/sistemi-di-prova-elettromeccanici\/\"  target='_blank'><div class='aviaccordion-preview av-accordion-text-center'><div class=\"aviaccordion-preview-title-pos\"><div class=\"aviaccordion-preview-title-wrap\"><div class=\"aviaccordion-preview-title\"><h3 class='aviaccordion-title '  itemprop=\"headline\" >EA SERIE<\/h3><div class='aviaccordion-excerpt'  itemprop=\"text\" ><p>\nElektromechanische Systeme<\/p>\n<\/div><\/div><\/div><\/div><\/div><img decoding=\"async\" width=\"710\" height=\"375\" src=\"https:\/\/step-lab.com\/wp-content\/uploads\/2022\/06\/Macchie-statiche-2-710x375.png\" class=\"aviaccordion-image\" alt=\"\" \/><\/a><\/li><li class='aviaccordion-slide av-2mt2wlf-b7ecd4fce16c46b3c35d00ac2605d58d__2 aviaccordion-slide-3' data-av-left='50'  itemscope=\"itemscope\" itemtype=\"https:\/\/schema.org\/CreativeWork\" ><a class='aviaccordion-slide-link noHover' href=\"https:\/\/step-lab.com\/de\/falltuerme\/\"  target='_blank'><div class='aviaccordion-preview av-accordion-text-center'><div class=\"aviaccordion-preview-title-pos\"><div class=\"aviaccordion-preview-title-wrap\"><div class=\"aviaccordion-preview-title\"><h3 class='aviaccordion-title '  itemprop=\"headline\" >dw serie<\/h3><div class='aviaccordion-excerpt'  itemprop=\"text\" ><p>\nSchlagpr\u00fcfsysteme<\/p>\n<\/div><\/div><\/div><\/div><\/div><img decoding=\"async\" width=\"710\" height=\"375\" src=\"https:\/\/step-lab.com\/wp-content\/uploads\/2024\/02\/DW750-1000-2000-710x375.png\" class=\"aviaccordion-image\" alt=\"\" \/><\/a><\/li><li class='aviaccordion-slide av-2mt2wlf-b7ecd4fce16c46b3c35d00ac2605d58d__3 aviaccordion-slide-4' data-av-left='75'  itemscope=\"itemscope\" itemtype=\"https:\/\/schema.org\/CreativeWork\" ><a class='aviaccordion-slide-link noHover' href=\"https:\/\/step-lab.com\/de\/schuhpruefsysteme\/\"  target='_blank'><div class='aviaccordion-preview av-accordion-text-center'><div class=\"aviaccordion-preview-title-pos\"><div class=\"aviaccordion-preview-title-wrap\"><div class=\"aviaccordion-preview-title\"><h3 class='aviaccordion-title '  itemprop=\"headline\" >Schuhpr\u00fcfsysteme<\/h3><\/div><\/div><\/div><\/div><img decoding=\"async\" width=\"710\" height=\"375\" src=\"https:\/\/step-lab.com\/wp-content\/uploads\/2023\/12\/footwear-testing-systems-710x375.png\" class=\"aviaccordion-image\" alt=\"\" \/><\/a><\/li><\/ul><div class='aviaccordion-spacer' style='padding-bottom:52.816901408451%'><\/div><\/div>\n","protected":false},"excerpt":{"rendered":"<p>Wir bieten einen Reparaturservice f\u00fcr mechanische Pr\u00fcfeinrichtungen an, so dass wir den Betrieb der Systeme und den Datenfluss jederzeit stabil halten k\u00f6nnen.<\/p>\n","protected":false},"author":5,"featured_media":79593,"parent":0,"menu_order":0,"comment_status":"closed","ping_status":"closed","template":"","meta":{"_acf_changed":false,"footnotes":""},"class_list":["post-79849","page","type-page","status-publish","has-post-thumbnail","hentry"],"acf":[],"yoast_head":"<!-- This site is optimized with the Yoast SEO Premium plugin v27.4 (Yoast SEO v27.4) - https:\/\/yoast.com\/product\/yoast-seo-premium-wordpress\/ -->\n<title>Aktualisierung der Pr\u00fcfmaschinen - STEP Lab<\/title>\n<meta name=\"description\" content=\"Wir bieten Wartungs- und Aufr\u00fcstungsdienste f\u00fcr Testmaschinen an, um die Systeme in Betrieb zu halten und ihre Leistung zu steigern.\" \/>\n<meta name=\"robots\" content=\"index, follow, max-snippet:-1, max-image-preview:large, max-video-preview:-1\" \/>\n<link rel=\"canonical\" href=\"https:\/\/step-lab.com\/de\/reparaturen\/\" \/>\n<meta property=\"og:locale\" content=\"de_DE\" \/>\n<meta property=\"og:type\" content=\"article\" \/>\n<meta property=\"og:title\" content=\"Wartung und Upgrade\" \/>\n<meta property=\"og:description\" content=\"Wir bieten Wartungs- und Aufr\u00fcstungsdienste f\u00fcr Testmaschinen an, um die Systeme in Betrieb zu halten und ihre Leistung zu steigern.\" \/>\n<meta property=\"og:url\" content=\"https:\/\/step-lab.com\/de\/reparaturen\/\" \/>\n<meta property=\"og:site_name\" content=\"STEP Lab\" \/>\n<meta property=\"article:publisher\" content=\"https:\/\/www.facebook.com\/step.lab.macchine\/\" \/>\n<meta property=\"article:modified_time\" content=\"2024-03-11T11:25:03+00:00\" \/>\n<meta property=\"og:image\" content=\"https:\/\/step-lab.com\/wp-content\/uploads\/2022\/06\/Manutenzione-2-920x1030.png\" \/>\n\t<meta property=\"og:image:width\" content=\"920\" \/>\n\t<meta property=\"og:image:height\" content=\"1030\" \/>\n\t<meta property=\"og:image:type\" content=\"image\/png\" \/>\n<meta name=\"twitter:card\" content=\"summary_large_image\" \/>\n<meta name=\"twitter:label1\" content=\"Gesch\u00e4tzte Lesezeit\" \/>\n\t<meta name=\"twitter:data1\" content=\"4\u00a0Minuten\" \/>\n<script type=\"application\/ld+json\" class=\"yoast-schema-graph\">{\"@context\":\"https:\\\/\\\/schema.org\",\"@graph\":[{\"@type\":\"WebPage\",\"@id\":\"https:\\\/\\\/step-lab.com\\\/de\\\/reparaturen\\\/\",\"url\":\"https:\\\/\\\/step-lab.com\\\/de\\\/reparaturen\\\/\",\"name\":\"Aktualisierung der Pr\u00fcfmaschinen - STEP Lab\",\"isPartOf\":{\"@id\":\"https:\\\/\\\/step-lab.com\\\/de\\\/#website\"},\"primaryImageOfPage\":{\"@id\":\"https:\\\/\\\/step-lab.com\\\/de\\\/reparaturen\\\/#primaryimage\"},\"image\":{\"@id\":\"https:\\\/\\\/step-lab.com\\\/de\\\/reparaturen\\\/#primaryimage\"},\"thumbnailUrl\":\"https:\\\/\\\/step-lab.com\\\/wp-content\\\/uploads\\\/2022\\\/06\\\/Manutenzione-2.png\",\"datePublished\":\"2022-06-08T10:16:17+00:00\",\"dateModified\":\"2024-03-11T11:25:03+00:00\",\"description\":\"Wir bieten Wartungs- und Aufr\u00fcstungsdienste f\u00fcr Testmaschinen an, um die Systeme in Betrieb zu halten und ihre Leistung zu steigern.\",\"breadcrumb\":{\"@id\":\"https:\\\/\\\/step-lab.com\\\/de\\\/reparaturen\\\/#breadcrumb\"},\"inLanguage\":\"de\",\"potentialAction\":[{\"@type\":\"ReadAction\",\"target\":[\"https:\\\/\\\/step-lab.com\\\/de\\\/reparaturen\\\/\"]}]},{\"@type\":\"ImageObject\",\"inLanguage\":\"de\",\"@id\":\"https:\\\/\\\/step-lab.com\\\/de\\\/reparaturen\\\/#primaryimage\",\"url\":\"https:\\\/\\\/step-lab.com\\\/wp-content\\\/uploads\\\/2022\\\/06\\\/Manutenzione-2.png\",\"contentUrl\":\"https:\\\/\\\/step-lab.com\\\/wp-content\\\/uploads\\\/2022\\\/06\\\/Manutenzione-2.png\",\"width\":1484,\"height\":1662},{\"@type\":\"BreadcrumbList\",\"@id\":\"https:\\\/\\\/step-lab.com\\\/de\\\/reparaturen\\\/#breadcrumb\",\"itemListElement\":[{\"@type\":\"ListItem\",\"position\":1,\"name\":\"Home\",\"item\":\"https:\\\/\\\/step-lab.com\\\/de\\\/elektrodynamische-maschinen-fuer-versuche-mechanik\\\/\"},{\"@type\":\"ListItem\",\"position\":2,\"name\":\"Wartung und Upgrade\"}]},{\"@type\":\"WebSite\",\"@id\":\"https:\\\/\\\/step-lab.com\\\/de\\\/#website\",\"url\":\"https:\\\/\\\/step-lab.com\\\/de\\\/\",\"name\":\"Step Lab\",\"description\":\"Testing machines\",\"publisher\":{\"@id\":\"https:\\\/\\\/step-lab.com\\\/de\\\/#organization\"},\"potentialAction\":[{\"@type\":\"SearchAction\",\"target\":{\"@type\":\"EntryPoint\",\"urlTemplate\":\"https:\\\/\\\/step-lab.com\\\/de\\\/?s={search_term_string}\"},\"query-input\":{\"@type\":\"PropertyValueSpecification\",\"valueRequired\":true,\"valueName\":\"search_term_string\"}}],\"inLanguage\":\"de\"},{\"@type\":\"Organization\",\"@id\":\"https:\\\/\\\/step-lab.com\\\/de\\\/#organization\",\"name\":\"STEP Lab\",\"url\":\"https:\\\/\\\/step-lab.com\\\/de\\\/\",\"logo\":{\"@type\":\"ImageObject\",\"inLanguage\":\"de\",\"@id\":\"https:\\\/\\\/step-lab.com\\\/de\\\/#\\\/schema\\\/logo\\\/image\\\/\",\"url\":\"https:\\\/\\\/step-lab.com\\\/wp-content\\\/uploads\\\/2022\\\/08\\\/STEP-Lab-logoclaim-1.png\",\"contentUrl\":\"https:\\\/\\\/step-lab.com\\\/wp-content\\\/uploads\\\/2022\\\/08\\\/STEP-Lab-logoclaim-1.png\",\"width\":4316,\"height\":1395,\"caption\":\"STEP Lab\"},\"image\":{\"@id\":\"https:\\\/\\\/step-lab.com\\\/de\\\/#\\\/schema\\\/logo\\\/image\\\/\"},\"sameAs\":[\"https:\\\/\\\/www.facebook.com\\\/step.lab.macchine\\\/\",\"https:\\\/\\\/it.linkedin.com\\\/company\\\/step-lab\",\"https:\\\/\\\/www.youtube.com\\\/c\\\/STEPLab\",\"https:\\\/\\\/www.instagram.com\\\/step__lab\\\/?hl=it\"]}]}<\/script>\n<!-- \/ Yoast SEO Premium plugin. -->","yoast_head_json":{"title":"Aktualisierung der Pr\u00fcfmaschinen - STEP Lab","description":"Wir bieten Wartungs- und Aufr\u00fcstungsdienste f\u00fcr Testmaschinen an, um die Systeme in Betrieb zu halten und ihre Leistung zu steigern.","robots":{"index":"index","follow":"follow","max-snippet":"max-snippet:-1","max-image-preview":"max-image-preview:large","max-video-preview":"max-video-preview:-1"},"canonical":"https:\/\/step-lab.com\/de\/reparaturen\/","og_locale":"de_DE","og_type":"article","og_title":"Wartung und Upgrade","og_description":"Wir bieten Wartungs- und Aufr\u00fcstungsdienste f\u00fcr Testmaschinen an, um die Systeme in Betrieb zu halten und ihre Leistung zu steigern.","og_url":"https:\/\/step-lab.com\/de\/reparaturen\/","og_site_name":"STEP Lab","article_publisher":"https:\/\/www.facebook.com\/step.lab.macchine\/","article_modified_time":"2024-03-11T11:25:03+00:00","og_image":[{"width":920,"height":1030,"url":"https:\/\/step-lab.com\/wp-content\/uploads\/2022\/06\/Manutenzione-2-920x1030.png","type":"image\/png"}],"twitter_card":"summary_large_image","twitter_misc":{"Gesch\u00e4tzte Lesezeit":"4\u00a0Minuten"},"schema":{"@context":"https:\/\/schema.org","@graph":[{"@type":"WebPage","@id":"https:\/\/step-lab.com\/de\/reparaturen\/","url":"https:\/\/step-lab.com\/de\/reparaturen\/","name":"Aktualisierung der Pr\u00fcfmaschinen - STEP Lab","isPartOf":{"@id":"https:\/\/step-lab.com\/de\/#website"},"primaryImageOfPage":{"@id":"https:\/\/step-lab.com\/de\/reparaturen\/#primaryimage"},"image":{"@id":"https:\/\/step-lab.com\/de\/reparaturen\/#primaryimage"},"thumbnailUrl":"https:\/\/step-lab.com\/wp-content\/uploads\/2022\/06\/Manutenzione-2.png","datePublished":"2022-06-08T10:16:17+00:00","dateModified":"2024-03-11T11:25:03+00:00","description":"Wir bieten Wartungs- und Aufr\u00fcstungsdienste f\u00fcr Testmaschinen an, um die Systeme in Betrieb zu halten und ihre Leistung zu steigern.","breadcrumb":{"@id":"https:\/\/step-lab.com\/de\/reparaturen\/#breadcrumb"},"inLanguage":"de","potentialAction":[{"@type":"ReadAction","target":["https:\/\/step-lab.com\/de\/reparaturen\/"]}]},{"@type":"ImageObject","inLanguage":"de","@id":"https:\/\/step-lab.com\/de\/reparaturen\/#primaryimage","url":"https:\/\/step-lab.com\/wp-content\/uploads\/2022\/06\/Manutenzione-2.png","contentUrl":"https:\/\/step-lab.com\/wp-content\/uploads\/2022\/06\/Manutenzione-2.png","width":1484,"height":1662},{"@type":"BreadcrumbList","@id":"https:\/\/step-lab.com\/de\/reparaturen\/#breadcrumb","itemListElement":[{"@type":"ListItem","position":1,"name":"Home","item":"https:\/\/step-lab.com\/de\/elektrodynamische-maschinen-fuer-versuche-mechanik\/"},{"@type":"ListItem","position":2,"name":"Wartung und Upgrade"}]},{"@type":"WebSite","@id":"https:\/\/step-lab.com\/de\/#website","url":"https:\/\/step-lab.com\/de\/","name":"Step Lab","description":"Testing machines","publisher":{"@id":"https:\/\/step-lab.com\/de\/#organization"},"potentialAction":[{"@type":"SearchAction","target":{"@type":"EntryPoint","urlTemplate":"https:\/\/step-lab.com\/de\/?s={search_term_string}"},"query-input":{"@type":"PropertyValueSpecification","valueRequired":true,"valueName":"search_term_string"}}],"inLanguage":"de"},{"@type":"Organization","@id":"https:\/\/step-lab.com\/de\/#organization","name":"STEP Lab","url":"https:\/\/step-lab.com\/de\/","logo":{"@type":"ImageObject","inLanguage":"de","@id":"https:\/\/step-lab.com\/de\/#\/schema\/logo\/image\/","url":"https:\/\/step-lab.com\/wp-content\/uploads\/2022\/08\/STEP-Lab-logoclaim-1.png","contentUrl":"https:\/\/step-lab.com\/wp-content\/uploads\/2022\/08\/STEP-Lab-logoclaim-1.png","width":4316,"height":1395,"caption":"STEP Lab"},"image":{"@id":"https:\/\/step-lab.com\/de\/#\/schema\/logo\/image\/"},"sameAs":["https:\/\/www.facebook.com\/step.lab.macchine\/","https:\/\/it.linkedin.com\/company\/step-lab","https:\/\/www.youtube.com\/c\/STEPLab","https:\/\/www.instagram.com\/step__lab\/?hl=it"]}]}},"_links":{"self":[{"href":"https:\/\/step-lab.com\/de\/wp-json\/wp\/v2\/pages\/79849","targetHints":{"allow":["GET"]}}],"collection":[{"href":"https:\/\/step-lab.com\/de\/wp-json\/wp\/v2\/pages"}],"about":[{"href":"https:\/\/step-lab.com\/de\/wp-json\/wp\/v2\/types\/page"}],"author":[{"embeddable":true,"href":"https:\/\/step-lab.com\/de\/wp-json\/wp\/v2\/users\/5"}],"replies":[{"embeddable":true,"href":"https:\/\/step-lab.com\/de\/wp-json\/wp\/v2\/comments?post=79849"}],"version-history":[{"count":43,"href":"https:\/\/step-lab.com\/de\/wp-json\/wp\/v2\/pages\/79849\/revisions"}],"predecessor-version":[{"id":107577,"href":"https:\/\/step-lab.com\/de\/wp-json\/wp\/v2\/pages\/79849\/revisions\/107577"}],"wp:featuredmedia":[{"embeddable":true,"href":"https:\/\/step-lab.com\/de\/wp-json\/wp\/v2\/media\/79593"}],"wp:attachment":[{"href":"https:\/\/step-lab.com\/de\/wp-json\/wp\/v2\/media?parent=79849"}],"curies":[{"name":"wp","href":"https:\/\/api.w.org\/{rel}","templated":true}]}}