{"id":117484,"date":"2025-07-14T09:30:05","date_gmt":"2025-07-14T07:30:05","guid":{"rendered":"https:\/\/step-lab.com\/?page_id=117484"},"modified":"2025-07-14T09:30:10","modified_gmt":"2025-07-14T07:30:10","slug":"mantenimiento-modernizacion","status":"publish","type":"page","link":"https:\/\/step-lab.com\/es\/mantenimiento-modernizacion\/","title":{"rendered":"Mantenimiento y modernizaci\u00f3n"},"content":{"rendered":"\n<style type=\"text\/css\" data-created_by=\"avia_inline_auto\" id=\"style-css-av-lpmktkcw-098bddf068965b6313ca5a377d8a1cb4\">\n.avia-section.av-lpmktkcw-098bddf068965b6313ca5a377d8a1cb4{\nbackground-repeat:no-repeat;\nbackground-image:url(https:\/\/step-lab.com\/wp-content\/uploads\/2023\/12\/aggiornamento.jpg);\nbackground-position:0% 0%;\nbackground-attachment:scroll;\n}\n.avia-section.av-lpmktkcw-098bddf068965b6313ca5a377d8a1cb4 .av-section-color-overlay{\nopacity:0.7;\nbackground-color:#0a0a0a;\n}\n<\/style>\n<div id='av_section_1'  class='avia-section av-lpmktkcw-098bddf068965b6313ca5a377d8a1cb4 main_color avia-section-default avia-no-border-styling  avia-builder-el-0  el_before_av_section  avia-builder-el-first  avia-bg-style-scroll av-section-color-overlay-active av-minimum-height av-minimum-height-custom av-height-custom  container_wrap fullsize'  data-section-bg-repeat='no-repeat' data-av_minimum_height_px='400'><div class=\"av-section-color-overlay-wrap\"><div class=\"av-section-color-overlay\"><\/div><div class='container av-section-cont-open' style='height:400px'><main  role=\"main\" itemprop=\"mainContentOfPage\"  class='template-page content  av-content-full alpha units'><div class='post-entry post-entry-type-page post-entry-117484'><div class='entry-content-wrapper clearfix'>\n\n<style type=\"text\/css\" data-created_by=\"avia_inline_auto\" id=\"style-css-av-kz5l5bax-40a990ab01e605d434114f5edc8e8711\">\n#top .av_textblock_section.av-kz5l5bax-40a990ab01e605d434114f5edc8e8711 .avia_textblock{\ncolor:#ffffff;\n}\n<\/style>\n<section  class='av_textblock_section av-kz5l5bax-40a990ab01e605d434114f5edc8e8711 '   itemscope=\"itemscope\" itemtype=\"https:\/\/schema.org\/CreativeWork\" ><div class='avia_textblock av_inherit_color'  itemprop=\"text\" ><h1 class=\"hp-tab-header\" style=\"text-align: center;\">MANTENIMIENTO Y ACTUALIZACIONES<\/h1>\n<\/div><\/section>\n\n<\/div><\/div><\/main><!-- close content main element --><\/div><\/div><\/div>\n<style type=\"text\/css\" data-created_by=\"avia_inline_auto\" id=\"style-css-av-kz5kzctu-c9a8d703d1bc162632517390641e296e\">\n.avia-section.av-kz5kzctu-c9a8d703d1bc162632517390641e296e{\nbackground-color:#ffffff;\nbackground-image:unset;\n}\n<\/style>\n<div id='av_section_2'  class='avia-section av-kz5kzctu-c9a8d703d1bc162632517390641e296e main_color avia-section-default avia-no-border-styling  avia-builder-el-2  el_after_av_section  el_before_av_one_full  avia-bg-style-scroll container_wrap fullsize'  ><div class='container av-section-cont-open' ><div class='template-page content  av-content-full alpha units'><div class='post-entry post-entry-type-page post-entry-117484'><div class='entry-content-wrapper clearfix'>\n\n<style type=\"text\/css\" data-created_by=\"avia_inline_auto\" id=\"style-css-av-1nzeg2m-fe94bcca9a28e835d76c269d4bec4b4b\">\n.flex_column.av-1nzeg2m-fe94bcca9a28e835d76c269d4bec4b4b{\nborder-radius:0px 0px 0px 0px;\npadding:0px 0px 0px 0px;\n}\n<\/style>\n<div  class='flex_column av-1nzeg2m-fe94bcca9a28e835d76c269d4bec4b4b av_one_third  avia-builder-el-3  el_before_av_three_fifth  avia-builder-el-first  first flex_column_div av-zero-column-padding  '     ><style type=\"text\/css\" data-created_by=\"avia_inline_auto\" id=\"style-css-av-lpml9pwp-366167c2e4cd4bfebab004f9ecc8103e\">\n.avia-image-container.av-lpml9pwp-366167c2e4cd4bfebab004f9ecc8103e img.avia_image{\nbox-shadow:none;\n}\n.avia-image-container.av-lpml9pwp-366167c2e4cd4bfebab004f9ecc8103e .av-image-caption-overlay-center{\ncolor:#ffffff;\n}\n<\/style>\n<div  class='avia-image-container av-lpml9pwp-366167c2e4cd4bfebab004f9ecc8103e av-styling- avia-align-center  avia-builder-el-4  avia-builder-el-no-sibling '   itemprop=\"image\" itemscope=\"itemscope\" itemtype=\"https:\/\/schema.org\/ImageObject\" ><div class=\"avia-image-container-inner\"><div class=\"avia-image-overlay-wrap\"><img decoding=\"async\" fetchpriority=\"high\" class='wp-image-79573 avia-img-lazy-loading-not-79573 avia_image ' src=\"https:\/\/step-lab.com\/wp-content\/uploads\/2022\/06\/DSC_0789o-619x1030.png\" alt='' title='DSC_0789o'  height=\"1030\" width=\"619\"  itemprop=\"thumbnailUrl\" srcset=\"https:\/\/step-lab.com\/wp-content\/uploads\/2022\/06\/DSC_0789o-619x1030.png 619w, https:\/\/step-lab.com\/wp-content\/uploads\/2022\/06\/DSC_0789o-180x300.png 180w, https:\/\/step-lab.com\/wp-content\/uploads\/2022\/06\/DSC_0789o-768x1279.png 768w, https:\/\/step-lab.com\/wp-content\/uploads\/2022\/06\/DSC_0789o-922x1536.png 922w, https:\/\/step-lab.com\/wp-content\/uploads\/2022\/06\/DSC_0789o-1230x2048.png 1230w, https:\/\/step-lab.com\/wp-content\/uploads\/2022\/06\/DSC_0789o-901x1500.png 901w, https:\/\/step-lab.com\/wp-content\/uploads\/2022\/06\/DSC_0789o-423x705.png 423w\" sizes=\"(max-width: 619px) 100vw, 619px\" \/><\/div><\/div><\/div><\/div>\n<style type=\"text\/css\" data-created_by=\"avia_inline_auto\" id=\"style-css-av-2ob6n2-37299a70bd5e136f7b7643b9c47a5fee\">\n.flex_column.av-2ob6n2-37299a70bd5e136f7b7643b9c47a5fee{\nborder-radius:0px 0px 0px 0px;\npadding:0px 0px 0px 0px;\n}\n<\/style>\n<div  class='flex_column av-2ob6n2-37299a70bd5e136f7b7643b9c47a5fee av_three_fifth  avia-builder-el-5  el_after_av_one_third  avia-builder-el-last  flex_column_div av-zero-column-padding  '     ><style type=\"text\/css\" data-created_by=\"avia_inline_auto\" id=\"style-css-av-kz5emoty-15618559e2667776fba04fac8a862e81\">\n#top .av_textblock_section.av-kz5emoty-15618559e2667776fba04fac8a862e81 .avia_textblock{\nfont-size:18px;\n}\n<\/style>\n<section  class='av_textblock_section av-kz5emoty-15618559e2667776fba04fac8a862e81 '   itemscope=\"itemscope\" itemtype=\"https:\/\/schema.org\/CreativeWork\" ><div class='avia_textblock'  itemprop=\"text\" ><h2>Mantenimiento preventivo<br \/><\/h2>\n<p>El <strong>mantenimiento preventivo<\/strong>, combinado con los servicios de calibraci\u00f3n, es la soluci\u00f3n \u00f3ptima para garantizar el cumplimiento de las normas ISO 9001, ASTM E4 y ASTM E83. Nuestros ingenieros de STEP Lab son expertos en mantenimiento de equipos, con acceso a documentaci\u00f3n y piezas espec\u00edficas, lo que garantiza un rendimiento \u00f3ptimo. Nuestras visitas incluyen actividades destinadas a minimizar el tiempo de inactividad y maximizar el rendimiento de su sistema de pruebas.  <\/p>\n<h2>Actualizaciones<\/h2>\n<p>Nuestros t\u00e9cnicos especializados, disponibles en todo el mundo, garantizan el funcionamiento continuo de sus sistemas y la estabilidad de sus datos. Ofrecemos servicios de campo personalizados, que reducen los costes y el tiempo de inactividad. Nuestro equipo de ingenieros y t\u00e9cnicos experimentados est\u00e1 preparado para ocuparse de la reparaci\u00f3n y renovaci\u00f3n de sus sistemas, ofreciendo soluciones completas para garantizar la continuidad de su negocio. Para su total tranquilidad, ofrecemos garant\u00edas ampliadas para la mayor\u00eda de los sistemas en producci\u00f3n, comprometi\u00e9ndonos a mantenerle en funcionamiento sin interrupciones.<\/p>\n<\/div><\/section><br \/>\n\n<style type=\"text\/css\" data-created_by=\"avia_inline_auto\" id=\"style-css-av-kwov6uz9-1ba75c9e0ecb97878ca5c9d97f63628a\">\n#top .hr.hr-invisible.av-kwov6uz9-1ba75c9e0ecb97878ca5c9d97f63628a{\nheight:20px;\n}\n<\/style>\n<div  class='hr av-kwov6uz9-1ba75c9e0ecb97878ca5c9d97f63628a hr-invisible  avia-builder-el-7  el_after_av_textblock  el_before_av_textblock '><span class='hr-inner '><span class=\"hr-inner-style\"><\/span><\/span><\/div><br \/>\n<section  class='av_textblock_section av-kwovl9fx-abcf3bad45e83af91d2c427dbfa2e32c '   itemscope=\"itemscope\" itemtype=\"https:\/\/schema.org\/CreativeWork\" ><div class='avia_textblock'  itemprop=\"text\" ><h5 style=\"text-align: left;\">P\u00f3ngase en contacto con nosotros para conseguir la promoci\u00f3n adecuada para su empresa.<br \/><\/h5>\n<\/div><\/section><br \/>\n\n<style type=\"text\/css\" data-created_by=\"avia_inline_auto\" id=\"style-css-av-kwov6uz9-3-46c6b609f2f1e28a98fd9aa930e4be8b\">\n#top .hr.hr-invisible.av-kwov6uz9-3-46c6b609f2f1e28a98fd9aa930e4be8b{\nheight:50px;\n}\n<\/style>\n<div  class='hr av-kwov6uz9-3-46c6b609f2f1e28a98fd9aa930e4be8b hr-invisible  avia-builder-el-9  el_after_av_textblock  el_before_av_buttonrow '><span class='hr-inner '><span class=\"hr-inner-style\"><\/span><\/span><\/div><br \/>\n<div  class='avia-buttonrow-wrap av-l56tm07k-6146f5c576e91641772620afcca4cc07 avia-buttonrow-left  avia-builder-el-10  el_after_av_hr  avia-builder-el-last '>\n\n<style type=\"text\/css\" data-created_by=\"avia_inline_auto\" id=\"style-css-av-l56tlzqm-5801a45545bcc1c6a13c6af24cd141e0\">\n#top #wrap_all .avia-button.av-l56tlzqm-5801a45545bcc1c6a13c6af24cd141e0{\nmargin-bottom:5px;\nmargin-right:5px;\n}\n<\/style>\n<a href='https:\/\/step-lab.com\/it\/contatti\/'  class='avia-button av-l56tlzqm-5801a45545bcc1c6a13c6af24cd141e0 avia-icon_select-yes-left-icon avia-size-x-large avia-color-theme-color'   aria-label=\"Contactos\"><span class='avia_button_icon avia_button_icon_left avia-iconfont avia-font-entypo-fontello' data-av_icon='\ue854' data-av_iconfont='entypo-fontello' ><\/span><span class='avia_iconbox_title' >Contactos<\/span><\/a>\n<\/div><\/p><\/div>\n<\/div><\/div><\/div><!-- close content main div --><\/div><\/div><div id='after_section_2'  class='main_color av_default_container_wrap container_wrap fullsize'  ><div class='container av-section-cont-open' ><div class='template-page content  av-content-full alpha units'><div class='post-entry post-entry-type-page post-entry-117484'><div class='entry-content-wrapper clearfix'>\n\n<style type=\"text\/css\" data-created_by=\"avia_inline_auto\" id=\"style-css-av-2iezot-3db7e577291d5f2169bb9574373f49ba\">\n.flex_column.av-2iezot-3db7e577291d5f2169bb9574373f49ba{\nborder-radius:0px 0px 0px 0px;\npadding:0px 0px 0px 0px;\n}\n<\/style>\n<div  class='flex_column av-2iezot-3db7e577291d5f2169bb9574373f49ba av_one_full  avia-builder-el-11  el_after_av_section  el_before_av_slideshow_accordion  avia-builder-el-no-sibling  first flex_column_div av-zero-column-padding  '     ><style type=\"text\/css\" data-created_by=\"avia_inline_auto\" id=\"style-css-av-kwnat6sl-8d3e7027b03e16a1bb6f5f7e84e229b2\">\n#top .av_textblock_section.av-kwnat6sl-8d3e7027b03e16a1bb6f5f7e84e229b2 .avia_textblock{\ncolor:#cf3339;\n}\n<\/style>\n<section  class='av_textblock_section av-kwnat6sl-8d3e7027b03e16a1bb6f5f7e84e229b2 '   itemscope=\"itemscope\" itemtype=\"https:\/\/schema.org\/CreativeWork\" ><div class='avia_textblock av_inherit_color'  itemprop=\"text\" ><h2 style=\"text-align: center;\"><span style=\"color: #cf3339;\">Otros productos<\/span><\/h2>\n<\/div><\/section><\/div>\n\n<style type=\"text\/css\" data-created_by=\"avia_inline_auto\" id=\"style-css-av-2mt2wlf-b7ecd4fce16c46b3c35d00ac2605d58d\">\n.avia-accordion.av-2mt2wlf-b7ecd4fce16c46b3c35d00ac2605d58d{\nmax-height:375px;\n}\n.avia-accordion.av-2mt2wlf-b7ecd4fce16c46b3c35d00ac2605d58d .aviaccordion-preview{\nwidth:25.1%;\n}\n.avia-accordion .aviaccordion-slide.av-2mt2wlf-b7ecd4fce16c46b3c35d00ac2605d58d__0{\nleft:0%;\n}\n.avia-accordion .aviaccordion-slide.av-2mt2wlf-b7ecd4fce16c46b3c35d00ac2605d58d__1{\nleft:25%;\n}\n.avia-accordion .aviaccordion-slide.av-2mt2wlf-b7ecd4fce16c46b3c35d00ac2605d58d__2{\nleft:50%;\n}\n.avia-accordion .aviaccordion-slide.av-2mt2wlf-b7ecd4fce16c46b3c35d00ac2605d58d__3{\nleft:75%;\n}\n<\/style>\n<div  id=\"accordion_slider_1\"  class='aviaccordion avia-accordion av-2mt2wlf-b7ecd4fce16c46b3c35d00ac2605d58d aviaccordion-title-on-hover av-slideshow-manual av-loop-once ' data-slideshow-options=\"{&quot;interval&quot;:5,&quot;autoplay&quot;:false,&quot;loop_autoplay&quot;:&quot;once&quot;}\"  itemscope=\"itemscope\" itemtype=\"https:\/\/schema.org\/Blog\" ><ul class=\"aviaccordion-inner\"><li class='aviaccordion-slide av-2mt2wlf-b7ecd4fce16c46b3c35d00ac2605d58d__0 aviaccordion-slide-1' data-av-left='0'  itemscope=\"itemscope\" itemtype=\"https:\/\/schema.org\/CreativeWork\" ><a class='aviaccordion-slide-link noHover' href=\"https:\/\/step-lab.com\/it\/sistemi-basati-su-motori-lineari\/\"  target='_blank'><div class='aviaccordion-preview av-accordion-text-center'><div class=\"aviaccordion-preview-title-pos\"><div class=\"aviaccordion-preview-title-wrap\"><div class=\"aviaccordion-preview-title\"><h3 class='aviaccordion-title '  itemprop=\"headline\" >Serie UD<\/h3><div class='aviaccordion-excerpt'  itemprop=\"text\" ><p>\nM\u00e1quinas de ensayo electrodin\u00e1micas<\/p>\n<\/div><\/div><\/div><\/div><\/div><img loading=\"lazy\" decoding=\"async\" width=\"710\" height=\"375\" src=\"https:\/\/step-lab.com\/wp-content\/uploads\/2023\/08\/dynamic-test-machine-710x375.jpg\" class=\"aviaccordion-image\" alt=\"\" \/><\/a><\/li><li class='aviaccordion-slide av-2mt2wlf-b7ecd4fce16c46b3c35d00ac2605d58d__1 aviaccordion-slide-2' data-av-left='25'  itemscope=\"itemscope\" itemtype=\"https:\/\/schema.org\/CreativeWork\" ><a class='aviaccordion-slide-link noHover' href=\"https:\/\/step-lab.com\/it\/sistemi-di-prova-elettromeccanici\/\"  target='_blank'><div class='aviaccordion-preview av-accordion-text-center'><div class=\"aviaccordion-preview-title-pos\"><div class=\"aviaccordion-preview-title-wrap\"><div class=\"aviaccordion-preview-title\"><h3 class='aviaccordion-title '  itemprop=\"headline\" >Serie EA<\/h3><div class='aviaccordion-excerpt'  itemprop=\"text\" ><p>\nM\u00e1quinas de ensayo electromec\u00e1nicas<\/p>\n<\/div><\/div><\/div><\/div><\/div><img loading=\"lazy\" decoding=\"async\" width=\"710\" height=\"375\" src=\"https:\/\/step-lab.com\/wp-content\/uploads\/2022\/06\/Macchie-statiche-2-710x375.png\" class=\"aviaccordion-image\" alt=\"\" \/><\/a><\/li><li class='aviaccordion-slide av-2mt2wlf-b7ecd4fce16c46b3c35d00ac2605d58d__2 aviaccordion-slide-3' data-av-left='50'  itemscope=\"itemscope\" itemtype=\"https:\/\/schema.org\/CreativeWork\" ><a class='aviaccordion-slide-link noHover' href=\"https:\/\/step-lab.com\/it\/torri-di-caduta\/\"  target='_blank'><div class='aviaccordion-preview av-accordion-text-center'><div class=\"aviaccordion-preview-title-pos\"><div class=\"aviaccordion-preview-title-wrap\"><div class=\"aviaccordion-preview-title\"><h3 class='aviaccordion-title '  itemprop=\"headline\" >Serie DW<\/h3><div class='aviaccordion-excerpt'  itemprop=\"text\" ><p>\nTorres de pesas de ca\u00edda<\/p>\n<\/div><\/div><\/div><\/div><\/div><img loading=\"lazy\" decoding=\"async\" width=\"710\" height=\"375\" src=\"https:\/\/step-lab.com\/wp-content\/uploads\/2024\/02\/DW750-1000-2000-710x375.png\" class=\"aviaccordion-image\" alt=\"\" \/><\/a><\/li><li class='aviaccordion-slide av-2mt2wlf-b7ecd4fce16c46b3c35d00ac2605d58d__3 aviaccordion-slide-4' data-av-left='75'  itemscope=\"itemscope\" itemtype=\"https:\/\/schema.org\/CreativeWork\" ><a class='aviaccordion-slide-link noHover' href=\"https:\/\/step-lab.com\/it\/sistemi-di-prova-per-calzatura\/\"  target='_blank'><div class='aviaccordion-preview av-accordion-text-center'><div class=\"aviaccordion-preview-title-pos\"><div class=\"aviaccordion-preview-title-wrap\"><div class=\"aviaccordion-preview-title\"><h3 class='aviaccordion-title '  itemprop=\"headline\" >M\u00e1quinas de ensayo de calzado&lt;br&gt;<\/h3><\/div><\/div><\/div><\/div><img loading=\"lazy\" decoding=\"async\" width=\"710\" height=\"375\" src=\"https:\/\/step-lab.com\/wp-content\/uploads\/2023\/12\/footwear-testing-systems-710x375.png\" class=\"aviaccordion-image\" alt=\"\" \/><\/a><\/li><\/ul><div class='aviaccordion-spacer' style='padding-bottom:52.816901408451%'><\/div><\/div>\n","protected":false},"excerpt":{"rendered":"<p>Proporcionamos un servicio de actualizaci\u00f3n para instalaciones de pruebas mec\u00e1nicas, lo que nos permite mantener los sistemas en funcionamiento y el flujo de datos estable en todo momento.<\/p>\n","protected":false},"author":5,"featured_media":0,"parent":0,"menu_order":0,"comment_status":"closed","ping_status":"closed","template":"","meta":{"_acf_changed":false,"footnotes":""},"class_list":["post-117484","page","type-page","status-publish","hentry"],"acf":[],"yoast_head":"<!-- This site is optimized with the Yoast SEO Premium plugin v27.3 (Yoast SEO v27.3) - https:\/\/yoast.com\/product\/yoast-seo-premium-wordpress\/ -->\n<title>Modernizaci\u00f3n de las m\u00e1quinas de ensayo - STEP Lab<\/title>\n<meta name=\"description\" content=\"Ofrecemos servicios de mantenimiento y actualizaci\u00f3n de m\u00e1quinas de ensayo para mantener los sistemas en funcionamiento y con un alto rendimiento.\" \/>\n<meta name=\"robots\" content=\"index, follow, max-snippet:-1, max-image-preview:large, max-video-preview:-1\" \/>\n<link rel=\"canonical\" href=\"https:\/\/step-lab.com\/es\/mantenimiento-modernizacion\/\" \/>\n<meta property=\"og:locale\" content=\"es_ES\" \/>\n<meta property=\"og:type\" content=\"article\" \/>\n<meta property=\"og:title\" content=\"Mantenimiento y modernizaci\u00f3n\" \/>\n<meta property=\"og:description\" content=\"Ofrecemos servicios de mantenimiento y actualizaci\u00f3n de m\u00e1quinas de ensayo para mantener los sistemas en funcionamiento y con un alto rendimiento.\" \/>\n<meta property=\"og:url\" content=\"https:\/\/step-lab.com\/es\/mantenimiento-modernizacion\/\" \/>\n<meta property=\"og:site_name\" content=\"STEP Lab\" \/>\n<meta property=\"article:publisher\" content=\"https:\/\/www.facebook.com\/step.lab.macchine\/\" \/>\n<meta property=\"article:modified_time\" content=\"2025-07-14T07:30:10+00:00\" \/>\n<meta name=\"twitter:card\" content=\"summary_large_image\" \/>\n<meta name=\"twitter:label1\" content=\"Tiempo de lectura\" \/>\n\t<meta name=\"twitter:data1\" content=\"15 minutos\" \/>\n<script type=\"application\/ld+json\" class=\"yoast-schema-graph\">{\"@context\":\"https:\\\/\\\/schema.org\",\"@graph\":[{\"@type\":\"WebPage\",\"@id\":\"https:\\\/\\\/step-lab.com\\\/es\\\/mantenimiento-modernizacion\\\/\",\"url\":\"https:\\\/\\\/step-lab.com\\\/es\\\/mantenimiento-modernizacion\\\/\",\"name\":\"Modernizaci\u00f3n de las m\u00e1quinas de ensayo - STEP Lab\",\"isPartOf\":{\"@id\":\"https:\\\/\\\/step-lab.com\\\/es\\\/#website\"},\"datePublished\":\"2025-07-14T07:30:05+00:00\",\"dateModified\":\"2025-07-14T07:30:10+00:00\",\"description\":\"Ofrecemos servicios de mantenimiento y actualizaci\u00f3n de m\u00e1quinas de ensayo para mantener los sistemas en funcionamiento y con un alto rendimiento.\",\"breadcrumb\":{\"@id\":\"https:\\\/\\\/step-lab.com\\\/es\\\/mantenimiento-modernizacion\\\/#breadcrumb\"},\"inLanguage\":\"es\",\"potentialAction\":[{\"@type\":\"ReadAction\",\"target\":[\"https:\\\/\\\/step-lab.com\\\/es\\\/mantenimiento-modernizacion\\\/\"]}]},{\"@type\":\"BreadcrumbList\",\"@id\":\"https:\\\/\\\/step-lab.com\\\/es\\\/mantenimiento-modernizacion\\\/#breadcrumb\",\"itemListElement\":[{\"@type\":\"ListItem\",\"position\":1,\"name\":\"Home\",\"item\":\"https:\\\/\\\/step-lab.com\\\/es\\\/maquinas-de-ensayo-mecanicos\\\/\"},{\"@type\":\"ListItem\",\"position\":2,\"name\":\"Mantenimiento y modernizaci\u00f3n\"}]},{\"@type\":\"WebSite\",\"@id\":\"https:\\\/\\\/step-lab.com\\\/es\\\/#website\",\"url\":\"https:\\\/\\\/step-lab.com\\\/es\\\/\",\"name\":\"Step Lab\",\"description\":\"Testing machines\",\"publisher\":{\"@id\":\"https:\\\/\\\/step-lab.com\\\/es\\\/#organization\"},\"potentialAction\":[{\"@type\":\"SearchAction\",\"target\":{\"@type\":\"EntryPoint\",\"urlTemplate\":\"https:\\\/\\\/step-lab.com\\\/es\\\/?s={search_term_string}\"},\"query-input\":{\"@type\":\"PropertyValueSpecification\",\"valueRequired\":true,\"valueName\":\"search_term_string\"}}],\"inLanguage\":\"es\"},{\"@type\":\"Organization\",\"@id\":\"https:\\\/\\\/step-lab.com\\\/es\\\/#organization\",\"name\":\"STEP Lab\",\"url\":\"https:\\\/\\\/step-lab.com\\\/es\\\/\",\"logo\":{\"@type\":\"ImageObject\",\"inLanguage\":\"es\",\"@id\":\"https:\\\/\\\/step-lab.com\\\/es\\\/#\\\/schema\\\/logo\\\/image\\\/\",\"url\":\"https:\\\/\\\/step-lab.com\\\/wp-content\\\/uploads\\\/2022\\\/08\\\/STEP-Lab-logoclaim-1.png\",\"contentUrl\":\"https:\\\/\\\/step-lab.com\\\/wp-content\\\/uploads\\\/2022\\\/08\\\/STEP-Lab-logoclaim-1.png\",\"width\":4316,\"height\":1395,\"caption\":\"STEP Lab\"},\"image\":{\"@id\":\"https:\\\/\\\/step-lab.com\\\/es\\\/#\\\/schema\\\/logo\\\/image\\\/\"},\"sameAs\":[\"https:\\\/\\\/www.facebook.com\\\/step.lab.macchine\\\/\",\"https:\\\/\\\/it.linkedin.com\\\/company\\\/step-lab\",\"https:\\\/\\\/www.youtube.com\\\/c\\\/STEPLab\",\"https:\\\/\\\/www.instagram.com\\\/step__lab\\\/?hl=it\"]}]}<\/script>\n<!-- \/ Yoast SEO Premium plugin. -->","yoast_head_json":{"title":"Modernizaci\u00f3n de las m\u00e1quinas de ensayo - STEP Lab","description":"Ofrecemos servicios de mantenimiento y actualizaci\u00f3n de m\u00e1quinas de ensayo para mantener los sistemas en funcionamiento y con un alto rendimiento.","robots":{"index":"index","follow":"follow","max-snippet":"max-snippet:-1","max-image-preview":"max-image-preview:large","max-video-preview":"max-video-preview:-1"},"canonical":"https:\/\/step-lab.com\/es\/mantenimiento-modernizacion\/","og_locale":"es_ES","og_type":"article","og_title":"Mantenimiento y modernizaci\u00f3n","og_description":"Ofrecemos servicios de mantenimiento y actualizaci\u00f3n de m\u00e1quinas de ensayo para mantener los sistemas en funcionamiento y con un alto rendimiento.","og_url":"https:\/\/step-lab.com\/es\/mantenimiento-modernizacion\/","og_site_name":"STEP Lab","article_publisher":"https:\/\/www.facebook.com\/step.lab.macchine\/","article_modified_time":"2025-07-14T07:30:10+00:00","twitter_card":"summary_large_image","twitter_misc":{"Tiempo de lectura":"15 minutos"},"schema":{"@context":"https:\/\/schema.org","@graph":[{"@type":"WebPage","@id":"https:\/\/step-lab.com\/es\/mantenimiento-modernizacion\/","url":"https:\/\/step-lab.com\/es\/mantenimiento-modernizacion\/","name":"Modernizaci\u00f3n de las m\u00e1quinas de ensayo - STEP Lab","isPartOf":{"@id":"https:\/\/step-lab.com\/es\/#website"},"datePublished":"2025-07-14T07:30:05+00:00","dateModified":"2025-07-14T07:30:10+00:00","description":"Ofrecemos servicios de mantenimiento y actualizaci\u00f3n de m\u00e1quinas de ensayo para mantener los sistemas en funcionamiento y con un alto rendimiento.","breadcrumb":{"@id":"https:\/\/step-lab.com\/es\/mantenimiento-modernizacion\/#breadcrumb"},"inLanguage":"es","potentialAction":[{"@type":"ReadAction","target":["https:\/\/step-lab.com\/es\/mantenimiento-modernizacion\/"]}]},{"@type":"BreadcrumbList","@id":"https:\/\/step-lab.com\/es\/mantenimiento-modernizacion\/#breadcrumb","itemListElement":[{"@type":"ListItem","position":1,"name":"Home","item":"https:\/\/step-lab.com\/es\/maquinas-de-ensayo-mecanicos\/"},{"@type":"ListItem","position":2,"name":"Mantenimiento y modernizaci\u00f3n"}]},{"@type":"WebSite","@id":"https:\/\/step-lab.com\/es\/#website","url":"https:\/\/step-lab.com\/es\/","name":"Step Lab","description":"Testing machines","publisher":{"@id":"https:\/\/step-lab.com\/es\/#organization"},"potentialAction":[{"@type":"SearchAction","target":{"@type":"EntryPoint","urlTemplate":"https:\/\/step-lab.com\/es\/?s={search_term_string}"},"query-input":{"@type":"PropertyValueSpecification","valueRequired":true,"valueName":"search_term_string"}}],"inLanguage":"es"},{"@type":"Organization","@id":"https:\/\/step-lab.com\/es\/#organization","name":"STEP Lab","url":"https:\/\/step-lab.com\/es\/","logo":{"@type":"ImageObject","inLanguage":"es","@id":"https:\/\/step-lab.com\/es\/#\/schema\/logo\/image\/","url":"https:\/\/step-lab.com\/wp-content\/uploads\/2022\/08\/STEP-Lab-logoclaim-1.png","contentUrl":"https:\/\/step-lab.com\/wp-content\/uploads\/2022\/08\/STEP-Lab-logoclaim-1.png","width":4316,"height":1395,"caption":"STEP Lab"},"image":{"@id":"https:\/\/step-lab.com\/es\/#\/schema\/logo\/image\/"},"sameAs":["https:\/\/www.facebook.com\/step.lab.macchine\/","https:\/\/it.linkedin.com\/company\/step-lab","https:\/\/www.youtube.com\/c\/STEPLab","https:\/\/www.instagram.com\/step__lab\/?hl=it"]}]}},"_links":{"self":[{"href":"https:\/\/step-lab.com\/es\/wp-json\/wp\/v2\/pages\/117484","targetHints":{"allow":["GET"]}}],"collection":[{"href":"https:\/\/step-lab.com\/es\/wp-json\/wp\/v2\/pages"}],"about":[{"href":"https:\/\/step-lab.com\/es\/wp-json\/wp\/v2\/types\/page"}],"author":[{"embeddable":true,"href":"https:\/\/step-lab.com\/es\/wp-json\/wp\/v2\/users\/5"}],"replies":[{"embeddable":true,"href":"https:\/\/step-lab.com\/es\/wp-json\/wp\/v2\/comments?post=117484"}],"version-history":[{"count":3,"href":"https:\/\/step-lab.com\/es\/wp-json\/wp\/v2\/pages\/117484\/revisions"}],"predecessor-version":[{"id":117508,"href":"https:\/\/step-lab.com\/es\/wp-json\/wp\/v2\/pages\/117484\/revisions\/117508"}],"wp:attachment":[{"href":"https:\/\/step-lab.com\/es\/wp-json\/wp\/v2\/media?parent=117484"}],"curies":[{"name":"wp","href":"https:\/\/api.w.org\/{rel}","templated":true}]}}