{"id":118097,"date":"2025-07-14T15:11:48","date_gmt":"2025-07-14T13:11:48","guid":{"rendered":"https:\/\/step-lab.com\/?page_id=118097"},"modified":"2025-07-24T12:49:59","modified_gmt":"2025-07-24T10:49:59","slug":"en-standard","status":"publish","type":"page","link":"https:\/\/step-lab.com\/es\/en-standard\/","title":{"rendered":"EN"},"content":{"rendered":"\n<style type=\"text\/css\" data-created_by=\"avia_inline_auto\" id=\"style-css-av-lpkxobdj-7fb55e2102d9a55ba69ca8b30b219e71\">\n.avia-section.av-lpkxobdj-7fb55e2102d9a55ba69ca8b30b219e71{\nbackground-repeat:no-repeat;\nbackground-image:url(https:\/\/step-lab.com\/wp-content\/uploads\/2023\/11\/test-standards.jpg);\nbackground-position:0% 0%;\nbackground-attachment:scroll;\n}\n.avia-section.av-lpkxobdj-7fb55e2102d9a55ba69ca8b30b219e71 .av-section-color-overlay{\nopacity:0.7;\nbackground-color:#0a0a0a;\n}\n<\/style>\n<div id='av_section_1'  class='avia-section av-lpkxobdj-7fb55e2102d9a55ba69ca8b30b219e71 main_color avia-section-default avia-no-border-styling  avia-builder-el-0  el_before_av_one_fifth  avia-builder-el-first  avia-full-stretch avia-bg-style-scroll av-section-color-overlay-active av-minimum-height av-minimum-height-custom av-height-custom  container_wrap fullsize'  data-section-bg-repeat='stretch' data-av_minimum_height_px='300'><div class=\"av-section-color-overlay-wrap\"><div class=\"av-section-color-overlay\"><\/div><div class='container av-section-cont-open' style='height:300px'><main  role=\"main\" itemprop=\"mainContentOfPage\"  class='template-page content  av-content-full alpha units'><div class='post-entry post-entry-type-page post-entry-118097'><div class='entry-content-wrapper clearfix'>\n\n<style type=\"text\/css\" data-created_by=\"avia_inline_auto\" id=\"style-css-av-lh5y3d04-3f43b2ebe4066c39ffd13103eac8a266\">\n#top .av_textblock_section.av-lh5y3d04-3f43b2ebe4066c39ffd13103eac8a266 .avia_textblock{\ncolor:#ffffff;\n}\n<\/style>\n<section  class='av_textblock_section av-lh5y3d04-3f43b2ebe4066c39ffd13103eac8a266 '   itemscope=\"itemscope\" itemtype=\"https:\/\/schema.org\/CreativeWork\" ><div class='avia_textblock av_inherit_color'  itemprop=\"text\" ><h1 style=\"text-align: center;\">EST\u00c1NDAR ES<\/h1>\n<\/div><\/section>\n<\/div><\/div><\/main><!-- close content main element --><\/div><\/div><\/div><div id='after_section_1'  class='main_color av_default_container_wrap container_wrap fullsize'  ><div class='container av-section-cont-open' ><div class='template-page content  av-content-full alpha units'><div class='post-entry post-entry-type-page post-entry-118097'><div class='entry-content-wrapper clearfix'>\n<div  class='flex_column av-299tqmw-7d8c3df5058b67a70b318ac60b3d3c8b av_one_fifth  avia-builder-el-2  el_after_av_section  el_before_av_three_fifth  avia-builder-el-first  first flex_column_div  '     ><\/div>\n<div  class='flex_column av-1k0kjko-39018bd28a801c24c6256c8816166c0c av_three_fifth  avia-builder-el-3  el_after_av_one_fifth  el_before_av_one_fifth  flex_column_div  '     ><p>\n<style type=\"text\/css\" data-created_by=\"avia_inline_auto\" id=\"style-css-av-li2rk6cl-e0fc515c19e9173d26ef3d763b9c7d94\">\n#top .hr.hr-invisible.av-li2rk6cl-e0fc515c19e9173d26ef3d763b9c7d94{\nheight:20px;\n}\n<\/style>\n<div  class='hr av-li2rk6cl-e0fc515c19e9173d26ef3d763b9c7d94 hr-invisible  avia-builder-el-4  el_before_av_textblock  avia-builder-el-first '><span class='hr-inner '><span class=\"hr-inner-style\"><\/span><\/span><\/div><br \/>\n\n<style type=\"text\/css\" data-created_by=\"avia_inline_auto\" id=\"style-css-av-li2rl5gl-965a7e0e2defa6588ec5e56fdcae82dd\">\n#top .av_textblock_section.av-li2rl5gl-965a7e0e2defa6588ec5e56fdcae82dd .avia_textblock{\nfont-size:18px;\n}\n<\/style>\n<section  class='av_textblock_section av-li2rl5gl-965a7e0e2defa6588ec5e56fdcae82dd '   itemscope=\"itemscope\" itemtype=\"https:\/\/schema.org\/CreativeWork\" ><div class='avia_textblock'  itemprop=\"text\" ><p><strong>EN<\/strong> (Norma Europea) es un sistema de normas t\u00e9cnicas elaborado por el Comit\u00e9 Europeo de Normalizaci\u00f3n (CEN). Proporciona un marco armonizado para las especificaciones de los productos, los m\u00e9todos de ensayo y los requisitos de rendimiento en los pa\u00edses europeos. Con un amplio conjunto de normas que abarcan varios sectores, el uso de las normas normalizadas EN ofrece numerosas ventajas. Entre ellas, promover el acceso al mercado y el comercio dentro de la UE, garantizar la seguridad y el rendimiento de los productos, facilitar el cumplimiento de la normativa y fomentar la innovaci\u00f3n y la competitividad.   <\/p>\n<p>A continuaci\u00f3n figura una lista num\u00e9rica de las normas EN, desglosada por aplicaciones espec\u00edficas o sectores industriales.<\/p>\n<\/div><\/section><br \/>\n<div  class='hr av-163dujc-4c241e816f7510553f7f8136a74e540c hr-default  avia-builder-el-6  el_after_av_textblock  el_before_av_textblock '><span class='hr-inner '><span class=\"hr-inner-style\"><\/span><\/span><\/div><br \/>\n<section  class='av_textblock_section av-kxej78vy-216b1348cb33edb345c002bc3fb8d3cd '   itemscope=\"itemscope\" itemtype=\"https:\/\/schema.org\/CreativeWork\" ><div class='avia_textblock'  itemprop=\"text\" ><h2>NORMAS DE ENSAYO PARA MATERIALES COMPUESTOS<\/h2>\n<\/div><\/section><br \/>\n\n<style type=\"text\/css\" data-created_by=\"avia_inline_auto\" id=\"style-css-av-1a77s1k-153efb5fd80effd8056ade7883394ef4\">\n#top .hr.hr-invisible.av-1a77s1k-153efb5fd80effd8056ade7883394ef4{\nheight:20px;\n}\n<\/style>\n<div  class='hr av-1a77s1k-153efb5fd80effd8056ade7883394ef4 hr-invisible  avia-builder-el-8  el_after_av_textblock  el_before_av_textblock '><span class='hr-inner '><span class=\"hr-inner-style\"><\/span><\/span><\/div><br \/>\n\n<style type=\"text\/css\" data-created_by=\"avia_inline_auto\" id=\"style-css-av-kxej67dm-7ef6f9e19f81dd5758058a4f224ebbe8\">\n#top .av_textblock_section.av-kxej67dm-7ef6f9e19f81dd5758058a4f224ebbe8 .avia_textblock{\nfont-size:18px;\n}\n<\/style>\n<section  class='av_textblock_section av-kxej67dm-7ef6f9e19f81dd5758058a4f224ebbe8 '   itemscope=\"itemscope\" itemtype=\"https:\/\/schema.org\/CreativeWork\" ><div class='avia_textblock'  itemprop=\"text\" ><table>\n<tbody>\n<tr>\n<th>Est\u00e1ndar<\/th>\n<th>Descripci\u00f3n<\/th>\n<\/tr>\n<tr>\n<td>EN 2377<\/td>\n<td>Resistencia aparente al cizallamiento interlaminar de los pl\u00e1sticos reforzados con fibra de vidrio<\/td>\n<\/tr>\n<tr>\n<td>EN 2561<\/td>\n<td>Propiedades de tracci\u00f3n paralelas a la direcci\u00f3n de la fibra de los pl\u00e1sticos unidireccionales reforzados con fibra de carbono<\/td>\n<\/tr>\n<tr>\n<td>EN 2562<\/td>\n<td>Ensayo de flexi\u00f3n unidireccional en pl\u00e1stico reforzado con fibra de carbono paralela a la direcci\u00f3n de la fibra<\/td>\n<\/tr>\n<tr>\n<td>EN 2597<\/td>\n<td>Propiedades de tracci\u00f3n perpendicular a la direcci\u00f3n de la fibra de los pl\u00e1sticos unidireccionales reforzados con fibra de carbono<\/td>\n<\/tr>\n<tr>\n<td>EN 2746<\/td>\n<td>Ensayo de flexi\u00f3n en tres puntos de pl\u00e1stico reforzado con fibra de vidrio<\/td>\n<\/tr>\n<tr>\n<td>EN 6031<\/td>\n<td>Determinaci\u00f3n de las propiedades de cizallamiento en el plano<\/td>\n<\/tr>\n<\/tbody>\n<\/table>\n<\/div><\/section><br \/>\n<div  class='hr av-m65a1kdo-77263de9f35fbfbd9f8eef683ab81446 hr-default  avia-builder-el-10  el_after_av_textblock  el_before_av_textblock '><span class='hr-inner '><span class=\"hr-inner-style\"><\/span><\/span><\/div><br \/>\n<section  class='av_textblock_section av-m65a5d9l-a5377cecdfc3da123069f67809c6095a '   itemscope=\"itemscope\" itemtype=\"https:\/\/schema.org\/CreativeWork\" ><div class='avia_textblock'  itemprop=\"text\" ><h2>NORMAS DE ENSAYO PARA LA INDUSTRIA FERROVIARIA  <br \/><\/h2>\n<\/div><\/section><br \/>\n\n<style type=\"text\/css\" data-created_by=\"avia_inline_auto\" id=\"style-css-av-ucysu0-1bbd5d2b5adaa0fb8e38782b9c0cfc4a\">\n#top .hr.hr-invisible.av-ucysu0-1bbd5d2b5adaa0fb8e38782b9c0cfc4a{\nheight:20px;\n}\n<\/style>\n<div  class='hr av-ucysu0-1bbd5d2b5adaa0fb8e38782b9c0cfc4a hr-invisible  avia-builder-el-12  el_after_av_textblock  el_before_av_textblock '><span class='hr-inner '><span class=\"hr-inner-style\"><\/span><\/span><\/div><br \/>\n\n<style type=\"text\/css\" data-created_by=\"avia_inline_auto\" id=\"style-css-av-m65a5pun-6c66c6ccc411dd910f5ad57ae394bbcd\">\n#top .av_textblock_section.av-m65a5pun-6c66c6ccc411dd910f5ad57ae394bbcd .avia_textblock{\nfont-size:18px;\n}\n<\/style>\n<section  class='av_textblock_section av-m65a5pun-6c66c6ccc411dd910f5ad57ae394bbcd '   itemscope=\"itemscope\" itemtype=\"https:\/\/schema.org\/CreativeWork\" ><div class='avia_textblock'  itemprop=\"text\" ><table>\n<tbody>\n<tr>\n<td><a href=\"https:\/\/step-lab.com\/en-standard\/en-16730\/\"> EN 16730<\/a><\/td>\n<td><a href=\"https:\/\/step-lab.com\/en-standard\/en-16730\/\"> Aplicaciones ferroviarias &#8211; V\u00eda &#8211; Traviesas y soportes de hormig\u00f3n con placas de traviesas<br \/><\/a><\/td>\n<\/tr>\n<\/tbody>\n<\/table>\n<\/div><\/section><\/p><\/div><div  class='flex_column av-ky75mg-75d886b17658eade511f0507816bb858 av_one_fifth  avia-builder-el-14  el_after_av_three_fifth  avia-builder-el-last  flex_column_div  '     ><\/div><\/p>\n","protected":false},"excerpt":{"rendered":"","protected":false},"author":5,"featured_media":0,"parent":0,"menu_order":0,"comment_status":"closed","ping_status":"closed","template":"","meta":{"_acf_changed":false,"footnotes":""},"class_list":["post-118097","page","type-page","status-publish","hentry"],"acf":[],"yoast_head":"<!-- This site is optimized with the Yoast SEO Premium plugin v27.3 (Yoast SEO v27.3) - https:\/\/yoast.com\/product\/yoast-seo-premium-wordpress\/ -->\n<title>EN Est\u00e1ndar - STEP Lab<\/title>\n<meta name=\"description\" content=\"STEP Lab proporciona m\u00e1quinas de ensayo y software espec\u00edficos para realizar ensayos seg\u00fan las normas EN (normas europeas).\" \/>\n<meta name=\"robots\" content=\"index, follow, max-snippet:-1, max-image-preview:large, max-video-preview:-1\" \/>\n<link rel=\"canonical\" href=\"https:\/\/step-lab.com\/es\/en-standard\/\" \/>\n<meta property=\"og:locale\" content=\"es_ES\" \/>\n<meta property=\"og:type\" content=\"article\" \/>\n<meta property=\"og:title\" content=\"EN\" \/>\n<meta property=\"og:description\" content=\"STEP Lab proporciona m\u00e1quinas de ensayo y software espec\u00edficos para realizar ensayos seg\u00fan las normas EN (normas europeas).\" \/>\n<meta property=\"og:url\" content=\"https:\/\/step-lab.com\/es\/en-standard\/\" \/>\n<meta property=\"og:site_name\" content=\"STEP Lab\" \/>\n<meta property=\"article:publisher\" content=\"https:\/\/www.facebook.com\/step.lab.macchine\/\" \/>\n<meta property=\"article:modified_time\" content=\"2025-07-24T10:49:59+00:00\" \/>\n<meta name=\"twitter:card\" content=\"summary_large_image\" \/>\n<meta name=\"twitter:label1\" content=\"Tiempo de lectura\" \/>\n\t<meta name=\"twitter:data1\" content=\"14 minutos\" \/>\n<script type=\"application\/ld+json\" class=\"yoast-schema-graph\">{\"@context\":\"https:\\\/\\\/schema.org\",\"@graph\":[{\"@type\":\"WebPage\",\"@id\":\"https:\\\/\\\/step-lab.com\\\/es\\\/en-standard\\\/\",\"url\":\"https:\\\/\\\/step-lab.com\\\/es\\\/en-standard\\\/\",\"name\":\"EN Est\u00e1ndar - STEP Lab\",\"isPartOf\":{\"@id\":\"https:\\\/\\\/step-lab.com\\\/es\\\/#website\"},\"datePublished\":\"2025-07-14T13:11:48+00:00\",\"dateModified\":\"2025-07-24T10:49:59+00:00\",\"description\":\"STEP Lab proporciona m\u00e1quinas de ensayo y software espec\u00edficos para realizar ensayos seg\u00fan las normas EN (normas europeas).\",\"breadcrumb\":{\"@id\":\"https:\\\/\\\/step-lab.com\\\/es\\\/en-standard\\\/#breadcrumb\"},\"inLanguage\":\"es\",\"potentialAction\":[{\"@type\":\"ReadAction\",\"target\":[\"https:\\\/\\\/step-lab.com\\\/es\\\/en-standard\\\/\"]}]},{\"@type\":\"BreadcrumbList\",\"@id\":\"https:\\\/\\\/step-lab.com\\\/es\\\/en-standard\\\/#breadcrumb\",\"itemListElement\":[{\"@type\":\"ListItem\",\"position\":1,\"name\":\"Home\",\"item\":\"https:\\\/\\\/step-lab.com\\\/es\\\/maquinas-de-ensayo-mecanicos\\\/\"},{\"@type\":\"ListItem\",\"position\":2,\"name\":\"EN\"}]},{\"@type\":\"WebSite\",\"@id\":\"https:\\\/\\\/step-lab.com\\\/es\\\/#website\",\"url\":\"https:\\\/\\\/step-lab.com\\\/es\\\/\",\"name\":\"Step Lab\",\"description\":\"Testing machines\",\"publisher\":{\"@id\":\"https:\\\/\\\/step-lab.com\\\/es\\\/#organization\"},\"potentialAction\":[{\"@type\":\"SearchAction\",\"target\":{\"@type\":\"EntryPoint\",\"urlTemplate\":\"https:\\\/\\\/step-lab.com\\\/es\\\/?s={search_term_string}\"},\"query-input\":{\"@type\":\"PropertyValueSpecification\",\"valueRequired\":true,\"valueName\":\"search_term_string\"}}],\"inLanguage\":\"es\"},{\"@type\":\"Organization\",\"@id\":\"https:\\\/\\\/step-lab.com\\\/es\\\/#organization\",\"name\":\"STEP Lab\",\"url\":\"https:\\\/\\\/step-lab.com\\\/es\\\/\",\"logo\":{\"@type\":\"ImageObject\",\"inLanguage\":\"es\",\"@id\":\"https:\\\/\\\/step-lab.com\\\/es\\\/#\\\/schema\\\/logo\\\/image\\\/\",\"url\":\"https:\\\/\\\/step-lab.com\\\/wp-content\\\/uploads\\\/2022\\\/08\\\/STEP-Lab-logoclaim-1.png\",\"contentUrl\":\"https:\\\/\\\/step-lab.com\\\/wp-content\\\/uploads\\\/2022\\\/08\\\/STEP-Lab-logoclaim-1.png\",\"width\":4316,\"height\":1395,\"caption\":\"STEP Lab\"},\"image\":{\"@id\":\"https:\\\/\\\/step-lab.com\\\/es\\\/#\\\/schema\\\/logo\\\/image\\\/\"},\"sameAs\":[\"https:\\\/\\\/www.facebook.com\\\/step.lab.macchine\\\/\",\"https:\\\/\\\/it.linkedin.com\\\/company\\\/step-lab\",\"https:\\\/\\\/www.youtube.com\\\/c\\\/STEPLab\",\"https:\\\/\\\/www.instagram.com\\\/step__lab\\\/?hl=it\"]}]}<\/script>\n<!-- \/ Yoast SEO Premium plugin. -->","yoast_head_json":{"title":"EN Est\u00e1ndar - STEP Lab","description":"STEP Lab proporciona m\u00e1quinas de ensayo y software espec\u00edficos para realizar ensayos seg\u00fan las normas EN (normas europeas).","robots":{"index":"index","follow":"follow","max-snippet":"max-snippet:-1","max-image-preview":"max-image-preview:large","max-video-preview":"max-video-preview:-1"},"canonical":"https:\/\/step-lab.com\/es\/en-standard\/","og_locale":"es_ES","og_type":"article","og_title":"EN","og_description":"STEP Lab proporciona m\u00e1quinas de ensayo y software espec\u00edficos para realizar ensayos seg\u00fan las normas EN (normas europeas).","og_url":"https:\/\/step-lab.com\/es\/en-standard\/","og_site_name":"STEP Lab","article_publisher":"https:\/\/www.facebook.com\/step.lab.macchine\/","article_modified_time":"2025-07-24T10:49:59+00:00","twitter_card":"summary_large_image","twitter_misc":{"Tiempo de lectura":"14 minutos"},"schema":{"@context":"https:\/\/schema.org","@graph":[{"@type":"WebPage","@id":"https:\/\/step-lab.com\/es\/en-standard\/","url":"https:\/\/step-lab.com\/es\/en-standard\/","name":"EN Est\u00e1ndar - STEP Lab","isPartOf":{"@id":"https:\/\/step-lab.com\/es\/#website"},"datePublished":"2025-07-14T13:11:48+00:00","dateModified":"2025-07-24T10:49:59+00:00","description":"STEP Lab proporciona m\u00e1quinas de ensayo y software espec\u00edficos para realizar ensayos seg\u00fan las normas EN (normas europeas).","breadcrumb":{"@id":"https:\/\/step-lab.com\/es\/en-standard\/#breadcrumb"},"inLanguage":"es","potentialAction":[{"@type":"ReadAction","target":["https:\/\/step-lab.com\/es\/en-standard\/"]}]},{"@type":"BreadcrumbList","@id":"https:\/\/step-lab.com\/es\/en-standard\/#breadcrumb","itemListElement":[{"@type":"ListItem","position":1,"name":"Home","item":"https:\/\/step-lab.com\/es\/maquinas-de-ensayo-mecanicos\/"},{"@type":"ListItem","position":2,"name":"EN"}]},{"@type":"WebSite","@id":"https:\/\/step-lab.com\/es\/#website","url":"https:\/\/step-lab.com\/es\/","name":"Step Lab","description":"Testing machines","publisher":{"@id":"https:\/\/step-lab.com\/es\/#organization"},"potentialAction":[{"@type":"SearchAction","target":{"@type":"EntryPoint","urlTemplate":"https:\/\/step-lab.com\/es\/?s={search_term_string}"},"query-input":{"@type":"PropertyValueSpecification","valueRequired":true,"valueName":"search_term_string"}}],"inLanguage":"es"},{"@type":"Organization","@id":"https:\/\/step-lab.com\/es\/#organization","name":"STEP Lab","url":"https:\/\/step-lab.com\/es\/","logo":{"@type":"ImageObject","inLanguage":"es","@id":"https:\/\/step-lab.com\/es\/#\/schema\/logo\/image\/","url":"https:\/\/step-lab.com\/wp-content\/uploads\/2022\/08\/STEP-Lab-logoclaim-1.png","contentUrl":"https:\/\/step-lab.com\/wp-content\/uploads\/2022\/08\/STEP-Lab-logoclaim-1.png","width":4316,"height":1395,"caption":"STEP Lab"},"image":{"@id":"https:\/\/step-lab.com\/es\/#\/schema\/logo\/image\/"},"sameAs":["https:\/\/www.facebook.com\/step.lab.macchine\/","https:\/\/it.linkedin.com\/company\/step-lab","https:\/\/www.youtube.com\/c\/STEPLab","https:\/\/www.instagram.com\/step__lab\/?hl=it"]}]}},"_links":{"self":[{"href":"https:\/\/step-lab.com\/es\/wp-json\/wp\/v2\/pages\/118097","targetHints":{"allow":["GET"]}}],"collection":[{"href":"https:\/\/step-lab.com\/es\/wp-json\/wp\/v2\/pages"}],"about":[{"href":"https:\/\/step-lab.com\/es\/wp-json\/wp\/v2\/types\/page"}],"author":[{"embeddable":true,"href":"https:\/\/step-lab.com\/es\/wp-json\/wp\/v2\/users\/5"}],"replies":[{"embeddable":true,"href":"https:\/\/step-lab.com\/es\/wp-json\/wp\/v2\/comments?post=118097"}],"version-history":[{"count":5,"href":"https:\/\/step-lab.com\/es\/wp-json\/wp\/v2\/pages\/118097\/revisions"}],"predecessor-version":[{"id":118673,"href":"https:\/\/step-lab.com\/es\/wp-json\/wp\/v2\/pages\/118097\/revisions\/118673"}],"wp:attachment":[{"href":"https:\/\/step-lab.com\/es\/wp-json\/wp\/v2\/media?parent=118097"}],"curies":[{"name":"wp","href":"https:\/\/api.w.org\/{rel}","templated":true}]}}