{"id":118106,"date":"2022-05-13T17:06:19","date_gmt":"2022-05-13T15:06:19","guid":{"rendered":"https:\/\/step-lab.com\/iso\/"},"modified":"2025-07-14T15:52:47","modified_gmt":"2025-07-14T13:52:47","slug":"iso","status":"publish","type":"page","link":"https:\/\/step-lab.com\/es\/iso\/","title":{"rendered":"ISO"},"content":{"rendered":"\n<style type=\"text\/css\" data-created_by=\"avia_inline_auto\" id=\"style-css-av-lpl26yhu-f128fcce70ab6e5990d96afd7353c6b2\">\n.avia-section.av-lpl26yhu-f128fcce70ab6e5990d96afd7353c6b2{\nbackground-repeat:no-repeat;\nbackground-image:url(https:\/\/step-lab.com\/wp-content\/uploads\/2023\/11\/test-standards.jpg);\nbackground-position:0% 0%;\nbackground-attachment:scroll;\n}\n.avia-section.av-lpl26yhu-f128fcce70ab6e5990d96afd7353c6b2 .av-section-color-overlay{\nopacity:0.7;\nbackground-color:#0a0a0a;\n}\n<\/style>\n<div id='av_section_1'  class='avia-section av-lpl26yhu-f128fcce70ab6e5990d96afd7353c6b2 main_color avia-section-default avia-no-border-styling  avia-builder-el-0  el_before_av_one_fifth  avia-builder-el-first  avia-full-stretch avia-bg-style-scroll av-section-color-overlay-active av-minimum-height av-minimum-height-custom av-height-custom  container_wrap fullsize'  data-section-bg-repeat='stretch' data-av_minimum_height_px='300'><div class=\"av-section-color-overlay-wrap\"><div class=\"av-section-color-overlay\"><\/div><div class='container av-section-cont-open' style='height:300px'><main  role=\"main\" itemprop=\"mainContentOfPage\"  class='template-page content  av-content-full alpha units'><div class='post-entry post-entry-type-page post-entry-118106'><div class='entry-content-wrapper clearfix'>\n\n<style type=\"text\/css\" data-created_by=\"avia_inline_auto\" id=\"style-css-av-lh5y90lz-c1e27f48505efdbabc1dd628657a8b44\">\n#top .av_textblock_section.av-lh5y90lz-c1e27f48505efdbabc1dd628657a8b44 .avia_textblock{\ncolor:#ffffff;\n}\n<\/style>\n<section  class='av_textblock_section av-lh5y90lz-c1e27f48505efdbabc1dd628657a8b44 '   itemscope=\"itemscope\" itemtype=\"https:\/\/schema.org\/CreativeWork\" ><div class='avia_textblock av_inherit_color'  itemprop=\"text\" ><h1 style=\"text-align: center;\">NORMAS ISO<\/h1>\n<\/div><\/section>\n<\/div><\/div><\/main><!-- close content main element --><\/div><\/div><\/div><div id='after_section_1'  class='main_color av_default_container_wrap container_wrap fullsize'  ><div class='container av-section-cont-open' ><div class='template-page content  av-content-full alpha units'><div class='post-entry post-entry-type-page post-entry-118106'><div class='entry-content-wrapper clearfix'><div  class='flex_column av-4yjvu9l-fab3228dfeede9ea5199d872ff8cbb8b av_one_fifth  avia-builder-el-2  el_after_av_section  el_before_av_three_fifth  avia-builder-el-first  first flex_column_div  '     ><\/div><\/p>\n<div  class='flex_column av-4kn45cp-02e2a59a5c47e50d1fd9e3c5d4320efe av_three_fifth  avia-builder-el-3  el_after_av_one_fifth  el_before_av_one_fifth  flex_column_div  '     ><p>\n<style type=\"text\/css\" data-created_by=\"avia_inline_auto\" id=\"style-css-av-lhu7adps-fd6746879c68a94ce0b4ab9958f4a2d4\">\n#top .hr.hr-invisible.av-lhu7adps-fd6746879c68a94ce0b4ab9958f4a2d4{\nheight:20px;\n}\n<\/style>\n<div  class='hr av-lhu7adps-fd6746879c68a94ce0b4ab9958f4a2d4 hr-invisible  avia-builder-el-4  el_before_av_textblock  avia-builder-el-first '><span class='hr-inner '><span class=\"hr-inner-style\"><\/span><\/span><\/div><br \/>\n\n<style type=\"text\/css\" data-created_by=\"avia_inline_auto\" id=\"style-css-av-lhu7amqv-1c79603efb4fc709b9502d8dd6f06bbc\">\n#top .av_textblock_section.av-lhu7amqv-1c79603efb4fc709b9502d8dd6f06bbc .avia_textblock{\nfont-size:18px;\n}\n<\/style>\n<section  class='av_textblock_section av-lhu7amqv-1c79603efb4fc709b9502d8dd6f06bbc '   itemscope=\"itemscope\" itemtype=\"https:\/\/schema.org\/CreativeWork\" ><div class='avia_textblock'  itemprop=\"text\" ><p><strong>ISO<\/strong> (Organizaci\u00f3n Internacional de Normalizaci\u00f3n) es una organizaci\u00f3n no gubernamental de reconocimiento mundial fundada en 1947. Desarrolla y publica normas internacionales para diversos productos, servicios y sistemas con el fin de garantizar la calidad, la seguridad y la eficiencia en todos los sectores. Con una amplia gama de normas que abarcan diversos sectores, la ISO constituye un valioso recurso para las empresas de todo el mundo. Algunas de las ventajas de utilizar las normas ISO son: mejora del rendimiento organizativo, facilitaci\u00f3n del comercio mundial y la compatibilidad, mejora de la calidad de los productos y servicios, y fomento de la sostenibilidad medioambiental y la responsabilidad social.<\/p>\n<p>A continuaci\u00f3n encontrar\u00e1 una lista de normas ISO ordenadas num\u00e9ricamente, clasificadas por aplicaciones o sectores espec\u00edficos.<\/p>\n<\/div><\/section><br \/>\n\n<style type=\"text\/css\" data-created_by=\"avia_inline_auto\" id=\"style-css-av-luv4lahu-ba9a6033df167d0741aa92c112d14e89\">\n#top .av_textblock_section.av-luv4lahu-ba9a6033df167d0741aa92c112d14e89 .avia_textblock{\nfont-size:18px;\n}\n<\/style>\n<section  class='av_textblock_section av-luv4lahu-ba9a6033df167d0741aa92c112d14e89 '   itemscope=\"itemscope\" itemtype=\"https:\/\/schema.org\/CreativeWork\" ><div class='avia_textblock'  itemprop=\"text\" ><ul>\n<li><a href=\"#composite\">Normas de ensayo para materiales compuestos<\/a><\/li>\n<li><a href=\"#plastic\">Normas de ensayo para materiales pl\u00e1sticos<\/a><\/li>\n<li><a href=\"#metal\">Normas de ensayo para materiales met\u00e1licos<\/a><\/li>\n<li><a href=\"#biomedical\">Normas de ensayo para la industria biom\u00e9dica<\/a><\/li>\n<li><a href=\"#bike\">Normas de ensayo para la industria de la bicicleta<\/a><\/li>\n<\/ul>\n<\/div><\/section><br \/>\n<div  class='hr av-3z883a1-5741a79159f54a63f5840cd17b6de178 hr-default  avia-builder-el-7  el_after_av_textblock  el_before_av_textblock '><span class='hr-inner '><span class=\"hr-inner-style\"><\/span><\/span><\/div><br \/>\n<section  class='av_textblock_section av-kxej78vy-9c28e2d4508c025a5d26efdcdb360c75 '   itemscope=\"itemscope\" itemtype=\"https:\/\/schema.org\/CreativeWork\" ><div class='avia_textblock'  itemprop=\"text\" ><h2 id=\"composite\">NORMAS DE ENSAYO PARA MATERIALES COMPUESTOS<\/h2>\n<\/div><\/section><br \/>\n\n<style type=\"text\/css\" data-created_by=\"avia_inline_auto\" id=\"style-css-av-kxej7j0j-3be0d40bb9d74309497727df582f4c1e\">\n#top .hr.hr-invisible.av-kxej7j0j-3be0d40bb9d74309497727df582f4c1e{\nheight:20px;\n}\n<\/style>\n<div  class='hr av-kxej7j0j-3be0d40bb9d74309497727df582f4c1e hr-invisible  avia-builder-el-9  el_after_av_textblock  el_before_av_textblock '><span class='hr-inner '><span class=\"hr-inner-style\"><\/span><\/span><\/div><br \/>\n\n<style type=\"text\/css\" data-created_by=\"avia_inline_auto\" id=\"style-css-av-kxej67dm-7ef6f9e19f81dd5758058a4f224ebbe8\">\n#top .av_textblock_section.av-kxej67dm-7ef6f9e19f81dd5758058a4f224ebbe8 .avia_textblock{\nfont-size:18px;\n}\n<\/style>\n<section  class='av_textblock_section av-kxej67dm-7ef6f9e19f81dd5758058a4f224ebbe8 '   itemscope=\"itemscope\" itemtype=\"https:\/\/schema.org\/CreativeWork\" ><div class='avia_textblock'  itemprop=\"text\" ><table>\n<tbody>\n<tr>\n<th style=\"width: 20%;\">Norma ISO<\/th>\n<th>Descripci\u00f3n<\/th>\n<\/tr>\n<tr>\n<td>ISO 527-5<\/td>\n<td>Propiedades a tracci\u00f3n de compuestos pl\u00e1sticos reforzados con fibra unidireccional<\/td>\n<\/tr>\n<tr>\n<td>ISO 14125<\/td>\n<td>Propiedades a flexi\u00f3n de compuestos pl\u00e1sticos reforzados con fibra<\/td>\n<\/tr>\n<tr>\n<td>ISO 14126<\/td>\n<td>Propiedades de compresi\u00f3n en el plano de compuestos pl\u00e1sticos reforzados con fibra<\/td>\n<\/tr>\n<tr>\n<td>ISO 14129<\/td>\n<td>Respuesta al esfuerzo cortante en el plano de compuestos pl\u00e1sticos reforzados con fibra<\/td>\n<\/tr>\n<tr>\n<td>ISO 14130<\/td>\n<td>Compuestos pl\u00e1sticos reforzados con fibra<\/td>\n<\/tr>\n<\/tbody>\n<\/table>\n<\/div><\/section><br \/>\n<div  class='hr av-3k4y1rt-ea27dd707944963af86e58d018e746e0 hr-default  avia-builder-el-11  el_after_av_textblock  el_before_av_textblock '><span class='hr-inner '><span class=\"hr-inner-style\"><\/span><\/span><\/div><br \/>\n<section  class='av_textblock_section av-kxej78vy-16-771365f6bb7e376f53a0d6965a502955 '   itemscope=\"itemscope\" itemtype=\"https:\/\/schema.org\/CreativeWork\" ><div class='avia_textblock'  itemprop=\"text\" ><h2 id=\"plastic\">NORMAS DE ENSAYO PARA MATERIALES PL\u00c1STICOS<\/h2>\n<\/div><\/section><br \/>\n\n<style type=\"text\/css\" data-created_by=\"avia_inline_auto\" id=\"style-css-av-kxej7j0j-15-fab481d6a8bc60e8cac3c6f80ebbabac\">\n#top .hr.hr-invisible.av-kxej7j0j-15-fab481d6a8bc60e8cac3c6f80ebbabac{\nheight:20px;\n}\n<\/style>\n<div  class='hr av-kxej7j0j-15-fab481d6a8bc60e8cac3c6f80ebbabac hr-invisible  avia-builder-el-13  el_after_av_textblock  el_before_av_textblock '><span class='hr-inner '><span class=\"hr-inner-style\"><\/span><\/span><\/div><br \/>\n\n<style type=\"text\/css\" data-created_by=\"avia_inline_auto\" id=\"style-css-av-kxej67dm-14-e952895318c607ae978c58f29dac389b\">\n#top .av_textblock_section.av-kxej67dm-14-e952895318c607ae978c58f29dac389b .avia_textblock{\nfont-size:18px;\n}\n<\/style>\n<section  class='av_textblock_section av-kxej67dm-14-e952895318c607ae978c58f29dac389b '   itemscope=\"itemscope\" itemtype=\"https:\/\/schema.org\/CreativeWork\" ><div class='avia_textblock'  itemprop=\"text\" ><table>\n<tbody>\n<tr>\n<th style=\"width: 20%;\">Norma ISO<\/th>\n<th>Descripci\u00f3n<\/th>\n<\/tr>\n<tr>\n<td>ISO 178<\/td>\n<td>Determinaci\u00f3n de propiedades a flexi\u00f3n (Ensayos de flexi\u00f3n en pl\u00e1sticos)<\/td>\n<\/tr>\n<tr>\n<td>ISO 179-1, ISO 179-2<\/td>\n<td>Determinaci\u00f3n de propiedades mediante ensayo Charpy<\/td>\n<\/tr>\n<tr>\n<td>ISO 527-2<\/td>\n<td>Determinaci\u00f3n de propiedades a tracci\u00f3n \u2013 Parte 2: Condiciones de ensayo para pl\u00e1sticos moldeados y extruidos<\/td>\n<\/tr>\n<tr>\n<td>ISO 527-3<\/td>\n<td>Determinaci\u00f3n de propiedades a tracci\u00f3n \u2013 Parte 3: Condiciones de ensayo para l\u00e1minas y pel\u00edculas<\/td>\n<\/tr>\n<tr>\n<td>ISO 527-4<\/td>\n<td>Propiedades a tracci\u00f3n de compuestos pl\u00e1sticos reforzados con fibra isotr\u00f3picos y ortotr\u00f3picos<\/td>\n<\/tr>\n<tr>\n<td>ISO 604<\/td>\n<td>Determinaci\u00f3n de propiedades a compresi\u00f3n<\/td>\n<\/tr>\n<tr>\n<td>ISO 2439<\/td>\n<td>Dureza por indentaci\u00f3n de espumas pl\u00e1sticas celulares flexibles<\/td>\n<\/tr>\n<tr>\n<td>ISO 3385<\/td>\n<td>Determinaci\u00f3n de la fatiga por impactos repetidos con carga constante<\/td>\n<\/tr>\n<tr>\n<td>ISO 6603-1, ISO 6603-2<\/td>\n<td>Determinaci\u00f3n del comportamiento frente a impacto por punci\u00f3n de materiales pl\u00e1sticos (ensayo sin instrumentaci\u00f3n \/ ensayo con instrumentaci\u00f3n)<\/td>\n<\/tr>\n<tr>\n<td>ISO 6721-5<\/td>\n<td>Determinaci\u00f3n de propiedades mec\u00e1nicas din\u00e1micas (DMA) \u2013 Parte 5: Vibraci\u00f3n en flexi\u00f3n \u2013 M\u00e9todo sin resonancia<\/td>\n<\/tr>\n<tr>\n<td>ISO 6721-12<\/td>\n<td>Determinaci\u00f3n de propiedades mec\u00e1nicas din\u00e1micas (DMA) \u2013 Parte 12: Vibraci\u00f3n en compresi\u00f3n \u2013 M\u00e9todo sin resonancia<\/td>\n<\/tr>\n<tr>\n<td>ISO 18489<\/td>\n<td>Determinaci\u00f3n de la resistencia al crecimiento lento de grietas bajo carga c\u00edclica \u2014 M\u00e9todo de ensayo Cracked Round Bar<\/td>\n<\/tr>\n<\/tbody>\n<\/table>\n<\/div><\/section><br \/>\n<div  class='hr av-30wtn15-968545d2ceea711f4e826133e5489a36 hr-default  avia-builder-el-15  el_after_av_textblock  el_before_av_textblock '><span class='hr-inner '><span class=\"hr-inner-style\"><\/span><\/span><\/div><br \/>\n<section  class='av_textblock_section av-kxej78vy-13-f6eb45bb8882ce73c7ff8d1b76ad6452 '   itemscope=\"itemscope\" itemtype=\"https:\/\/schema.org\/CreativeWork\" ><div class='avia_textblock'  itemprop=\"text\" ><h2 id=\"metal\">NORMAS DE ENSAYO PARA MATERIALES MET\u00c1LICOS<\/h2>\n<\/div><\/section><br \/>\n\n<style type=\"text\/css\" data-created_by=\"avia_inline_auto\" id=\"style-css-av-kxej7j0j-12-cbdf00caabbafcdc24b8ce278043636e\">\n#top .hr.hr-invisible.av-kxej7j0j-12-cbdf00caabbafcdc24b8ce278043636e{\nheight:20px;\n}\n<\/style>\n<div  class='hr av-kxej7j0j-12-cbdf00caabbafcdc24b8ce278043636e hr-invisible  avia-builder-el-17  el_after_av_textblock  el_before_av_textblock '><span class='hr-inner '><span class=\"hr-inner-style\"><\/span><\/span><\/div><br \/>\n\n<style type=\"text\/css\" data-created_by=\"avia_inline_auto\" id=\"style-css-av-kxej67dm-11-fd5af94a530b36a4a0ffc58b2dc28acb\">\n#top .av_textblock_section.av-kxej67dm-11-fd5af94a530b36a4a0ffc58b2dc28acb .avia_textblock{\nfont-size:18px;\n}\n<\/style>\n<section  class='av_textblock_section av-kxej67dm-11-fd5af94a530b36a4a0ffc58b2dc28acb '   itemscope=\"itemscope\" itemtype=\"https:\/\/schema.org\/CreativeWork\" ><div class='avia_textblock'  itemprop=\"text\" ><table>\n<tbody>\n<tr>\n<th style=\"width: 20%;\">Norma ISO<\/th>\n<th>Descripci\u00f3n<\/th>\n<\/tr>\n<tr>\n<td>ISO 6892-1, ISO 6892-2<\/td>\n<td>Ensayos de tracci\u00f3n (a temperatura ambiente y a temperatura elevada)<\/td>\n<\/tr>\n<tr>\n<td>ISO 7438<\/td>\n<td>Ensayos de flexi\u00f3n<\/td>\n<\/tr>\n<tr>\n<td>ISO 10113<\/td>\n<td>Chapas y flejes &#8211; Determinaci\u00f3n del coeficiente de deformaci\u00f3n pl\u00e1stica<\/td>\n<\/tr>\n<tr>\n<td>ISO 10275<\/td>\n<td>Chapas y flejes &#8211; Determinaci\u00f3n del exponente de endurecimiento por deformaci\u00f3n<\/td>\n<\/tr>\n<\/tbody>\n<\/table>\n<\/div><\/section><br \/>\n<div  class='hr av-2drrxeh-e9d61efd82f0408ad5b7a9f2a523f423 hr-default  avia-builder-el-19  el_after_av_textblock  el_before_av_textblock '><span class='hr-inner '><span class=\"hr-inner-style\"><\/span><\/span><\/div><br \/>\n<section  class='av_textblock_section av-lhonln79-dd90c23e5ea342deaed6a3c39e0819d1 '   itemscope=\"itemscope\" itemtype=\"https:\/\/schema.org\/CreativeWork\" ><div class='avia_textblock'  itemprop=\"text\" ><h2 id=\"biomedical\">NORMAS DE ENSAYO PARA LA INDUSTRIA BIOM\u00c9DICA<\/h2>\n<\/div><\/section><br \/>\n\n<style type=\"text\/css\" data-created_by=\"avia_inline_auto\" id=\"style-css-av-26gz6zd-c061a543c433da82fcf0c28f43be0354\">\n#top .hr.hr-invisible.av-26gz6zd-c061a543c433da82fcf0c28f43be0354{\nheight:20px;\n}\n<\/style>\n<div  class='hr av-26gz6zd-c061a543c433da82fcf0c28f43be0354 hr-invisible  avia-builder-el-21  el_after_av_textblock  el_before_av_textblock '><span class='hr-inner '><span class=\"hr-inner-style\"><\/span><\/span><\/div><br \/>\n\n<style type=\"text\/css\" data-created_by=\"avia_inline_auto\" id=\"style-css-av-lhonvrko-eb908b74bbde67ffc0059fd81c26fcb0\">\n#top .av_textblock_section.av-lhonvrko-eb908b74bbde67ffc0059fd81c26fcb0 .avia_textblock{\nfont-size:18px;\n}\n<\/style>\n<section  class='av_textblock_section av-lhonvrko-eb908b74bbde67ffc0059fd81c26fcb0 '   itemscope=\"itemscope\" itemtype=\"https:\/\/schema.org\/CreativeWork\" ><div class='avia_textblock'  itemprop=\"text\" ><table>\n<tbody>\n<tr>\n<th style=\"width: 20%;\">Norma ISO<\/th>\n<th>Descripci\u00f3n<\/th>\n<\/tr>\n<tr>\n<td>ISO 6872<\/td>\n<td>Odontolog\u00eda \u2013 Materiales cer\u00e1micos<\/td>\n<\/tr>\n<tr>\n<td>ISO 7206-4, ISO 7206-6<\/td>\n<td>Implantes quir\u00fargicos \u2013 Reemplazos parciales y totales de cadera:<\/p>\n<ul>\n<li>Determinaci\u00f3n de las propiedades de resistencia y rendimiento de componentes femorales con v\u00e1stago<\/li>\n<li>Ensayos de resistencia y requisitos de rendimiento de la regi\u00f3n del cuello de los componentes femorales con v\u00e1stago<\/li>\n<\/ul>\n<\/td>\n<\/tr>\n<tr>\n<td>ISO 9585<\/td>\n<td>Implantes quir\u00fargicos \u2013 Determinaci\u00f3n de la resistencia y rigidez a la flexi\u00f3n de placas \u00f3seas<\/td>\n<\/tr>\n<tr>\n<td>ISO 10328<\/td>\n<td>Ensayos estructurales de pr\u00f3tesis para extremidades inferiores<\/td>\n<\/tr>\n<tr>\n<td>ISO 11405<\/td>\n<td>Ensayo de adhesi\u00f3n a la estructura dental<\/td>\n<\/tr>\n<tr>\n<td>ISO 11491<\/td>\n<td>Implantes para cirug\u00eda \u2013 Determinaci\u00f3n de la resistencia al impacto de cabezas femorales cer\u00e1micas para pr\u00f3tesis de cadera<\/td>\n<\/tr>\n<tr>\n<td>ISO 12189-8<\/td>\n<td>Ensayos mec\u00e1nicos de dispositivos espinales implantables \u2013 M\u00e9todo de fatiga para ensamblajes espinales con soporte anterior<\/td>\n<\/tr>\n<tr>\n<td>ISO 14801<\/td>\n<td>Odontolog\u00eda \u2013 Implantes \u2013 Ensayo de carga din\u00e1mica para implantes dentales endo\u00f3seos<\/td>\n<\/tr>\n<tr>\n<td>ISO 14879-1<\/td>\n<td>Reemplazo total de rodilla \u2013 Determinaci\u00f3n de las propiedades de resistencia de bandejas tibiales<\/td>\n<\/tr>\n<tr>\n<td>ISO 22675<\/td>\n<td>Ensayo de dispositivos pie-tobillo y unidades de pie<\/td>\n<\/tr>\n<\/tbody>\n<\/table>\n<\/div><\/section><br \/>\n<div  class='hr av-1j5uuzd-b21970d4646cf383948447307cfc3c3c hr-default  avia-builder-el-23  el_after_av_textblock  el_before_av_textblock '><span class='hr-inner '><span class=\"hr-inner-style\"><\/span><\/span><\/div><br \/>\n<section  class='av_textblock_section av-li2quh37-0b06d81bb315a2487501af8c51f0fd51 '   itemscope=\"itemscope\" itemtype=\"https:\/\/schema.org\/CreativeWork\" ><div class='avia_textblock'  itemprop=\"text\" ><h2 id=\"bike\">NORMAS DE ENSAYO PARA LA INDUSTRIA DE LA BICICLETA<\/h2>\n<\/div><\/section><br \/>\n\n<style type=\"text\/css\" data-created_by=\"avia_inline_auto\" id=\"style-css-av-153b9i1-97c35bc86268e427a00c65dd48bd01cc\">\n#top .hr.hr-invisible.av-153b9i1-97c35bc86268e427a00c65dd48bd01cc{\nheight:20px;\n}\n<\/style>\n<div  class='hr av-153b9i1-97c35bc86268e427a00c65dd48bd01cc hr-invisible  avia-builder-el-25  el_after_av_textblock  el_before_av_textblock '><span class='hr-inner '><span class=\"hr-inner-style\"><\/span><\/span><\/div><br \/>\n\n<style type=\"text\/css\" data-created_by=\"avia_inline_auto\" id=\"style-css-av-li2r2mlz-a883a6ce4c76cdf1b13c03f359cdd925\">\n#top .av_textblock_section.av-li2r2mlz-a883a6ce4c76cdf1b13c03f359cdd925 .avia_textblock{\nfont-size:18px;\n}\n<\/style>\n<section  class='av_textblock_section av-li2r2mlz-a883a6ce4c76cdf1b13c03f359cdd925 '   itemscope=\"itemscope\" itemtype=\"https:\/\/schema.org\/CreativeWork\" ><div class='avia_textblock'  itemprop=\"text\" ><table>\n<tbody>\n<tr>\n<th style=\"width: 20%;\">Norma ISO<\/th>\n<th>Descripci\u00f3n<\/th>\n<\/tr>\n<tr>\n<td>ISO 4210<\/td>\n<td>Bicicletas \u2013 Requisitos de seguridad<\/td>\n<\/tr>\n<\/tbody>\n<\/table>\n<\/div><\/section><\/p><\/div><div  class='flex_column av-ost5h5-9085b363e382e42c2aa5f8d064e390f0 av_one_fifth  avia-builder-el-27  el_after_av_three_fifth  avia-builder-el-last  flex_column_div  '     ><\/div><\/p>\n","protected":false},"excerpt":{"rendered":"","protected":false},"author":5,"featured_media":0,"parent":0,"menu_order":0,"comment_status":"closed","ping_status":"closed","template":"","meta":{"_acf_changed":false,"footnotes":""},"class_list":["post-118106","page","type-page","status-publish","hentry"],"acf":[],"yoast_head":"<!-- This site is optimized with the Yoast SEO Premium plugin v27.3 (Yoast SEO v27.3) - https:\/\/yoast.com\/product\/yoast-seo-premium-wordpress\/ -->\n<title>ISO Standards - STEP Lab<\/title>\n<meta name=\"description\" content=\"Step Lab produces a range of testing machines and software designed for precise and reliable testing in accordance with ISO standards.\" \/>\n<meta name=\"robots\" content=\"index, follow, max-snippet:-1, max-image-preview:large, max-video-preview:-1\" \/>\n<link rel=\"canonical\" href=\"https:\/\/step-lab.com\/es\/iso\/\" \/>\n<meta property=\"og:locale\" content=\"es_ES\" \/>\n<meta property=\"og:type\" content=\"article\" \/>\n<meta property=\"og:title\" content=\"ISO\" \/>\n<meta property=\"og:description\" content=\"Step Lab produces a range of testing machines and software designed for precise and reliable testing in accordance with ISO standards.\" \/>\n<meta property=\"og:url\" content=\"https:\/\/step-lab.com\/es\/iso\/\" \/>\n<meta property=\"og:site_name\" content=\"STEP Lab\" \/>\n<meta property=\"article:publisher\" content=\"https:\/\/www.facebook.com\/step.lab.macchine\/\" \/>\n<meta property=\"article:modified_time\" content=\"2025-07-14T13:52:47+00:00\" \/>\n<meta name=\"twitter:card\" content=\"summary_large_image\" \/>\n<meta name=\"twitter:label1\" content=\"Tiempo de lectura\" \/>\n\t<meta name=\"twitter:data1\" content=\"3 minutos\" \/>\n<script type=\"application\/ld+json\" class=\"yoast-schema-graph\">{\"@context\":\"https:\\\/\\\/schema.org\",\"@graph\":[{\"@type\":\"WebPage\",\"@id\":\"https:\\\/\\\/step-lab.com\\\/es\\\/iso\\\/\",\"url\":\"https:\\\/\\\/step-lab.com\\\/es\\\/iso\\\/\",\"name\":\"ISO Standards - STEP Lab\",\"isPartOf\":{\"@id\":\"https:\\\/\\\/step-lab.com\\\/es\\\/#website\"},\"datePublished\":\"2022-05-13T15:06:19+00:00\",\"dateModified\":\"2025-07-14T13:52:47+00:00\",\"description\":\"Step Lab produces a range of testing machines and software designed for precise and reliable testing in accordance with ISO standards.\",\"breadcrumb\":{\"@id\":\"https:\\\/\\\/step-lab.com\\\/es\\\/iso\\\/#breadcrumb\"},\"inLanguage\":\"es\",\"potentialAction\":[{\"@type\":\"ReadAction\",\"target\":[\"https:\\\/\\\/step-lab.com\\\/es\\\/iso\\\/\"]}]},{\"@type\":\"BreadcrumbList\",\"@id\":\"https:\\\/\\\/step-lab.com\\\/es\\\/iso\\\/#breadcrumb\",\"itemListElement\":[{\"@type\":\"ListItem\",\"position\":1,\"name\":\"Home\",\"item\":\"https:\\\/\\\/step-lab.com\\\/es\\\/maquinas-de-ensayo-mecanicos\\\/\"},{\"@type\":\"ListItem\",\"position\":2,\"name\":\"ISO\"}]},{\"@type\":\"WebSite\",\"@id\":\"https:\\\/\\\/step-lab.com\\\/es\\\/#website\",\"url\":\"https:\\\/\\\/step-lab.com\\\/es\\\/\",\"name\":\"Step Lab\",\"description\":\"Testing machines\",\"publisher\":{\"@id\":\"https:\\\/\\\/step-lab.com\\\/es\\\/#organization\"},\"potentialAction\":[{\"@type\":\"SearchAction\",\"target\":{\"@type\":\"EntryPoint\",\"urlTemplate\":\"https:\\\/\\\/step-lab.com\\\/es\\\/?s={search_term_string}\"},\"query-input\":{\"@type\":\"PropertyValueSpecification\",\"valueRequired\":true,\"valueName\":\"search_term_string\"}}],\"inLanguage\":\"es\"},{\"@type\":\"Organization\",\"@id\":\"https:\\\/\\\/step-lab.com\\\/es\\\/#organization\",\"name\":\"STEP Lab\",\"url\":\"https:\\\/\\\/step-lab.com\\\/es\\\/\",\"logo\":{\"@type\":\"ImageObject\",\"inLanguage\":\"es\",\"@id\":\"https:\\\/\\\/step-lab.com\\\/es\\\/#\\\/schema\\\/logo\\\/image\\\/\",\"url\":\"https:\\\/\\\/step-lab.com\\\/wp-content\\\/uploads\\\/2022\\\/08\\\/STEP-Lab-logoclaim-1.png\",\"contentUrl\":\"https:\\\/\\\/step-lab.com\\\/wp-content\\\/uploads\\\/2022\\\/08\\\/STEP-Lab-logoclaim-1.png\",\"width\":4316,\"height\":1395,\"caption\":\"STEP Lab\"},\"image\":{\"@id\":\"https:\\\/\\\/step-lab.com\\\/es\\\/#\\\/schema\\\/logo\\\/image\\\/\"},\"sameAs\":[\"https:\\\/\\\/www.facebook.com\\\/step.lab.macchine\\\/\",\"https:\\\/\\\/it.linkedin.com\\\/company\\\/step-lab\",\"https:\\\/\\\/www.youtube.com\\\/c\\\/STEPLab\",\"https:\\\/\\\/www.instagram.com\\\/step__lab\\\/?hl=it\"]}]}<\/script>\n<!-- \/ Yoast SEO Premium plugin. -->","yoast_head_json":{"title":"ISO Standards - STEP Lab","description":"Step Lab produces a range of testing machines and software designed for precise and reliable testing in accordance with ISO standards.","robots":{"index":"index","follow":"follow","max-snippet":"max-snippet:-1","max-image-preview":"max-image-preview:large","max-video-preview":"max-video-preview:-1"},"canonical":"https:\/\/step-lab.com\/es\/iso\/","og_locale":"es_ES","og_type":"article","og_title":"ISO","og_description":"Step Lab produces a range of testing machines and software designed for precise and reliable testing in accordance with ISO standards.","og_url":"https:\/\/step-lab.com\/es\/iso\/","og_site_name":"STEP Lab","article_publisher":"https:\/\/www.facebook.com\/step.lab.macchine\/","article_modified_time":"2025-07-14T13:52:47+00:00","twitter_card":"summary_large_image","twitter_misc":{"Tiempo de lectura":"3 minutos"},"schema":{"@context":"https:\/\/schema.org","@graph":[{"@type":"WebPage","@id":"https:\/\/step-lab.com\/es\/iso\/","url":"https:\/\/step-lab.com\/es\/iso\/","name":"ISO Standards - STEP Lab","isPartOf":{"@id":"https:\/\/step-lab.com\/es\/#website"},"datePublished":"2022-05-13T15:06:19+00:00","dateModified":"2025-07-14T13:52:47+00:00","description":"Step Lab produces a range of testing machines and software designed for precise and reliable testing in accordance with ISO standards.","breadcrumb":{"@id":"https:\/\/step-lab.com\/es\/iso\/#breadcrumb"},"inLanguage":"es","potentialAction":[{"@type":"ReadAction","target":["https:\/\/step-lab.com\/es\/iso\/"]}]},{"@type":"BreadcrumbList","@id":"https:\/\/step-lab.com\/es\/iso\/#breadcrumb","itemListElement":[{"@type":"ListItem","position":1,"name":"Home","item":"https:\/\/step-lab.com\/es\/maquinas-de-ensayo-mecanicos\/"},{"@type":"ListItem","position":2,"name":"ISO"}]},{"@type":"WebSite","@id":"https:\/\/step-lab.com\/es\/#website","url":"https:\/\/step-lab.com\/es\/","name":"Step Lab","description":"Testing machines","publisher":{"@id":"https:\/\/step-lab.com\/es\/#organization"},"potentialAction":[{"@type":"SearchAction","target":{"@type":"EntryPoint","urlTemplate":"https:\/\/step-lab.com\/es\/?s={search_term_string}"},"query-input":{"@type":"PropertyValueSpecification","valueRequired":true,"valueName":"search_term_string"}}],"inLanguage":"es"},{"@type":"Organization","@id":"https:\/\/step-lab.com\/es\/#organization","name":"STEP Lab","url":"https:\/\/step-lab.com\/es\/","logo":{"@type":"ImageObject","inLanguage":"es","@id":"https:\/\/step-lab.com\/es\/#\/schema\/logo\/image\/","url":"https:\/\/step-lab.com\/wp-content\/uploads\/2022\/08\/STEP-Lab-logoclaim-1.png","contentUrl":"https:\/\/step-lab.com\/wp-content\/uploads\/2022\/08\/STEP-Lab-logoclaim-1.png","width":4316,"height":1395,"caption":"STEP Lab"},"image":{"@id":"https:\/\/step-lab.com\/es\/#\/schema\/logo\/image\/"},"sameAs":["https:\/\/www.facebook.com\/step.lab.macchine\/","https:\/\/it.linkedin.com\/company\/step-lab","https:\/\/www.youtube.com\/c\/STEPLab","https:\/\/www.instagram.com\/step__lab\/?hl=it"]}]}},"_links":{"self":[{"href":"https:\/\/step-lab.com\/es\/wp-json\/wp\/v2\/pages\/118106","targetHints":{"allow":["GET"]}}],"collection":[{"href":"https:\/\/step-lab.com\/es\/wp-json\/wp\/v2\/pages"}],"about":[{"href":"https:\/\/step-lab.com\/es\/wp-json\/wp\/v2\/types\/page"}],"author":[{"embeddable":true,"href":"https:\/\/step-lab.com\/es\/wp-json\/wp\/v2\/users\/5"}],"replies":[{"embeddable":true,"href":"https:\/\/step-lab.com\/es\/wp-json\/wp\/v2\/comments?post=118106"}],"version-history":[{"count":5,"href":"https:\/\/step-lab.com\/es\/wp-json\/wp\/v2\/pages\/118106\/revisions"}],"predecessor-version":[{"id":118153,"href":"https:\/\/step-lab.com\/es\/wp-json\/wp\/v2\/pages\/118106\/revisions\/118153"}],"wp:attachment":[{"href":"https:\/\/step-lab.com\/es\/wp-json\/wp\/v2\/media?parent=118106"}],"curies":[{"name":"wp","href":"https:\/\/api.w.org\/{rel}","templated":true}]}}