{"id":118112,"date":"2025-07-14T15:11:44","date_gmt":"2025-07-14T13:11:44","guid":{"rendered":"https:\/\/step-lab.com\/?page_id=118112"},"modified":"2025-07-14T15:11:44","modified_gmt":"2025-07-14T13:11:44","slug":"otras-normas","status":"publish","type":"page","link":"https:\/\/step-lab.com\/es\/otras-normas\/","title":{"rendered":"Otras normas"},"content":{"rendered":"\n<style type=\"text\/css\" data-created_by=\"avia_inline_auto\" id=\"style-css-av-lpl9wtu9-89e9908c53d411adc8ad9bd610cba888\">\n.avia-section.av-lpl9wtu9-89e9908c53d411adc8ad9bd610cba888{\nbackground-repeat:no-repeat;\nbackground-image:url(https:\/\/step-lab.com\/wp-content\/uploads\/2023\/11\/test-standards.jpg);\nbackground-position:0% 0%;\nbackground-attachment:scroll;\n}\n.avia-section.av-lpl9wtu9-89e9908c53d411adc8ad9bd610cba888 .av-section-color-overlay{\nopacity:0.7;\nbackground-color:#0a0a0a;\n}\n<\/style>\n<div id='av_section_1'  class='avia-section av-lpl9wtu9-89e9908c53d411adc8ad9bd610cba888 main_color avia-section-default avia-no-border-styling  avia-builder-el-0  el_before_av_one_fifth  avia-builder-el-first  avia-full-stretch avia-bg-style-scroll av-section-color-overlay-active av-minimum-height av-minimum-height-custom av-height-custom  container_wrap fullsize'  data-section-bg-repeat='stretch' data-av_minimum_height_px='300'><div class=\"av-section-color-overlay-wrap\"><div class=\"av-section-color-overlay\"><\/div><div class='container av-section-cont-open' style='height:300px'><main  role=\"main\" itemprop=\"mainContentOfPage\"  class='template-page content  av-content-full alpha units'><div class='post-entry post-entry-type-page post-entry-118112'><div class='entry-content-wrapper clearfix'>\n\n<style type=\"text\/css\" data-created_by=\"avia_inline_auto\" id=\"style-css-av-lgor66jy-fcf8b28bbdfe85d7231d77c8128c3e46\">\n#top .av_textblock_section.av-lgor66jy-fcf8b28bbdfe85d7231d77c8128c3e46 .avia_textblock{\ncolor:#ffffff;\n}\n<\/style>\n<section  class='av_textblock_section av-lgor66jy-fcf8b28bbdfe85d7231d77c8128c3e46 '   itemscope=\"itemscope\" itemtype=\"https:\/\/schema.org\/CreativeWork\" ><div class='avia_textblock av_inherit_color'  itemprop=\"text\" ><h1 style=\"text-align: center;\">OTRAS NORMAS<\/h1>\n<\/div><\/section>\n<\/div><\/div><\/main><!-- close content main element --><\/div><\/div><\/div><div id='after_section_1'  class='main_color av_default_container_wrap container_wrap fullsize'  ><div class='container av-section-cont-open' ><div class='template-page content  av-content-full alpha units'><div class='post-entry post-entry-type-page post-entry-118112'><div class='entry-content-wrapper clearfix'><div  class='flex_column av-2p0vm3e-b4e3b908f64ef3393d2e13755a7a7535 av_one_fifth  avia-builder-el-2  el_after_av_section  el_before_av_three_fifth  avia-builder-el-first  first flex_column_div  '     ><\/div><\/p>\n<div  class='flex_column av-28dr41m-e1ff62d66282f0c34ba7ec40630e7acc av_three_fifth  avia-builder-el-3  el_after_av_one_fifth  el_before_av_one_fifth  flex_column_div  '     ><p>\n<style type=\"text\/css\" data-created_by=\"avia_inline_auto\" id=\"style-css-av-11bghy2-790c3ceb7fb35fddeb74f2afa069e44b\">\n#top .hr.hr-invisible.av-11bghy2-790c3ceb7fb35fddeb74f2afa069e44b{\nheight:20px;\n}\n<\/style>\n<div  class='hr av-11bghy2-790c3ceb7fb35fddeb74f2afa069e44b hr-invisible  avia-builder-el-4  el_before_av_textblock  avia-builder-el-first '><span class='hr-inner '><span class=\"hr-inner-style\"><\/span><\/span><\/div><br \/>\n\n<style type=\"text\/css\" data-created_by=\"avia_inline_auto\" id=\"style-css-av-lht041mz-c98e7ac856ace5a5d15de283c1c7b27a\">\n#top .av_textblock_section.av-lht041mz-c98e7ac856ace5a5d15de283c1c7b27a .avia_textblock{\nfont-size:18px;\n}\n<\/style>\n<section  class='av_textblock_section av-lht041mz-c98e7ac856ace5a5d15de283c1c7b27a '   itemscope=\"itemscope\" itemtype=\"https:\/\/schema.org\/CreativeWork\" ><div class='avia_textblock'  itemprop=\"text\" ><p style=\"text-align: left;\">STEP Lab ofrece m\u00e1quinas de ensayo y software que cumplen diversas normas, como <strong>VDI<\/strong> (Verein Deutscher Ingenieure), <strong>JIS<\/strong> (Japanese Industrial Standards) y otras. Estas normas garantizan que los procesos y resultados de las pruebas sean coherentes y fiables. <\/p>\n<ul>\n<li><strong>VDI<\/strong> (Verein Deutscher Ingenieure) es una asociaci\u00f3n fundada en 1856 que se centra en el avance de la ingenier\u00eda y la tecnolog\u00eda en Alemania. VDI elabora y publica directrices y normas t\u00e9cnicas que sirven de referencia para diversas aplicaciones y materiales, garantizando la calidad y fiabilidad en distintos sectores. <\/li>\n<li><strong>JIS<\/strong> (Japanese Industrial Standards) es una organizaci\u00f3n creada para desarrollar y mantener normas industriales en Jap\u00f3n. Con un fuerte compromiso con la calidad y la innovaci\u00f3n, JIS ha desempe\u00f1ado un papel importante en la promoci\u00f3n de la normalizaci\u00f3n en diversas industrias desde su creaci\u00f3n. JIS publica normas t\u00e9cnicas que cubren una amplia gama de productos, procesos y materiales, garantizando la uniformidad y fiabilidad en la fabricaci\u00f3n y el comercio.  <\/li>\n<\/ul>\n<p style=\"text-align: left;\">A continuaci\u00f3n figura una lista de normas a las que se ajustan las m\u00e1quinas construidas por STEP Lab.<\/p>\n<\/div><\/section><br \/>\n<div  class='hr av-lhukbwpd-678f1e68952f3c57d5d59f90b2192cfe hr-default  avia-builder-el-6  el_after_av_textblock  el_before_av_textblock '><span class='hr-inner '><span class=\"hr-inner-style\"><\/span><\/span><\/div><br \/>\n<section  class='av_textblock_section av-kxej78vy-9c28e2d4508c025a5d26efdcdb360c75 '   itemscope=\"itemscope\" itemtype=\"https:\/\/schema.org\/CreativeWork\" ><div class='avia_textblock'  itemprop=\"text\" ><h2>VDI<\/h2>\n<\/div><\/section><br \/>\n\n<style type=\"text\/css\" data-created_by=\"avia_inline_auto\" id=\"style-css-av-kxej7j0j-940ea915822973fc5db79943132cc10d\">\n#top .hr.hr-invisible.av-kxej7j0j-940ea915822973fc5db79943132cc10d{\nheight:20px;\n}\n<\/style>\n<div  class='hr av-kxej7j0j-940ea915822973fc5db79943132cc10d hr-invisible  avia-builder-el-8  el_after_av_textblock  el_before_av_textblock '><span class='hr-inner '><span class=\"hr-inner-style\"><\/span><\/span><\/div><br \/>\n<section  class='av_textblock_section av-lpla2iry-3644daed3ba7e07aed52797a87d58a5f '   itemscope=\"itemscope\" itemtype=\"https:\/\/schema.org\/CreativeWork\" ><div class='avia_textblock'  itemprop=\"text\" ><table>\n<tr>\n<th style=\"width:20%;\"> Est\u00e1ndar<\/th>\n<th> Descripci\u00f3n<\/th>\n<\/tr>\n<tr>\n<td> VDI 2736<\/td>\n<td> Ensayo de engranajes de pol\u00edmeros y materiales compuestos<\/td>\n<\/tr>\n<\/table>\n<\/div><\/section><br \/>\n\n<style type=\"text\/css\" data-created_by=\"avia_inline_auto\" id=\"style-css-av-kxej7j0j-25-bdd64904945b2a9b684ca013d40e3924\">\n#top .hr.hr-invisible.av-kxej7j0j-25-bdd64904945b2a9b684ca013d40e3924{\nheight:50px;\n}\n<\/style>\n<div  class='hr av-kxej7j0j-25-bdd64904945b2a9b684ca013d40e3924 hr-invisible  avia-builder-el-10  el_after_av_textblock  el_before_av_hr '><span class='hr-inner '><span class=\"hr-inner-style\"><\/span><\/span><\/div><br \/>\n<div  class='hr av-1o33ygq-aa0be72d828b4e14864d0f63c29800ed hr-default  avia-builder-el-11  el_after_av_hr  el_before_av_hr '><span class='hr-inner '><span class=\"hr-inner-style\"><\/span><\/span><\/div><br \/>\n\n<style type=\"text\/css\" data-created_by=\"avia_inline_auto\" id=\"style-css-av-5hhh8ai-162c3f23267da90a42120784cfb93d03\">\n#top .hr.hr-invisible.av-5hhh8ai-162c3f23267da90a42120784cfb93d03{\nheight:50px;\n}\n<\/style>\n<div  class='hr av-5hhh8ai-162c3f23267da90a42120784cfb93d03 hr-invisible  avia-builder-el-12  el_after_av_hr  el_before_av_textblock '><span class='hr-inner '><span class=\"hr-inner-style\"><\/span><\/span><\/div><br \/>\n<section  class='av_textblock_section av-kxej78vy-24-9e5c44b5de7206fbbb599add148105bd '   itemscope=\"itemscope\" itemtype=\"https:\/\/schema.org\/CreativeWork\" ><div class='avia_textblock'  itemprop=\"text\" ><h2>JIS<\/h2>\n<\/div><\/section><br \/>\n\n<style type=\"text\/css\" data-created_by=\"avia_inline_auto\" id=\"style-css-av-16j6gze-d9ae6fb2bf04a69f5f711b4ffe235cc1\">\n#top .hr.hr-invisible.av-16j6gze-d9ae6fb2bf04a69f5f711b4ffe235cc1{\nheight:20px;\n}\n<\/style>\n<div  class='hr av-16j6gze-d9ae6fb2bf04a69f5f711b4ffe235cc1 hr-invisible  avia-builder-el-14  el_after_av_textblock  el_before_av_textblock '><span class='hr-inner '><span class=\"hr-inner-style\"><\/span><\/span><\/div><br \/>\n<section  class='av_textblock_section av-lpla39it-f991b79da6476f15fad44fa365dedc53 '   itemscope=\"itemscope\" itemtype=\"https:\/\/schema.org\/CreativeWork\" ><div class='avia_textblock'  itemprop=\"text\" ><table>\n<tbody>\n<tr>\n<th style=\"width: 20%;\">Est\u00e1ndar<\/th>\n<th>Descripci\u00f3n<\/th>\n<\/tr>\n<tr>\n<td>JIS D 9431<\/td>\n<td>Ensayo de sillines de bicicleta<\/td>\n<\/tr>\n<\/tbody>\n<\/table>\n<\/div><\/section><\/p><\/div><div  class='flex_column av-iu0b3u-753a89b96ed21633d0431a0116dac719 av_one_fifth  avia-builder-el-16  el_after_av_three_fifth  avia-builder-el-last  flex_column_div  '     ><\/div><\/p>\n","protected":false},"excerpt":{"rendered":"","protected":false},"author":5,"featured_media":0,"parent":0,"menu_order":0,"comment_status":"closed","ping_status":"closed","template":"","meta":{"_acf_changed":false,"footnotes":""},"class_list":["post-118112","page","type-page","status-publish","hentry"],"acf":[],"yoast_head":"<!-- This site is optimized with the Yoast SEO Premium plugin v27.3 (Yoast SEO v27.3) - https:\/\/yoast.com\/product\/yoast-seo-premium-wordpress\/ -->\n<title>Otras normas - STEP Lab<\/title>\n<meta name=\"description\" content=\"Step Lab proporciona m\u00e1quinas de ensayo y software para realizar ensayos seg\u00fan las normas VDI, JIS y otras.\" \/>\n<meta name=\"robots\" content=\"index, follow, max-snippet:-1, max-image-preview:large, max-video-preview:-1\" \/>\n<link rel=\"canonical\" href=\"https:\/\/step-lab.com\/es\/otras-normas\/\" \/>\n<meta property=\"og:locale\" content=\"es_ES\" \/>\n<meta property=\"og:type\" content=\"article\" \/>\n<meta property=\"og:title\" content=\"Otras normas\" \/>\n<meta property=\"og:description\" content=\"Step Lab proporciona m\u00e1quinas de ensayo y software para realizar ensayos seg\u00fan las normas VDI, JIS y otras.\" \/>\n<meta property=\"og:url\" content=\"https:\/\/step-lab.com\/es\/otras-normas\/\" \/>\n<meta property=\"og:site_name\" content=\"STEP Lab\" \/>\n<meta property=\"article:publisher\" content=\"https:\/\/www.facebook.com\/step.lab.macchine\/\" \/>\n<meta name=\"twitter:card\" content=\"summary_large_image\" \/>\n<meta name=\"twitter:label1\" content=\"Tiempo de lectura\" \/>\n\t<meta name=\"twitter:data1\" content=\"15 minutos\" \/>\n<script type=\"application\/ld+json\" class=\"yoast-schema-graph\">{\"@context\":\"https:\\\/\\\/schema.org\",\"@graph\":[{\"@type\":\"WebPage\",\"@id\":\"https:\\\/\\\/step-lab.com\\\/es\\\/otras-normas\\\/\",\"url\":\"https:\\\/\\\/step-lab.com\\\/es\\\/otras-normas\\\/\",\"name\":\"Otras normas - STEP Lab\",\"isPartOf\":{\"@id\":\"https:\\\/\\\/step-lab.com\\\/es\\\/#website\"},\"datePublished\":\"2025-07-14T13:11:44+00:00\",\"description\":\"Step Lab proporciona m\u00e1quinas de ensayo y software para realizar ensayos seg\u00fan las normas VDI, JIS y otras.\",\"breadcrumb\":{\"@id\":\"https:\\\/\\\/step-lab.com\\\/es\\\/otras-normas\\\/#breadcrumb\"},\"inLanguage\":\"es\",\"potentialAction\":[{\"@type\":\"ReadAction\",\"target\":[\"https:\\\/\\\/step-lab.com\\\/es\\\/otras-normas\\\/\"]}]},{\"@type\":\"BreadcrumbList\",\"@id\":\"https:\\\/\\\/step-lab.com\\\/es\\\/otras-normas\\\/#breadcrumb\",\"itemListElement\":[{\"@type\":\"ListItem\",\"position\":1,\"name\":\"Home\",\"item\":\"https:\\\/\\\/step-lab.com\\\/es\\\/maquinas-de-ensayo-mecanicos\\\/\"},{\"@type\":\"ListItem\",\"position\":2,\"name\":\"Otras normas\"}]},{\"@type\":\"WebSite\",\"@id\":\"https:\\\/\\\/step-lab.com\\\/es\\\/#website\",\"url\":\"https:\\\/\\\/step-lab.com\\\/es\\\/\",\"name\":\"Step Lab\",\"description\":\"Testing machines\",\"publisher\":{\"@id\":\"https:\\\/\\\/step-lab.com\\\/es\\\/#organization\"},\"potentialAction\":[{\"@type\":\"SearchAction\",\"target\":{\"@type\":\"EntryPoint\",\"urlTemplate\":\"https:\\\/\\\/step-lab.com\\\/es\\\/?s={search_term_string}\"},\"query-input\":{\"@type\":\"PropertyValueSpecification\",\"valueRequired\":true,\"valueName\":\"search_term_string\"}}],\"inLanguage\":\"es\"},{\"@type\":\"Organization\",\"@id\":\"https:\\\/\\\/step-lab.com\\\/es\\\/#organization\",\"name\":\"STEP Lab\",\"url\":\"https:\\\/\\\/step-lab.com\\\/es\\\/\",\"logo\":{\"@type\":\"ImageObject\",\"inLanguage\":\"es\",\"@id\":\"https:\\\/\\\/step-lab.com\\\/es\\\/#\\\/schema\\\/logo\\\/image\\\/\",\"url\":\"https:\\\/\\\/step-lab.com\\\/wp-content\\\/uploads\\\/2022\\\/08\\\/STEP-Lab-logoclaim-1.png\",\"contentUrl\":\"https:\\\/\\\/step-lab.com\\\/wp-content\\\/uploads\\\/2022\\\/08\\\/STEP-Lab-logoclaim-1.png\",\"width\":4316,\"height\":1395,\"caption\":\"STEP Lab\"},\"image\":{\"@id\":\"https:\\\/\\\/step-lab.com\\\/es\\\/#\\\/schema\\\/logo\\\/image\\\/\"},\"sameAs\":[\"https:\\\/\\\/www.facebook.com\\\/step.lab.macchine\\\/\",\"https:\\\/\\\/it.linkedin.com\\\/company\\\/step-lab\",\"https:\\\/\\\/www.youtube.com\\\/c\\\/STEPLab\",\"https:\\\/\\\/www.instagram.com\\\/step__lab\\\/?hl=it\"]}]}<\/script>\n<!-- \/ Yoast SEO Premium plugin. -->","yoast_head_json":{"title":"Otras normas - STEP Lab","description":"Step Lab proporciona m\u00e1quinas de ensayo y software para realizar ensayos seg\u00fan las normas VDI, JIS y otras.","robots":{"index":"index","follow":"follow","max-snippet":"max-snippet:-1","max-image-preview":"max-image-preview:large","max-video-preview":"max-video-preview:-1"},"canonical":"https:\/\/step-lab.com\/es\/otras-normas\/","og_locale":"es_ES","og_type":"article","og_title":"Otras normas","og_description":"Step Lab proporciona m\u00e1quinas de ensayo y software para realizar ensayos seg\u00fan las normas VDI, JIS y otras.","og_url":"https:\/\/step-lab.com\/es\/otras-normas\/","og_site_name":"STEP Lab","article_publisher":"https:\/\/www.facebook.com\/step.lab.macchine\/","twitter_card":"summary_large_image","twitter_misc":{"Tiempo de lectura":"15 minutos"},"schema":{"@context":"https:\/\/schema.org","@graph":[{"@type":"WebPage","@id":"https:\/\/step-lab.com\/es\/otras-normas\/","url":"https:\/\/step-lab.com\/es\/otras-normas\/","name":"Otras normas - STEP Lab","isPartOf":{"@id":"https:\/\/step-lab.com\/es\/#website"},"datePublished":"2025-07-14T13:11:44+00:00","description":"Step Lab proporciona m\u00e1quinas de ensayo y software para realizar ensayos seg\u00fan las normas VDI, JIS y otras.","breadcrumb":{"@id":"https:\/\/step-lab.com\/es\/otras-normas\/#breadcrumb"},"inLanguage":"es","potentialAction":[{"@type":"ReadAction","target":["https:\/\/step-lab.com\/es\/otras-normas\/"]}]},{"@type":"BreadcrumbList","@id":"https:\/\/step-lab.com\/es\/otras-normas\/#breadcrumb","itemListElement":[{"@type":"ListItem","position":1,"name":"Home","item":"https:\/\/step-lab.com\/es\/maquinas-de-ensayo-mecanicos\/"},{"@type":"ListItem","position":2,"name":"Otras normas"}]},{"@type":"WebSite","@id":"https:\/\/step-lab.com\/es\/#website","url":"https:\/\/step-lab.com\/es\/","name":"Step Lab","description":"Testing machines","publisher":{"@id":"https:\/\/step-lab.com\/es\/#organization"},"potentialAction":[{"@type":"SearchAction","target":{"@type":"EntryPoint","urlTemplate":"https:\/\/step-lab.com\/es\/?s={search_term_string}"},"query-input":{"@type":"PropertyValueSpecification","valueRequired":true,"valueName":"search_term_string"}}],"inLanguage":"es"},{"@type":"Organization","@id":"https:\/\/step-lab.com\/es\/#organization","name":"STEP Lab","url":"https:\/\/step-lab.com\/es\/","logo":{"@type":"ImageObject","inLanguage":"es","@id":"https:\/\/step-lab.com\/es\/#\/schema\/logo\/image\/","url":"https:\/\/step-lab.com\/wp-content\/uploads\/2022\/08\/STEP-Lab-logoclaim-1.png","contentUrl":"https:\/\/step-lab.com\/wp-content\/uploads\/2022\/08\/STEP-Lab-logoclaim-1.png","width":4316,"height":1395,"caption":"STEP Lab"},"image":{"@id":"https:\/\/step-lab.com\/es\/#\/schema\/logo\/image\/"},"sameAs":["https:\/\/www.facebook.com\/step.lab.macchine\/","https:\/\/it.linkedin.com\/company\/step-lab","https:\/\/www.youtube.com\/c\/STEPLab","https:\/\/www.instagram.com\/step__lab\/?hl=it"]}]}},"_links":{"self":[{"href":"https:\/\/step-lab.com\/es\/wp-json\/wp\/v2\/pages\/118112","targetHints":{"allow":["GET"]}}],"collection":[{"href":"https:\/\/step-lab.com\/es\/wp-json\/wp\/v2\/pages"}],"about":[{"href":"https:\/\/step-lab.com\/es\/wp-json\/wp\/v2\/types\/page"}],"author":[{"embeddable":true,"href":"https:\/\/step-lab.com\/es\/wp-json\/wp\/v2\/users\/5"}],"replies":[{"embeddable":true,"href":"https:\/\/step-lab.com\/es\/wp-json\/wp\/v2\/comments?post=118112"}],"version-history":[{"count":2,"href":"https:\/\/step-lab.com\/es\/wp-json\/wp\/v2\/pages\/118112\/revisions"}],"predecessor-version":[{"id":118114,"href":"https:\/\/step-lab.com\/es\/wp-json\/wp\/v2\/pages\/118112\/revisions\/118114"}],"wp:attachment":[{"href":"https:\/\/step-lab.com\/es\/wp-json\/wp\/v2\/media?parent=118112"}],"curies":[{"name":"wp","href":"https:\/\/api.w.org\/{rel}","templated":true}]}}