{"id":107933,"date":"2024-03-19T14:53:19","date_gmt":"2024-03-19T13:53:19","guid":{"rendered":"https:\/\/step-lab.com\/?page_id=107933"},"modified":"2024-03-19T14:53:19","modified_gmt":"2024-03-19T13:53:19","slug":"autres-normes","status":"publish","type":"page","link":"https:\/\/step-lab.com\/fr\/autres-normes\/","title":{"rendered":"Autres Normes"},"content":{"rendered":"\n<style type=\"text\/css\" data-created_by=\"avia_inline_auto\" id=\"style-css-av-lpl9wtu9-89e9908c53d411adc8ad9bd610cba888\">\n.avia-section.av-lpl9wtu9-89e9908c53d411adc8ad9bd610cba888{\nbackground-repeat:no-repeat;\nbackground-image:url(https:\/\/step-lab.com\/wp-content\/uploads\/2023\/11\/test-standards.jpg);\nbackground-position:0% 0%;\nbackground-attachment:scroll;\n}\n.avia-section.av-lpl9wtu9-89e9908c53d411adc8ad9bd610cba888 .av-section-color-overlay{\nopacity:0.7;\nbackground-color:#0a0a0a;\n}\n<\/style>\n<div id='av_section_1'  class='avia-section av-lpl9wtu9-89e9908c53d411adc8ad9bd610cba888 main_color avia-section-default avia-no-border-styling  avia-builder-el-0  el_before_av_one_fifth  avia-builder-el-first  avia-full-stretch avia-bg-style-scroll av-section-color-overlay-active av-minimum-height av-minimum-height-custom av-height-custom  container_wrap fullsize'  data-section-bg-repeat='stretch' data-av_minimum_height_px='300'><div class=\"av-section-color-overlay-wrap\"><div class=\"av-section-color-overlay\"><\/div><div class='container av-section-cont-open' style='height:300px'><main  role=\"main\" itemprop=\"mainContentOfPage\"  class='template-page content  av-content-full alpha units'><div class='post-entry post-entry-type-page post-entry-107933'><div class='entry-content-wrapper clearfix'>\n\n<style type=\"text\/css\" data-created_by=\"avia_inline_auto\" id=\"style-css-av-lgor66jy-fcf8b28bbdfe85d7231d77c8128c3e46\">\n#top .av_textblock_section.av-lgor66jy-fcf8b28bbdfe85d7231d77c8128c3e46 .avia_textblock{\ncolor:#ffffff;\n}\n<\/style>\n<section  class='av_textblock_section av-lgor66jy-fcf8b28bbdfe85d7231d77c8128c3e46 '   itemscope=\"itemscope\" itemtype=\"https:\/\/schema.org\/CreativeWork\" ><div class='avia_textblock av_inherit_color'  itemprop=\"text\" ><h1 style=\"text-align: center;\">AUTRES NORMES<\/h1>\n<\/div><\/section>\n<\/div><\/div><\/main><!-- close content main element --><\/div><\/div><\/div><div id='after_section_1'  class='main_color av_default_container_wrap container_wrap fullsize'  ><div class='container av-section-cont-open' ><div class='template-page content  av-content-full alpha units'><div class='post-entry post-entry-type-page post-entry-107933'><div class='entry-content-wrapper clearfix'><div  class='flex_column av-2p0vm3e-b4e3b908f64ef3393d2e13755a7a7535 av_one_fifth  avia-builder-el-2  el_after_av_section  el_before_av_three_fifth  avia-builder-el-first  first flex_column_div  '     ><\/div><\/p>\n<div  class='flex_column av-28dr41m-e1ff62d66282f0c34ba7ec40630e7acc av_three_fifth  avia-builder-el-3  el_after_av_one_fifth  el_before_av_one_fifth  flex_column_div  '     ><p>\n<style type=\"text\/css\" data-created_by=\"avia_inline_auto\" id=\"style-css-av-11bghy2-790c3ceb7fb35fddeb74f2afa069e44b\">\n#top .hr.hr-invisible.av-11bghy2-790c3ceb7fb35fddeb74f2afa069e44b{\nheight:20px;\n}\n<\/style>\n<div  class='hr av-11bghy2-790c3ceb7fb35fddeb74f2afa069e44b hr-invisible  avia-builder-el-4  el_before_av_textblock  avia-builder-el-first '><span class='hr-inner '><span class=\"hr-inner-style\"><\/span><\/span><\/div><br \/>\n\n<style type=\"text\/css\" data-created_by=\"avia_inline_auto\" id=\"style-css-av-lht041mz-c98e7ac856ace5a5d15de283c1c7b27a\">\n#top .av_textblock_section.av-lht041mz-c98e7ac856ace5a5d15de283c1c7b27a .avia_textblock{\nfont-size:18px;\n}\n<\/style>\n<section  class='av_textblock_section av-lht041mz-c98e7ac856ace5a5d15de283c1c7b27a '   itemscope=\"itemscope\" itemtype=\"https:\/\/schema.org\/CreativeWork\" ><div class='avia_textblock'  itemprop=\"text\" ><p style=\"text-align: left;\">STEP Lab propose des machines et des logiciels de test conformes \u00e0 diverses normes telles que <strong>VDI<\/strong> (Verein Deutscher Ingenieure), <strong>JIS<\/strong> (Japanese Industrial Standards) et autres. Ces normes garantissent la coh\u00e9rence et la fiabilit\u00e9 des processus et des r\u00e9sultats des essais.<\/p>\n<ul>\n<li>Le <strong>VDI<\/strong> (Verein Deutscher Ingenieure) est une association fond\u00e9e en 1856 pour promouvoir l&rsquo;ing\u00e9nierie et la technologie en Allemagne. La VDI \u00e9labore et publie des lignes directrices et des normes techniques qui servent de r\u00e9f\u00e9rence pour diverses applications et mat\u00e9riaux, garantissant ainsi la qualit\u00e9 et la fiabilit\u00e9 dans diff\u00e9rents secteurs.<\/li>\n<li>Le <strong>JIS<\/strong> (Japanese Industrial Standards) est une organisation cr\u00e9\u00e9e pour d\u00e9velopper et maintenir les normes industrielles au Japon. Avec un engagement fort en faveur de la qualit\u00e9 et de l&rsquo;innovation, le JIS a jou\u00e9 un r\u00f4le important dans la promotion de la normalisation dans divers domaines depuis sa cr\u00e9ation. La JIS publie des normes techniques couvrant un large \u00e9ventail de produits, de processus et de mat\u00e9riaux, garantissant l&rsquo;uniformit\u00e9 et la fiabilit\u00e9 de la production et du commerce.<\/li>\n<\/ul>\n<p style=\"text-align: left;\">Vous trouverez ci-dessous une liste des normes auxquelles les machines construites par STEP Lab sont conformes.<\/p>\n<\/div><\/section><br \/>\n<div  class='hr av-lhukbwpd-678f1e68952f3c57d5d59f90b2192cfe hr-default  avia-builder-el-6  el_after_av_textblock  el_before_av_textblock '><span class='hr-inner '><span class=\"hr-inner-style\"><\/span><\/span><\/div><br \/>\n<section  class='av_textblock_section av-kxej78vy-9c28e2d4508c025a5d26efdcdb360c75 '   itemscope=\"itemscope\" itemtype=\"https:\/\/schema.org\/CreativeWork\" ><div class='avia_textblock'  itemprop=\"text\" ><h2>VDI<\/h2>\n<\/div><\/section><br \/>\n\n<style type=\"text\/css\" data-created_by=\"avia_inline_auto\" id=\"style-css-av-kxej7j0j-940ea915822973fc5db79943132cc10d\">\n#top .hr.hr-invisible.av-kxej7j0j-940ea915822973fc5db79943132cc10d{\nheight:20px;\n}\n<\/style>\n<div  class='hr av-kxej7j0j-940ea915822973fc5db79943132cc10d hr-invisible  avia-builder-el-8  el_after_av_textblock  el_before_av_textblock '><span class='hr-inner '><span class=\"hr-inner-style\"><\/span><\/span><\/div><br \/>\n<section  class='av_textblock_section av-lpla2iry-3644daed3ba7e07aed52797a87d58a5f '   itemscope=\"itemscope\" itemtype=\"https:\/\/schema.org\/CreativeWork\" ><div class='avia_textblock'  itemprop=\"text\" ><table>\n<tr>\n<th style=\"width:20%;\"> Norme<\/th>\n<th> Description<\/th>\n<\/tr>\n<tr>\n<td> VDI 2736<\/td>\n<td> Essais d&rsquo;engrenages en polym\u00e8re et en composite<\/td>\n<\/tr>\n<\/table>\n<\/div><\/section><br \/>\n\n<style type=\"text\/css\" data-created_by=\"avia_inline_auto\" id=\"style-css-av-kxej7j0j-25-bdd64904945b2a9b684ca013d40e3924\">\n#top .hr.hr-invisible.av-kxej7j0j-25-bdd64904945b2a9b684ca013d40e3924{\nheight:50px;\n}\n<\/style>\n<div  class='hr av-kxej7j0j-25-bdd64904945b2a9b684ca013d40e3924 hr-invisible  avia-builder-el-10  el_after_av_textblock  el_before_av_hr '><span class='hr-inner '><span class=\"hr-inner-style\"><\/span><\/span><\/div><br \/>\n<div  class='hr av-1o33ygq-aa0be72d828b4e14864d0f63c29800ed hr-default  avia-builder-el-11  el_after_av_hr  el_before_av_hr '><span class='hr-inner '><span class=\"hr-inner-style\"><\/span><\/span><\/div><br \/>\n\n<style type=\"text\/css\" data-created_by=\"avia_inline_auto\" id=\"style-css-av-5hhh8ai-162c3f23267da90a42120784cfb93d03\">\n#top .hr.hr-invisible.av-5hhh8ai-162c3f23267da90a42120784cfb93d03{\nheight:50px;\n}\n<\/style>\n<div  class='hr av-5hhh8ai-162c3f23267da90a42120784cfb93d03 hr-invisible  avia-builder-el-12  el_after_av_hr  el_before_av_textblock '><span class='hr-inner '><span class=\"hr-inner-style\"><\/span><\/span><\/div><br \/>\n<section  class='av_textblock_section av-kxej78vy-24-9e5c44b5de7206fbbb599add148105bd '   itemscope=\"itemscope\" itemtype=\"https:\/\/schema.org\/CreativeWork\" ><div class='avia_textblock'  itemprop=\"text\" ><h2>JIS<\/h2>\n<\/div><\/section><br \/>\n\n<style type=\"text\/css\" data-created_by=\"avia_inline_auto\" id=\"style-css-av-16j6gze-d9ae6fb2bf04a69f5f711b4ffe235cc1\">\n#top .hr.hr-invisible.av-16j6gze-d9ae6fb2bf04a69f5f711b4ffe235cc1{\nheight:20px;\n}\n<\/style>\n<div  class='hr av-16j6gze-d9ae6fb2bf04a69f5f711b4ffe235cc1 hr-invisible  avia-builder-el-14  el_after_av_textblock  el_before_av_textblock '><span class='hr-inner '><span class=\"hr-inner-style\"><\/span><\/span><\/div><br \/>\n<section  class='av_textblock_section av-lpla39it-f991b79da6476f15fad44fa365dedc53 '   itemscope=\"itemscope\" itemtype=\"https:\/\/schema.org\/CreativeWork\" ><div class='avia_textblock'  itemprop=\"text\" ><table>\n<tbody>\n<tr>\n<th style=\"width: 20%;\">Norme<\/th>\n<th>Description<\/th>\n<\/tr>\n<tr>\n<td>JIS D 9431<\/td>\n<td>Essai de selles de v\u00e9lo<\/td>\n<\/tr>\n<\/tbody>\n<\/table>\n<\/div><\/section><\/p><\/div><div  class='flex_column av-iu0b3u-753a89b96ed21633d0431a0116dac719 av_one_fifth  avia-builder-el-16  el_after_av_three_fifth  avia-builder-el-last  flex_column_div  '     ><\/div><\/p>\n","protected":false},"excerpt":{"rendered":"","protected":false},"author":5,"featured_media":0,"parent":0,"menu_order":0,"comment_status":"closed","ping_status":"closed","template":"","meta":{"_acf_changed":false,"footnotes":""},"class_list":["post-107933","page","type-page","status-publish","hentry"],"acf":[],"yoast_head":"<!-- This site is optimized with the Yoast SEO Premium plugin v27.4 (Yoast SEO v27.4) - https:\/\/yoast.com\/product\/yoast-seo-premium-wordpress\/ -->\n<title>Autres Normes - STEP Lab<\/title>\n<meta name=\"description\" content=\"STEP Lab con\u00e7oit et construit des machines d&#039;essai et des logiciels pour les essais selon les normes internationales telles que VDI, JIS et autres.\" \/>\n<meta name=\"robots\" content=\"index, follow, max-snippet:-1, max-image-preview:large, max-video-preview:-1\" \/>\n<link rel=\"canonical\" href=\"https:\/\/step-lab.com\/fr\/autres-normes\/\" \/>\n<meta property=\"og:locale\" content=\"fr_FR\" \/>\n<meta property=\"og:type\" content=\"article\" \/>\n<meta property=\"og:title\" content=\"Autres Normes\" \/>\n<meta property=\"og:description\" content=\"STEP Lab con\u00e7oit et construit des machines d&#039;essai et des logiciels pour les essais selon les normes internationales telles que VDI, JIS et autres.\" \/>\n<meta property=\"og:url\" content=\"https:\/\/step-lab.com\/fr\/autres-normes\/\" \/>\n<meta property=\"og:site_name\" content=\"STEP Lab\" \/>\n<meta property=\"article:publisher\" content=\"https:\/\/www.facebook.com\/step.lab.macchine\/\" \/>\n<meta name=\"twitter:card\" content=\"summary_large_image\" \/>\n<meta name=\"twitter:label1\" content=\"Dur\u00e9e de lecture estim\u00e9e\" \/>\n\t<meta name=\"twitter:data1\" content=\"15 minutes\" \/>\n<script type=\"application\/ld+json\" class=\"yoast-schema-graph\">{\"@context\":\"https:\\\/\\\/schema.org\",\"@graph\":[{\"@type\":\"WebPage\",\"@id\":\"https:\\\/\\\/step-lab.com\\\/fr\\\/autres-normes\\\/\",\"url\":\"https:\\\/\\\/step-lab.com\\\/fr\\\/autres-normes\\\/\",\"name\":\"Autres Normes - STEP Lab\",\"isPartOf\":{\"@id\":\"https:\\\/\\\/step-lab.com\\\/fr\\\/#website\"},\"datePublished\":\"2024-03-19T13:53:19+00:00\",\"description\":\"STEP Lab con\u00e7oit et construit des machines d'essai et des logiciels pour les essais selon les normes internationales telles que VDI, JIS et autres.\",\"breadcrumb\":{\"@id\":\"https:\\\/\\\/step-lab.com\\\/fr\\\/autres-normes\\\/#breadcrumb\"},\"inLanguage\":\"fr-FR\",\"potentialAction\":[{\"@type\":\"ReadAction\",\"target\":[\"https:\\\/\\\/step-lab.com\\\/fr\\\/autres-normes\\\/\"]}]},{\"@type\":\"BreadcrumbList\",\"@id\":\"https:\\\/\\\/step-lab.com\\\/fr\\\/autres-normes\\\/#breadcrumb\",\"itemListElement\":[{\"@type\":\"ListItem\",\"position\":1,\"name\":\"Home\",\"item\":\"https:\\\/\\\/step-lab.com\\\/fr\\\/machines-dessai-mecaniques\\\/\"},{\"@type\":\"ListItem\",\"position\":2,\"name\":\"Autres Normes\"}]},{\"@type\":\"WebSite\",\"@id\":\"https:\\\/\\\/step-lab.com\\\/fr\\\/#website\",\"url\":\"https:\\\/\\\/step-lab.com\\\/fr\\\/\",\"name\":\"Step Lab\",\"description\":\"Testing machines\",\"publisher\":{\"@id\":\"https:\\\/\\\/step-lab.com\\\/fr\\\/#organization\"},\"potentialAction\":[{\"@type\":\"SearchAction\",\"target\":{\"@type\":\"EntryPoint\",\"urlTemplate\":\"https:\\\/\\\/step-lab.com\\\/fr\\\/?s={search_term_string}\"},\"query-input\":{\"@type\":\"PropertyValueSpecification\",\"valueRequired\":true,\"valueName\":\"search_term_string\"}}],\"inLanguage\":\"fr-FR\"},{\"@type\":\"Organization\",\"@id\":\"https:\\\/\\\/step-lab.com\\\/fr\\\/#organization\",\"name\":\"STEP Lab\",\"url\":\"https:\\\/\\\/step-lab.com\\\/fr\\\/\",\"logo\":{\"@type\":\"ImageObject\",\"inLanguage\":\"fr-FR\",\"@id\":\"https:\\\/\\\/step-lab.com\\\/fr\\\/#\\\/schema\\\/logo\\\/image\\\/\",\"url\":\"https:\\\/\\\/step-lab.com\\\/wp-content\\\/uploads\\\/2022\\\/08\\\/STEP-Lab-logoclaim-1.png\",\"contentUrl\":\"https:\\\/\\\/step-lab.com\\\/wp-content\\\/uploads\\\/2022\\\/08\\\/STEP-Lab-logoclaim-1.png\",\"width\":4316,\"height\":1395,\"caption\":\"STEP Lab\"},\"image\":{\"@id\":\"https:\\\/\\\/step-lab.com\\\/fr\\\/#\\\/schema\\\/logo\\\/image\\\/\"},\"sameAs\":[\"https:\\\/\\\/www.facebook.com\\\/step.lab.macchine\\\/\",\"https:\\\/\\\/it.linkedin.com\\\/company\\\/step-lab\",\"https:\\\/\\\/www.youtube.com\\\/c\\\/STEPLab\",\"https:\\\/\\\/www.instagram.com\\\/step__lab\\\/?hl=it\"]}]}<\/script>\n<!-- \/ Yoast SEO Premium plugin. -->","yoast_head_json":{"title":"Autres Normes - STEP Lab","description":"STEP Lab con\u00e7oit et construit des machines d'essai et des logiciels pour les essais selon les normes internationales telles que VDI, JIS et autres.","robots":{"index":"index","follow":"follow","max-snippet":"max-snippet:-1","max-image-preview":"max-image-preview:large","max-video-preview":"max-video-preview:-1"},"canonical":"https:\/\/step-lab.com\/fr\/autres-normes\/","og_locale":"fr_FR","og_type":"article","og_title":"Autres Normes","og_description":"STEP Lab con\u00e7oit et construit des machines d'essai et des logiciels pour les essais selon les normes internationales telles que VDI, JIS et autres.","og_url":"https:\/\/step-lab.com\/fr\/autres-normes\/","og_site_name":"STEP Lab","article_publisher":"https:\/\/www.facebook.com\/step.lab.macchine\/","twitter_card":"summary_large_image","twitter_misc":{"Dur\u00e9e de lecture estim\u00e9e":"15 minutes"},"schema":{"@context":"https:\/\/schema.org","@graph":[{"@type":"WebPage","@id":"https:\/\/step-lab.com\/fr\/autres-normes\/","url":"https:\/\/step-lab.com\/fr\/autres-normes\/","name":"Autres Normes - STEP Lab","isPartOf":{"@id":"https:\/\/step-lab.com\/fr\/#website"},"datePublished":"2024-03-19T13:53:19+00:00","description":"STEP Lab con\u00e7oit et construit des machines d'essai et des logiciels pour les essais selon les normes internationales telles que VDI, JIS et autres.","breadcrumb":{"@id":"https:\/\/step-lab.com\/fr\/autres-normes\/#breadcrumb"},"inLanguage":"fr-FR","potentialAction":[{"@type":"ReadAction","target":["https:\/\/step-lab.com\/fr\/autres-normes\/"]}]},{"@type":"BreadcrumbList","@id":"https:\/\/step-lab.com\/fr\/autres-normes\/#breadcrumb","itemListElement":[{"@type":"ListItem","position":1,"name":"Home","item":"https:\/\/step-lab.com\/fr\/machines-dessai-mecaniques\/"},{"@type":"ListItem","position":2,"name":"Autres Normes"}]},{"@type":"WebSite","@id":"https:\/\/step-lab.com\/fr\/#website","url":"https:\/\/step-lab.com\/fr\/","name":"Step Lab","description":"Testing machines","publisher":{"@id":"https:\/\/step-lab.com\/fr\/#organization"},"potentialAction":[{"@type":"SearchAction","target":{"@type":"EntryPoint","urlTemplate":"https:\/\/step-lab.com\/fr\/?s={search_term_string}"},"query-input":{"@type":"PropertyValueSpecification","valueRequired":true,"valueName":"search_term_string"}}],"inLanguage":"fr-FR"},{"@type":"Organization","@id":"https:\/\/step-lab.com\/fr\/#organization","name":"STEP Lab","url":"https:\/\/step-lab.com\/fr\/","logo":{"@type":"ImageObject","inLanguage":"fr-FR","@id":"https:\/\/step-lab.com\/fr\/#\/schema\/logo\/image\/","url":"https:\/\/step-lab.com\/wp-content\/uploads\/2022\/08\/STEP-Lab-logoclaim-1.png","contentUrl":"https:\/\/step-lab.com\/wp-content\/uploads\/2022\/08\/STEP-Lab-logoclaim-1.png","width":4316,"height":1395,"caption":"STEP Lab"},"image":{"@id":"https:\/\/step-lab.com\/fr\/#\/schema\/logo\/image\/"},"sameAs":["https:\/\/www.facebook.com\/step.lab.macchine\/","https:\/\/it.linkedin.com\/company\/step-lab","https:\/\/www.youtube.com\/c\/STEPLab","https:\/\/www.instagram.com\/step__lab\/?hl=it"]}]}},"_links":{"self":[{"href":"https:\/\/step-lab.com\/fr\/wp-json\/wp\/v2\/pages\/107933","targetHints":{"allow":["GET"]}}],"collection":[{"href":"https:\/\/step-lab.com\/fr\/wp-json\/wp\/v2\/pages"}],"about":[{"href":"https:\/\/step-lab.com\/fr\/wp-json\/wp\/v2\/types\/page"}],"author":[{"embeddable":true,"href":"https:\/\/step-lab.com\/fr\/wp-json\/wp\/v2\/users\/5"}],"replies":[{"embeddable":true,"href":"https:\/\/step-lab.com\/fr\/wp-json\/wp\/v2\/comments?post=107933"}],"version-history":[{"count":2,"href":"https:\/\/step-lab.com\/fr\/wp-json\/wp\/v2\/pages\/107933\/revisions"}],"predecessor-version":[{"id":107935,"href":"https:\/\/step-lab.com\/fr\/wp-json\/wp\/v2\/pages\/107933\/revisions\/107935"}],"wp:attachment":[{"href":"https:\/\/step-lab.com\/fr\/wp-json\/wp\/v2\/media?parent=107933"}],"curies":[{"name":"wp","href":"https:\/\/api.w.org\/{rel}","templated":true}]}}