{"id":108008,"date":"2024-03-19T14:50:50","date_gmt":"2024-03-19T13:50:50","guid":{"rendered":"https:\/\/step-lab.com\/?page_id=108008"},"modified":"2024-03-19T14:50:50","modified_gmt":"2024-03-19T13:50:50","slug":"maintenance-et-mise-a-jour","status":"publish","type":"page","link":"https:\/\/step-lab.com\/fr\/maintenance-et-mise-a-jour\/","title":{"rendered":"Maintenance et mise \u00e0 jour"},"content":{"rendered":"\n<style type=\"text\/css\" data-created_by=\"avia_inline_auto\" id=\"style-css-av-lpmktkcw-098bddf068965b6313ca5a377d8a1cb4\">\n.avia-section.av-lpmktkcw-098bddf068965b6313ca5a377d8a1cb4{\nbackground-repeat:no-repeat;\nbackground-image:url(https:\/\/step-lab.com\/wp-content\/uploads\/2023\/12\/aggiornamento.jpg);\nbackground-position:0% 0%;\nbackground-attachment:scroll;\n}\n.avia-section.av-lpmktkcw-098bddf068965b6313ca5a377d8a1cb4 .av-section-color-overlay{\nopacity:0.7;\nbackground-color:#0a0a0a;\n}\n<\/style>\n<div id='av_section_1'  class='avia-section av-lpmktkcw-098bddf068965b6313ca5a377d8a1cb4 main_color avia-section-default avia-no-border-styling  avia-builder-el-0  el_before_av_section  avia-builder-el-first  avia-bg-style-scroll av-section-color-overlay-active av-minimum-height av-minimum-height-custom av-height-custom  container_wrap fullsize'  data-section-bg-repeat='no-repeat' data-av_minimum_height_px='400'><div class=\"av-section-color-overlay-wrap\"><div class=\"av-section-color-overlay\"><\/div><div class='container av-section-cont-open' style='height:400px'><main  role=\"main\" itemprop=\"mainContentOfPage\"  class='template-page content  av-content-full alpha units'><div class='post-entry post-entry-type-page post-entry-108008'><div class='entry-content-wrapper clearfix'>\n\n<style type=\"text\/css\" data-created_by=\"avia_inline_auto\" id=\"style-css-av-kz5l5bax-40a990ab01e605d434114f5edc8e8711\">\n#top .av_textblock_section.av-kz5l5bax-40a990ab01e605d434114f5edc8e8711 .avia_textblock{\ncolor:#ffffff;\n}\n<\/style>\n<section  class='av_textblock_section av-kz5l5bax-40a990ab01e605d434114f5edc8e8711 '   itemscope=\"itemscope\" itemtype=\"https:\/\/schema.org\/CreativeWork\" ><div class='avia_textblock av_inherit_color'  itemprop=\"text\" ><h1 class=\"hp-tab-header\" style=\"text-align: center;\">MAINTENANCE ET MISE \u00c0 JOUR<\/h1>\n<\/div><\/section>\n\n<\/div><\/div><\/main><!-- close content main element --><\/div><\/div><\/div>\n<style type=\"text\/css\" data-created_by=\"avia_inline_auto\" id=\"style-css-av-kz5kzctu-c9a8d703d1bc162632517390641e296e\">\n.avia-section.av-kz5kzctu-c9a8d703d1bc162632517390641e296e{\nbackground-color:#ffffff;\nbackground-image:unset;\n}\n<\/style>\n<div id='av_section_2'  class='avia-section av-kz5kzctu-c9a8d703d1bc162632517390641e296e main_color avia-section-default avia-no-border-styling  avia-builder-el-2  el_after_av_section  el_before_av_one_full  avia-bg-style-scroll container_wrap fullsize'  ><div class='container av-section-cont-open' ><div class='template-page content  av-content-full alpha units'><div class='post-entry post-entry-type-page post-entry-108008'><div class='entry-content-wrapper clearfix'>\n\n<style type=\"text\/css\" data-created_by=\"avia_inline_auto\" id=\"style-css-av-1nzeg2m-fe94bcca9a28e835d76c269d4bec4b4b\">\n.flex_column.av-1nzeg2m-fe94bcca9a28e835d76c269d4bec4b4b{\nborder-radius:0px 0px 0px 0px;\npadding:0px 0px 0px 0px;\n}\n<\/style>\n<div  class='flex_column av-1nzeg2m-fe94bcca9a28e835d76c269d4bec4b4b av_one_third  avia-builder-el-3  el_before_av_three_fifth  avia-builder-el-first  first flex_column_div av-zero-column-padding  '     ><style type=\"text\/css\" data-created_by=\"avia_inline_auto\" id=\"style-css-av-lpml9pwp-366167c2e4cd4bfebab004f9ecc8103e\">\n.avia-image-container.av-lpml9pwp-366167c2e4cd4bfebab004f9ecc8103e img.avia_image{\nbox-shadow:none;\n}\n.avia-image-container.av-lpml9pwp-366167c2e4cd4bfebab004f9ecc8103e .av-image-caption-overlay-center{\ncolor:#ffffff;\n}\n<\/style>\n<div  class='avia-image-container av-lpml9pwp-366167c2e4cd4bfebab004f9ecc8103e av-styling- avia-align-center  avia-builder-el-4  avia-builder-el-no-sibling '   itemprop=\"image\" itemscope=\"itemscope\" itemtype=\"https:\/\/schema.org\/ImageObject\" ><div class=\"avia-image-container-inner\"><div class=\"avia-image-overlay-wrap\"><img decoding=\"async\" fetchpriority=\"high\" class='wp-image-79573 avia-img-lazy-loading-not-79573 avia_image ' src=\"https:\/\/step-lab.com\/wp-content\/uploads\/2022\/06\/DSC_0789o-619x1030.png\" alt='' title='DSC_0789o'  height=\"1030\" width=\"619\"  itemprop=\"thumbnailUrl\" srcset=\"https:\/\/step-lab.com\/wp-content\/uploads\/2022\/06\/DSC_0789o-619x1030.png 619w, https:\/\/step-lab.com\/wp-content\/uploads\/2022\/06\/DSC_0789o-180x300.png 180w, https:\/\/step-lab.com\/wp-content\/uploads\/2022\/06\/DSC_0789o-768x1279.png 768w, https:\/\/step-lab.com\/wp-content\/uploads\/2022\/06\/DSC_0789o-922x1536.png 922w, https:\/\/step-lab.com\/wp-content\/uploads\/2022\/06\/DSC_0789o-1230x2048.png 1230w, https:\/\/step-lab.com\/wp-content\/uploads\/2022\/06\/DSC_0789o-901x1500.png 901w, https:\/\/step-lab.com\/wp-content\/uploads\/2022\/06\/DSC_0789o-423x705.png 423w\" sizes=\"(max-width: 619px) 100vw, 619px\" \/><\/div><\/div><\/div><\/div>\n<style type=\"text\/css\" data-created_by=\"avia_inline_auto\" id=\"style-css-av-2ob6n2-37299a70bd5e136f7b7643b9c47a5fee\">\n.flex_column.av-2ob6n2-37299a70bd5e136f7b7643b9c47a5fee{\nborder-radius:0px 0px 0px 0px;\npadding:0px 0px 0px 0px;\n}\n<\/style>\n<div  class='flex_column av-2ob6n2-37299a70bd5e136f7b7643b9c47a5fee av_three_fifth  avia-builder-el-5  el_after_av_one_third  avia-builder-el-last  flex_column_div av-zero-column-padding  '     ><style type=\"text\/css\" data-created_by=\"avia_inline_auto\" id=\"style-css-av-kz5emoty-15618559e2667776fba04fac8a862e81\">\n#top .av_textblock_section.av-kz5emoty-15618559e2667776fba04fac8a862e81 .avia_textblock{\nfont-size:18px;\n}\n<\/style>\n<section  class='av_textblock_section av-kz5emoty-15618559e2667776fba04fac8a862e81 '   itemscope=\"itemscope\" itemtype=\"https:\/\/schema.org\/CreativeWork\" ><div class='avia_textblock'  itemprop=\"text\" ><h2>Maintenance pr\u00e9ventive<\/h2>\n<p>La <strong>maintenance pr\u00e9ventive<\/strong>, associ\u00e9e \u00e0 des services d&rsquo;\u00e9talonnage, est la solution optimale pour garantir la conformit\u00e9 aux normes ISO 9001, ASTM E4 et ASTM E83. Nos ing\u00e9nieurs STEP Lab sont des experts de la maintenance des \u00e9quipements et ont acc\u00e8s \u00e0 la documentation et aux pi\u00e8ces sp\u00e9cifiques, ce qui garantit des performances optimales. Nos visites comprennent des activit\u00e9s visant \u00e0 minimiser les temps d&rsquo;arr\u00eat et \u00e0 maximiser les performances de votre syst\u00e8me d&rsquo;essai.<\/p>\n<h2>Mise \u00e0 jour<\/h2>\n<p>Nos techniciens sp\u00e9cialis\u00e9s, disponibles dans le monde entier, assurent le fonctionnement continu de vos syst\u00e8mes et la stabilit\u00e9 de vos donn\u00e9es. Nous offrons des services sur le terrain personnalis\u00e9s, r\u00e9duisant ainsi les co\u00fbts et les temps d&rsquo;arr\u00eat. Notre \u00e9quipe d&rsquo;ing\u00e9nieurs et de techniciens exp\u00e9riment\u00e9s est pr\u00eate \u00e0 prendre en charge la r\u00e9paration et le renouvellement de vos syst\u00e8mes, offrant des solutions compl\u00e8tes pour assurer la continuit\u00e9 des activit\u00e9s. Pour une tranquillit\u00e9 d&rsquo;esprit totale, nous offrons des garanties \u00e9tendues pour la plupart des syst\u00e8mes en production et nous nous engageons \u00e0 ce que vous puissiez continuer \u00e0 fonctionner sans interruption.<\/p>\n<\/div><\/section><br \/>\n\n<style type=\"text\/css\" data-created_by=\"avia_inline_auto\" id=\"style-css-av-kwov6uz9-1ba75c9e0ecb97878ca5c9d97f63628a\">\n#top .hr.hr-invisible.av-kwov6uz9-1ba75c9e0ecb97878ca5c9d97f63628a{\nheight:20px;\n}\n<\/style>\n<div  class='hr av-kwov6uz9-1ba75c9e0ecb97878ca5c9d97f63628a hr-invisible  avia-builder-el-7  el_after_av_textblock  el_before_av_textblock '><span class='hr-inner '><span class=\"hr-inner-style\"><\/span><\/span><\/div><br \/>\n<section  class='av_textblock_section av-kwovl9fx-abcf3bad45e83af91d2c427dbfa2e32c '   itemscope=\"itemscope\" itemtype=\"https:\/\/schema.org\/CreativeWork\" ><div class='avia_textblock'  itemprop=\"text\" ><h5 style=\"text-align: left;\">Contactez-nous pour obtenir la promotion ad\u00e9quate pour votre entreprise.<\/h5>\n<\/div><\/section><br \/>\n\n<style type=\"text\/css\" data-created_by=\"avia_inline_auto\" id=\"style-css-av-kwov6uz9-3-46c6b609f2f1e28a98fd9aa930e4be8b\">\n#top .hr.hr-invisible.av-kwov6uz9-3-46c6b609f2f1e28a98fd9aa930e4be8b{\nheight:50px;\n}\n<\/style>\n<div  class='hr av-kwov6uz9-3-46c6b609f2f1e28a98fd9aa930e4be8b hr-invisible  avia-builder-el-9  el_after_av_textblock  el_before_av_buttonrow '><span class='hr-inner '><span class=\"hr-inner-style\"><\/span><\/span><\/div><br \/>\n<div  class='avia-buttonrow-wrap av-l56tm07k-6146f5c576e91641772620afcca4cc07 avia-buttonrow-left  avia-builder-el-10  el_after_av_hr  avia-builder-el-last '>\n\n<style type=\"text\/css\" data-created_by=\"avia_inline_auto\" id=\"style-css-av-l56tlzqm-84853cc38236ce20618d2103eb9f21d6\">\n#top #wrap_all .avia-button.av-l56tlzqm-84853cc38236ce20618d2103eb9f21d6{\nmargin-bottom:5px;\nmargin-right:5px;\n}\n<\/style>\n<a href='https:\/\/step-lab.com\/fr\/?page_id=107906'  class='avia-button av-l56tlzqm-84853cc38236ce20618d2103eb9f21d6 avia-icon_select-yes-left-icon avia-size-x-large avia-color-theme-color'   aria-label=\"Contactez nous\"><span class='avia_button_icon avia_button_icon_left avia-iconfont avia-font-entypo-fontello' data-av_icon='\ue854' data-av_iconfont='entypo-fontello' ><\/span><span class='avia_iconbox_title' >Contactez nous<\/span><\/a>\n<\/div><\/p><\/div>\n<\/div><\/div><\/div><!-- close content main div --><\/div><\/div><div id='after_section_2'  class='main_color av_default_container_wrap container_wrap fullsize'  ><div class='container av-section-cont-open' ><div class='template-page content  av-content-full alpha units'><div class='post-entry post-entry-type-page post-entry-108008'><div class='entry-content-wrapper clearfix'>\n\n<style type=\"text\/css\" data-created_by=\"avia_inline_auto\" id=\"style-css-av-2iezot-3db7e577291d5f2169bb9574373f49ba\">\n.flex_column.av-2iezot-3db7e577291d5f2169bb9574373f49ba{\nborder-radius:0px 0px 0px 0px;\npadding:0px 0px 0px 0px;\n}\n<\/style>\n<div  class='flex_column av-2iezot-3db7e577291d5f2169bb9574373f49ba av_one_full  avia-builder-el-11  el_after_av_section  el_before_av_slideshow_accordion  avia-builder-el-no-sibling  first flex_column_div av-zero-column-padding  '     ><style type=\"text\/css\" data-created_by=\"avia_inline_auto\" id=\"style-css-av-kwnat6sl-8d3e7027b03e16a1bb6f5f7e84e229b2\">\n#top .av_textblock_section.av-kwnat6sl-8d3e7027b03e16a1bb6f5f7e84e229b2 .avia_textblock{\ncolor:#cf3339;\n}\n<\/style>\n<section  class='av_textblock_section av-kwnat6sl-8d3e7027b03e16a1bb6f5f7e84e229b2 '   itemscope=\"itemscope\" itemtype=\"https:\/\/schema.org\/CreativeWork\" ><div class='avia_textblock av_inherit_color'  itemprop=\"text\" ><h2 style=\"text-align: center;\"><span style=\"color: #cf3339;\">Autres produits<\/span><\/h2>\n<\/div><\/section><\/div>\n\n<style type=\"text\/css\" data-created_by=\"avia_inline_auto\" id=\"style-css-av-2mt2wlf-b7ecd4fce16c46b3c35d00ac2605d58d\">\n.avia-accordion.av-2mt2wlf-b7ecd4fce16c46b3c35d00ac2605d58d{\nmax-height:375px;\n}\n.avia-accordion.av-2mt2wlf-b7ecd4fce16c46b3c35d00ac2605d58d .aviaccordion-preview{\nwidth:25.1%;\n}\n.avia-accordion .aviaccordion-slide.av-2mt2wlf-b7ecd4fce16c46b3c35d00ac2605d58d__0{\nleft:0%;\n}\n.avia-accordion .aviaccordion-slide.av-2mt2wlf-b7ecd4fce16c46b3c35d00ac2605d58d__1{\nleft:25%;\n}\n.avia-accordion .aviaccordion-slide.av-2mt2wlf-b7ecd4fce16c46b3c35d00ac2605d58d__2{\nleft:50%;\n}\n.avia-accordion .aviaccordion-slide.av-2mt2wlf-b7ecd4fce16c46b3c35d00ac2605d58d__3{\nleft:75%;\n}\n<\/style>\n<div  id=\"accordion_slider_1\"  class='aviaccordion avia-accordion av-2mt2wlf-b7ecd4fce16c46b3c35d00ac2605d58d aviaccordion-title-on-hover av-slideshow-manual av-loop-once ' data-slideshow-options=\"{&quot;interval&quot;:5,&quot;autoplay&quot;:false,&quot;loop_autoplay&quot;:&quot;once&quot;}\"  itemscope=\"itemscope\" itemtype=\"https:\/\/schema.org\/Blog\" ><ul class=\"aviaccordion-inner\"><li class='aviaccordion-slide av-2mt2wlf-b7ecd4fce16c46b3c35d00ac2605d58d__0 aviaccordion-slide-1' data-av-left='0'  itemscope=\"itemscope\" itemtype=\"https:\/\/schema.org\/CreativeWork\" ><a class='aviaccordion-slide-link noHover' href=\"https:\/\/step-lab.com\/fr\/?page_id=107773\"  target='_blank'><div class='aviaccordion-preview av-accordion-text-center'><div class=\"aviaccordion-preview-title-pos\"><div class=\"aviaccordion-preview-title-wrap\"><div class=\"aviaccordion-preview-title\"><h3 class='aviaccordion-title '  itemprop=\"headline\" >s\u00e9rie ud<\/h3><div class='aviaccordion-excerpt'  itemprop=\"text\" ><p>\nSyst\u00e8mes \u00e9lectrodynamiques<\/p>\n<\/div><\/div><\/div><\/div><\/div><img loading=\"lazy\" decoding=\"async\" width=\"710\" height=\"375\" src=\"https:\/\/step-lab.com\/wp-content\/uploads\/2023\/08\/dynamic-test-machine-710x375.jpg\" class=\"aviaccordion-image\" alt=\"\" \/><\/a><\/li><li class='aviaccordion-slide av-2mt2wlf-b7ecd4fce16c46b3c35d00ac2605d58d__1 aviaccordion-slide-2' data-av-left='25'  itemscope=\"itemscope\" itemtype=\"https:\/\/schema.org\/CreativeWork\" ><a class='aviaccordion-slide-link noHover' href=\"https:\/\/step-lab.com\/fr\/?page_id=107769\"  target='_blank'><div class='aviaccordion-preview av-accordion-text-center'><div class=\"aviaccordion-preview-title-pos\"><div class=\"aviaccordion-preview-title-wrap\"><div class=\"aviaccordion-preview-title\"><h3 class='aviaccordion-title '  itemprop=\"headline\" >s\u00e9rie ea<\/h3><div class='aviaccordion-excerpt'  itemprop=\"text\" ><p>\nSyst\u00e8mes \u00e9lectrom\u00e9caniques<\/p>\n<\/div><\/div><\/div><\/div><\/div><img loading=\"lazy\" decoding=\"async\" width=\"710\" height=\"375\" src=\"https:\/\/step-lab.com\/wp-content\/uploads\/2022\/06\/Macchie-statiche-2-710x375.png\" class=\"aviaccordion-image\" alt=\"\" \/><\/a><\/li><li class='aviaccordion-slide av-2mt2wlf-b7ecd4fce16c46b3c35d00ac2605d58d__2 aviaccordion-slide-3' data-av-left='50'  itemscope=\"itemscope\" itemtype=\"https:\/\/schema.org\/CreativeWork\" ><a class='aviaccordion-slide-link noHover' href=\"https:\/\/step-lab.com\/fr\/?page_id=107830\"  target='_blank'><div class='aviaccordion-preview av-accordion-text-center'><div class=\"aviaccordion-preview-title-pos\"><div class=\"aviaccordion-preview-title-wrap\"><div class=\"aviaccordion-preview-title\"><h3 class='aviaccordion-title '  itemprop=\"headline\" >s\u00e9rie dw<\/h3><div class='aviaccordion-excerpt'  itemprop=\"text\" ><p>\nTours de chute pour les essais d&rsquo;impact<\/p>\n<\/div><\/div><\/div><\/div><\/div><img loading=\"lazy\" decoding=\"async\" width=\"710\" height=\"375\" src=\"https:\/\/step-lab.com\/wp-content\/uploads\/2024\/02\/DW750-1000-2000-710x375.png\" class=\"aviaccordion-image\" alt=\"\" \/><\/a><\/li><li class='aviaccordion-slide av-2mt2wlf-b7ecd4fce16c46b3c35d00ac2605d58d__3 aviaccordion-slide-4' data-av-left='75'  itemscope=\"itemscope\" itemtype=\"https:\/\/schema.org\/CreativeWork\" ><a class='aviaccordion-slide-link noHover' href=\"https:\/\/step-lab.com\/fr\/?page_id=107791\"  target='_blank'><div class='aviaccordion-preview av-accordion-text-center'><div class=\"aviaccordion-preview-title-pos\"><div class=\"aviaccordion-preview-title-wrap\"><div class=\"aviaccordion-preview-title\"><h3 class='aviaccordion-title '  itemprop=\"headline\" >syst\u00e8mes d\u2019essai de chaussures<\/h3><\/div><\/div><\/div><\/div><img loading=\"lazy\" decoding=\"async\" width=\"710\" height=\"375\" src=\"https:\/\/step-lab.com\/wp-content\/uploads\/2023\/12\/footwear-testing-systems-710x375.png\" class=\"aviaccordion-image\" alt=\"\" \/><\/a><\/li><\/ul><div class='aviaccordion-spacer' style='padding-bottom:52.816901408451%'><\/div><\/div>\n","protected":false},"excerpt":{"rendered":"<p>Nous fournissons un service de r\u00e9paration pour les installations d&rsquo;essais m\u00e9caniques, ce qui nous permet d&rsquo;assurer le fonctionnement des syst\u00e8mes et la stabilit\u00e9 du flux de donn\u00e9es \u00e0 tout moment.<\/p>\n","protected":false},"author":5,"featured_media":0,"parent":0,"menu_order":0,"comment_status":"closed","ping_status":"closed","template":"","meta":{"_acf_changed":false,"footnotes":""},"class_list":["post-108008","page","type-page","status-publish","hentry"],"acf":[],"yoast_head":"<!-- This site is optimized with the Yoast SEO Premium plugin v27.3 (Yoast SEO v27.3) - https:\/\/yoast.com\/product\/yoast-seo-premium-wordpress\/ -->\n<title>Maintenance et mise \u00e0 jour - STEP Lab<\/title>\n<meta name=\"description\" content=\"Nous fournissons des services de maintenance et de mise \u00e0 niveau pour les machines d&#039;essai afin de maintenir les syst\u00e8mes en \u00e9tat de marche et de haute performance.\" \/>\n<meta name=\"robots\" content=\"index, follow, max-snippet:-1, max-image-preview:large, max-video-preview:-1\" \/>\n<link rel=\"canonical\" href=\"https:\/\/step-lab.com\/fr\/maintenance-et-mise-a-jour\/\" \/>\n<meta property=\"og:locale\" content=\"fr_FR\" \/>\n<meta property=\"og:type\" content=\"article\" \/>\n<meta property=\"og:title\" content=\"Maintenance et mise \u00e0 jour\" \/>\n<meta property=\"og:description\" content=\"Nous fournissons des services de maintenance et de mise \u00e0 niveau pour les machines d&#039;essai afin de maintenir les syst\u00e8mes en \u00e9tat de marche et de haute performance.\" \/>\n<meta property=\"og:url\" content=\"https:\/\/step-lab.com\/fr\/maintenance-et-mise-a-jour\/\" \/>\n<meta property=\"og:site_name\" content=\"STEP Lab\" \/>\n<meta property=\"article:publisher\" content=\"https:\/\/www.facebook.com\/step.lab.macchine\/\" \/>\n<meta name=\"twitter:card\" content=\"summary_large_image\" \/>\n<meta name=\"twitter:label1\" content=\"Dur\u00e9e de lecture estim\u00e9e\" \/>\n\t<meta name=\"twitter:data1\" content=\"15 minutes\" \/>\n<script type=\"application\/ld+json\" class=\"yoast-schema-graph\">{\"@context\":\"https:\\\/\\\/schema.org\",\"@graph\":[{\"@type\":\"WebPage\",\"@id\":\"https:\\\/\\\/step-lab.com\\\/fr\\\/maintenance-et-mise-a-jour\\\/\",\"url\":\"https:\\\/\\\/step-lab.com\\\/fr\\\/maintenance-et-mise-a-jour\\\/\",\"name\":\"Maintenance et mise \u00e0 jour - STEP Lab\",\"isPartOf\":{\"@id\":\"https:\\\/\\\/step-lab.com\\\/fr\\\/#website\"},\"datePublished\":\"2024-03-19T13:50:50+00:00\",\"description\":\"Nous fournissons des services de maintenance et de mise \u00e0 niveau pour les machines d'essai afin de maintenir les syst\u00e8mes en \u00e9tat de marche et de haute performance.\",\"breadcrumb\":{\"@id\":\"https:\\\/\\\/step-lab.com\\\/fr\\\/maintenance-et-mise-a-jour\\\/#breadcrumb\"},\"inLanguage\":\"fr-FR\",\"potentialAction\":[{\"@type\":\"ReadAction\",\"target\":[\"https:\\\/\\\/step-lab.com\\\/fr\\\/maintenance-et-mise-a-jour\\\/\"]}]},{\"@type\":\"BreadcrumbList\",\"@id\":\"https:\\\/\\\/step-lab.com\\\/fr\\\/maintenance-et-mise-a-jour\\\/#breadcrumb\",\"itemListElement\":[{\"@type\":\"ListItem\",\"position\":1,\"name\":\"Home\",\"item\":\"https:\\\/\\\/step-lab.com\\\/fr\\\/machines-dessai-mecaniques\\\/\"},{\"@type\":\"ListItem\",\"position\":2,\"name\":\"Maintenance et mise \u00e0 jour\"}]},{\"@type\":\"WebSite\",\"@id\":\"https:\\\/\\\/step-lab.com\\\/fr\\\/#website\",\"url\":\"https:\\\/\\\/step-lab.com\\\/fr\\\/\",\"name\":\"Step Lab\",\"description\":\"Testing machines\",\"publisher\":{\"@id\":\"https:\\\/\\\/step-lab.com\\\/fr\\\/#organization\"},\"potentialAction\":[{\"@type\":\"SearchAction\",\"target\":{\"@type\":\"EntryPoint\",\"urlTemplate\":\"https:\\\/\\\/step-lab.com\\\/fr\\\/?s={search_term_string}\"},\"query-input\":{\"@type\":\"PropertyValueSpecification\",\"valueRequired\":true,\"valueName\":\"search_term_string\"}}],\"inLanguage\":\"fr-FR\"},{\"@type\":\"Organization\",\"@id\":\"https:\\\/\\\/step-lab.com\\\/fr\\\/#organization\",\"name\":\"STEP Lab\",\"url\":\"https:\\\/\\\/step-lab.com\\\/fr\\\/\",\"logo\":{\"@type\":\"ImageObject\",\"inLanguage\":\"fr-FR\",\"@id\":\"https:\\\/\\\/step-lab.com\\\/fr\\\/#\\\/schema\\\/logo\\\/image\\\/\",\"url\":\"https:\\\/\\\/step-lab.com\\\/wp-content\\\/uploads\\\/2022\\\/08\\\/STEP-Lab-logoclaim-1.png\",\"contentUrl\":\"https:\\\/\\\/step-lab.com\\\/wp-content\\\/uploads\\\/2022\\\/08\\\/STEP-Lab-logoclaim-1.png\",\"width\":4316,\"height\":1395,\"caption\":\"STEP Lab\"},\"image\":{\"@id\":\"https:\\\/\\\/step-lab.com\\\/fr\\\/#\\\/schema\\\/logo\\\/image\\\/\"},\"sameAs\":[\"https:\\\/\\\/www.facebook.com\\\/step.lab.macchine\\\/\",\"https:\\\/\\\/it.linkedin.com\\\/company\\\/step-lab\",\"https:\\\/\\\/www.youtube.com\\\/c\\\/STEPLab\",\"https:\\\/\\\/www.instagram.com\\\/step__lab\\\/?hl=it\"]}]}<\/script>\n<!-- \/ Yoast SEO Premium plugin. -->","yoast_head_json":{"title":"Maintenance et mise \u00e0 jour - STEP Lab","description":"Nous fournissons des services de maintenance et de mise \u00e0 niveau pour les machines d'essai afin de maintenir les syst\u00e8mes en \u00e9tat de marche et de haute performance.","robots":{"index":"index","follow":"follow","max-snippet":"max-snippet:-1","max-image-preview":"max-image-preview:large","max-video-preview":"max-video-preview:-1"},"canonical":"https:\/\/step-lab.com\/fr\/maintenance-et-mise-a-jour\/","og_locale":"fr_FR","og_type":"article","og_title":"Maintenance et mise \u00e0 jour","og_description":"Nous fournissons des services de maintenance et de mise \u00e0 niveau pour les machines d'essai afin de maintenir les syst\u00e8mes en \u00e9tat de marche et de haute performance.","og_url":"https:\/\/step-lab.com\/fr\/maintenance-et-mise-a-jour\/","og_site_name":"STEP Lab","article_publisher":"https:\/\/www.facebook.com\/step.lab.macchine\/","twitter_card":"summary_large_image","twitter_misc":{"Dur\u00e9e de lecture estim\u00e9e":"15 minutes"},"schema":{"@context":"https:\/\/schema.org","@graph":[{"@type":"WebPage","@id":"https:\/\/step-lab.com\/fr\/maintenance-et-mise-a-jour\/","url":"https:\/\/step-lab.com\/fr\/maintenance-et-mise-a-jour\/","name":"Maintenance et mise \u00e0 jour - STEP Lab","isPartOf":{"@id":"https:\/\/step-lab.com\/fr\/#website"},"datePublished":"2024-03-19T13:50:50+00:00","description":"Nous fournissons des services de maintenance et de mise \u00e0 niveau pour les machines d'essai afin de maintenir les syst\u00e8mes en \u00e9tat de marche et de haute performance.","breadcrumb":{"@id":"https:\/\/step-lab.com\/fr\/maintenance-et-mise-a-jour\/#breadcrumb"},"inLanguage":"fr-FR","potentialAction":[{"@type":"ReadAction","target":["https:\/\/step-lab.com\/fr\/maintenance-et-mise-a-jour\/"]}]},{"@type":"BreadcrumbList","@id":"https:\/\/step-lab.com\/fr\/maintenance-et-mise-a-jour\/#breadcrumb","itemListElement":[{"@type":"ListItem","position":1,"name":"Home","item":"https:\/\/step-lab.com\/fr\/machines-dessai-mecaniques\/"},{"@type":"ListItem","position":2,"name":"Maintenance et mise \u00e0 jour"}]},{"@type":"WebSite","@id":"https:\/\/step-lab.com\/fr\/#website","url":"https:\/\/step-lab.com\/fr\/","name":"Step Lab","description":"Testing machines","publisher":{"@id":"https:\/\/step-lab.com\/fr\/#organization"},"potentialAction":[{"@type":"SearchAction","target":{"@type":"EntryPoint","urlTemplate":"https:\/\/step-lab.com\/fr\/?s={search_term_string}"},"query-input":{"@type":"PropertyValueSpecification","valueRequired":true,"valueName":"search_term_string"}}],"inLanguage":"fr-FR"},{"@type":"Organization","@id":"https:\/\/step-lab.com\/fr\/#organization","name":"STEP Lab","url":"https:\/\/step-lab.com\/fr\/","logo":{"@type":"ImageObject","inLanguage":"fr-FR","@id":"https:\/\/step-lab.com\/fr\/#\/schema\/logo\/image\/","url":"https:\/\/step-lab.com\/wp-content\/uploads\/2022\/08\/STEP-Lab-logoclaim-1.png","contentUrl":"https:\/\/step-lab.com\/wp-content\/uploads\/2022\/08\/STEP-Lab-logoclaim-1.png","width":4316,"height":1395,"caption":"STEP Lab"},"image":{"@id":"https:\/\/step-lab.com\/fr\/#\/schema\/logo\/image\/"},"sameAs":["https:\/\/www.facebook.com\/step.lab.macchine\/","https:\/\/it.linkedin.com\/company\/step-lab","https:\/\/www.youtube.com\/c\/STEPLab","https:\/\/www.instagram.com\/step__lab\/?hl=it"]}]}},"_links":{"self":[{"href":"https:\/\/step-lab.com\/fr\/wp-json\/wp\/v2\/pages\/108008","targetHints":{"allow":["GET"]}}],"collection":[{"href":"https:\/\/step-lab.com\/fr\/wp-json\/wp\/v2\/pages"}],"about":[{"href":"https:\/\/step-lab.com\/fr\/wp-json\/wp\/v2\/types\/page"}],"author":[{"embeddable":true,"href":"https:\/\/step-lab.com\/fr\/wp-json\/wp\/v2\/users\/5"}],"replies":[{"embeddable":true,"href":"https:\/\/step-lab.com\/fr\/wp-json\/wp\/v2\/comments?post=108008"}],"version-history":[{"count":2,"href":"https:\/\/step-lab.com\/fr\/wp-json\/wp\/v2\/pages\/108008\/revisions"}],"predecessor-version":[{"id":108010,"href":"https:\/\/step-lab.com\/fr\/wp-json\/wp\/v2\/pages\/108008\/revisions\/108010"}],"wp:attachment":[{"href":"https:\/\/step-lab.com\/fr\/wp-json\/wp\/v2\/media?parent=108008"}],"curies":[{"name":"wp","href":"https:\/\/api.w.org\/{rel}","templated":true}]}}