{"id":108122,"date":"2024-03-19T17:36:37","date_gmt":"2024-03-19T16:36:37","guid":{"rendered":"https:\/\/step-lab.com\/?page_id=108122"},"modified":"2026-04-10T14:24:36","modified_gmt":"2026-04-10T12:24:36","slug":"foires-conferences","status":"publish","type":"page","link":"https:\/\/step-lab.com\/fr\/foires-conferences\/","title":{"rendered":"Foires et Conf\u00e9rences"},"content":{"rendered":"\n<style type=\"text\/css\" data-created_by=\"avia_inline_auto\" id=\"style-css-av-m8d3mm6w-451bd450a78363a5fe2c68fb10dd1f58\">\n.avia-section.av-m8d3mm6w-451bd450a78363a5fe2c68fb10dd1f58{\nbackground-repeat:no-repeat;\nbackground-image:url(https:\/\/step-lab.com\/wp-content\/uploads\/2025\/01\/aerospacetestdevelopmentshow.jpg);\nbackground-position:0% 0%;\nbackground-attachment:scroll;\n}\n.avia-section.av-m8d3mm6w-451bd450a78363a5fe2c68fb10dd1f58 .av-section-color-overlay{\nopacity:0.5;\nbackground-color:#000000;\n}\n<\/style>\n<div id='av_section_1'  class='avia-section av-m8d3mm6w-451bd450a78363a5fe2c68fb10dd1f58 main_color avia-section-default avia-no-border-styling  avia-builder-el-0  el_before_av_section  avia-builder-el-first  avia-bg-style-scroll av-section-color-overlay-active av-minimum-height av-minimum-height-custom av-height-custom  container_wrap fullsize'  data-section-bg-repeat='no-repeat' data-av_minimum_height_px='400'><div class=\"av-section-color-overlay-wrap\"><div class=\"av-section-color-overlay\"><\/div><div class='container av-section-cont-open' style='height:400px'><main  role=\"main\" itemprop=\"mainContentOfPage\"  class='template-page content  av-content-full alpha units'><div class='post-entry post-entry-type-page post-entry-108122'><div class='entry-content-wrapper clearfix'>\n\n<style type=\"text\/css\" data-created_by=\"avia_inline_auto\" id=\"style-css-av-lc0cdg5b-dda15806833327b2e8b78199dad72327\">\n#top .av_textblock_section.av-lc0cdg5b-dda15806833327b2e8b78199dad72327 .avia_textblock{\ncolor:#ffffff;\n}\n<\/style>\n<section  class='av_textblock_section av-lc0cdg5b-dda15806833327b2e8b78199dad72327 '   itemscope=\"itemscope\" itemtype=\"https:\/\/schema.org\/CreativeWork\" ><div class='avia_textblock av_inherit_color'  itemprop=\"text\" ><h1 style=\"text-align: center;\">O\u00f9 nous trouver en 2026<\/h1>\n<\/div><\/section>\n\n<\/div><\/div><\/main><!-- close content main element --><\/div><\/div><\/div><div id='av_section_2'  class='avia-section av-26z7a1w-1bd3d6f4658ea1bb681ebe8dfc11a394 main_color avia-section-default avia-no-border-styling  avia-builder-el-2  el_after_av_section  el_before_av_section  avia-bg-style-scroll container_wrap fullsize'  ><div class='container av-section-cont-open' ><div class='template-page content  av-content-full alpha units'><div class='post-entry post-entry-type-page post-entry-108122'><div class='entry-content-wrapper clearfix'>\n<div  class='flex_column av-1n8bpr8-ccdc247ccdf390f541701969971e9218 av_one_fifth  avia-builder-el-3  el_before_av_three_fifth  avia-builder-el-first  first flex_column_div  '     ><\/div><div  class='flex_column av-19fympw-768a8d4f0742a663d2822a280e0a74f3 av_three_fifth  avia-builder-el-4  el_after_av_one_fifth  el_before_av_one_fifth  flex_column_div  '     ><p>\n<style type=\"text\/css\" data-created_by=\"avia_inline_auto\" id=\"style-css-av-m8d4dqsz-7955e46d6113cb21649b272ce27734b6\">\n#top .hr.hr-invisible.av-m8d4dqsz-7955e46d6113cb21649b272ce27734b6{\nheight:50px;\n}\n<\/style>\n<div  class='hr av-m8d4dqsz-7955e46d6113cb21649b272ce27734b6 hr-invisible  avia-builder-el-5  el_before_av_textblock  avia-builder-el-first '><span class='hr-inner '><span class=\"hr-inner-style\"><\/span><\/span><\/div><br \/>\n\n<style type=\"text\/css\" data-created_by=\"avia_inline_auto\" id=\"style-css-av-m8d4aivs-df1b4c8a6c1c4b9779c8cbb035452955\">\n#top .av_textblock_section.av-m8d4aivs-df1b4c8a6c1c4b9779c8cbb035452955 .avia_textblock{\nfont-size:18px;\n}\n<\/style>\n<section  class='av_textblock_section av-m8d4aivs-df1b4c8a6c1c4b9779c8cbb035452955 '   itemscope=\"itemscope\" itemtype=\"https:\/\/schema.org\/CreativeWork\" ><div class='avia_textblock'  itemprop=\"text\" ><h2>AUTOMOBILE<\/h2>\n<p><strong>VI-Grade Smart Prototypes Summit<\/strong> \u2013 Udine, Italie \u2013 19-21 mai 2026<\/p>\n<p><strong>Automotive Testing Expo Europe<\/strong> \u2013 Stuttgart, Allemagne \u2013 23-25 juin 2026<\/p>\n<p><strong>Automotive Testing Expo USA<\/strong> \u2013 Novi, Michigan \u2013 27-29 octobre 2026<\/p>\n<p><strong>EICMA<\/strong> &#8211; Milan, Italie &#8211; du 5 au 8 novembre 2026<\/p>\n<h2>MAT\u00c9RIAUX<\/h2>\n<p><strong>ESIAM 26<\/strong> &#8211; Vicence, Italie &#8211; 18-20 f\u00e9vrier 2026<\/p>\n<p><span data-olk-copy-source=\"MessageBody\"><strong>SEM (Society for Experimental Mechanics) Conf\u00e9rence<\/strong> &#8211; Norfolk, Virginie, \u00c9tats-Unis &#8211; 1er-4 juin 2026<\/span><\/p>\n<p><strong>CAMX 2026<\/strong> &#8211; Atlanta, G\u00e9orgie, \u00c9tats-Unis &#8211; 21-24 septembre 2026<\/p>\n<h2><\/h2>\n<h2>BIOM\u00c9DICAL<\/h2>\n<p><strong>Orthopaedic Research Society<\/strong> &#8211; Charlotte, Caroline du Nord, \u00c9tats-Unis &#8211; 27-31 mars 2026<\/p>\n<p><strong>Conf\u00e9rence sur les technologies m\u00e9dicales et sportives et les jeunes biom\u00e9caniciens<\/strong> &#8211; Wis\u0142a, Pologne &#8211; 15-17 mai 2026<\/p>\n<h2>A\u00c9ROSPATIAL<\/h2>\n<p>&#8211;<\/p>\n<\/div><\/section><br \/>\n\n<style type=\"text\/css\" data-created_by=\"avia_inline_auto\" id=\"style-css-av-ml7qtoot-cf7c3fe59cd13995e97c3f735c8f860b\">\n#top .hr.hr-invisible.av-ml7qtoot-cf7c3fe59cd13995e97c3f735c8f860b{\nheight:50px;\n}\n<\/style>\n<div  class='hr av-ml7qtoot-cf7c3fe59cd13995e97c3f735c8f860b hr-invisible  avia-builder-el-7  el_after_av_textblock  el_before_av_textblock '><span class='hr-inner '><span class=\"hr-inner-style\"><\/span><\/span><\/div><br \/>\n\n<style type=\"text\/css\" data-created_by=\"avia_inline_auto\" id=\"style-css-av-ml7qsiqw-35949043b9439a57cf962113e3d2c40d\">\n#top .av_textblock_section.av-ml7qsiqw-35949043b9439a57cf962113e3d2c40d .avia_textblock{\nfont-size:18px;\n}\n<\/style>\n<section  class='av_textblock_section av-ml7qsiqw-35949043b9439a57cf962113e3d2c40d '   itemscope=\"itemscope\" itemtype=\"https:\/\/schema.org\/CreativeWork\" ><div class='avia_textblock'  itemprop=\"text\" ><p><span style=\"text-decoration: underline;\">D&rsquo;autres \u00e9v\u00e9nements seront communiqu\u00e9s dans les semaines \u00e0 venir&#8230;<\/span><\/p>\n<\/div><\/section><\/p><\/div><div  class='flex_column av-lr5bt0-791e79288a5c6f81d7e99263773448e3 av_one_fifth  avia-builder-el-9  el_after_av_three_fifth  avia-builder-el-last  flex_column_div  '     ><\/div><\/div><\/div><\/div><!-- close content main div --><\/div><\/div>\n<style type=\"text\/css\" data-created_by=\"avia_inline_auto\" id=\"style-css-av-8nqqilg-360f845c08f70ff56df6c4b98ba2e338\">\n.avia-section.av-8nqqilg-360f845c08f70ff56df6c4b98ba2e338{\nbackground-color:#dddddd;\nbackground-image:unset;\n}\n<\/style>\n<div id='av_section_3'  class='avia-section av-8nqqilg-360f845c08f70ff56df6c4b98ba2e338 main_color avia-section-default avia-no-border-styling  avia-builder-el-10  el_after_av_section  avia-builder-el-last  avia-bg-style-scroll container_wrap fullsize'  ><div class='container av-section-cont-open' ><div class='template-page content  av-content-full alpha units'><div class='post-entry post-entry-type-page post-entry-108122'><div class='entry-content-wrapper clearfix'>\n\n<style type=\"text\/css\" data-created_by=\"avia_inline_auto\" id=\"style-css-av-87gpjus-4a15ab0939416cfee57e5e1b825cd223\">\n.flex_column.av-87gpjus-4a15ab0939416cfee57e5e1b825cd223{\nborder-radius:0px 0px 0px 0px;\npadding:0px 0px 0px 0px;\n}\n<\/style>\n<div  class='flex_column av-87gpjus-4a15ab0939416cfee57e5e1b825cd223 av_one_fifth  avia-builder-el-11  el_before_av_one_fifth  avia-builder-el-first  first flex_column_div av-zero-column-padding  '     ><\/div>\n<style type=\"text\/css\" data-created_by=\"avia_inline_auto\" id=\"style-css-av-7otb0ys-4c05ecfeba0a8c06dfda20f63f6ac4df\">\n.flex_column.av-7otb0ys-4c05ecfeba0a8c06dfda20f63f6ac4df{\nborder-radius:0px 0px 0px 0px;\npadding:0px 0px 0px 0px;\n}\n<\/style>\n<div  class='flex_column av-7otb0ys-4c05ecfeba0a8c06dfda20f63f6ac4df av_one_fifth  avia-builder-el-12  el_after_av_one_fifth  el_before_av_three_fifth  flex_column_div av-zero-column-padding  '     ><style type=\"text\/css\" data-created_by=\"avia_inline_auto\" id=\"style-css-av-77a7jqc-9976f2e086d13d026e5b4ab9a4e24f46\">\n.avia-image-container.av-77a7jqc-9976f2e086d13d026e5b4ab9a4e24f46 img.avia_image{\nbox-shadow:none;\n}\n.avia-image-container.av-77a7jqc-9976f2e086d13d026e5b4ab9a4e24f46 .av-image-caption-overlay-center{\ncolor:#ffffff;\n}\n<\/style>\n<div  class='avia-image-container av-77a7jqc-9976f2e086d13d026e5b4ab9a4e24f46 av-styling- avia-align-center  avia-builder-el-13  avia-builder-el-no-sibling '   itemprop=\"image\" itemscope=\"itemscope\" itemtype=\"https:\/\/schema.org\/ImageObject\" ><div class=\"avia-image-container-inner\"><div class=\"avia-image-overlay-wrap\"><img decoding=\"async\" fetchpriority=\"high\" class='wp-image-65298 avia-img-lazy-loading-not-65298 avia_image ' src=\"https:\/\/step-lab.com\/wp-content\/uploads\/man-593333_1920-845x684.png\" alt='' title='man-593333_1920'  height=\"684\" width=\"845\"  itemprop=\"thumbnailUrl\" srcset=\"https:\/\/step-lab.com\/wp-content\/uploads\/man-593333_1920-845x684.png 845w, https:\/\/step-lab.com\/wp-content\/uploads\/man-593333_1920-495x400.png 495w\" sizes=\"(max-width: 845px) 100vw, 845px\" \/><\/div><\/div><\/div><\/div>\n<style type=\"text\/css\" data-created_by=\"avia_inline_auto\" id=\"style-css-av-6l0no04-9b07ecc6a0764d4ac765b0c05c27ee9a\">\n.flex_column.av-6l0no04-9b07ecc6a0764d4ac765b0c05c27ee9a{\nborder-radius:0px 0px 0px 0px;\npadding:0px 0px 0px 0px;\n}\n<\/style>\n<div  class='flex_column av-6l0no04-9b07ecc6a0764d4ac765b0c05c27ee9a av_three_fifth  avia-builder-el-14  el_after_av_one_fifth  avia-builder-el-last  flex_column_div av-zero-column-padding  '     ><p>\n<style type=\"text\/css\" data-created_by=\"avia_inline_auto\" id=\"style-css-av-69fh8f8-9f110d268cf899a53b01d0f5d9be978d\">\n#top .hr.hr-invisible.av-69fh8f8-9f110d268cf899a53b01d0f5d9be978d{\nheight:50px;\n}\n<\/style>\n<div  class='hr av-69fh8f8-9f110d268cf899a53b01d0f5d9be978d hr-invisible  avia-builder-el-15  el_before_av_textblock  avia-builder-el-first '><span class='hr-inner '><span class=\"hr-inner-style\"><\/span><\/span><\/div><br \/>\n<section  class='av_textblock_section av-5n7expg-28112c09d6658ec87ee521451e036fad '   itemscope=\"itemscope\" itemtype=\"https:\/\/schema.org\/CreativeWork\" ><div class='avia_textblock'  itemprop=\"text\" ><h5 style=\"text-align: center;\">Explorez notre catalogue ou contactez-nous pour trouver ensemble le produit qui convient \u00e0 votre entreprise.<\/h5>\n<\/div><\/section><br \/>\n\n<style type=\"text\/css\" data-created_by=\"avia_inline_auto\" id=\"style-css-av-4wtyzb8-dc382360ca00f55162acc31569179dc0\">\n#top .hr.hr-invisible.av-4wtyzb8-dc382360ca00f55162acc31569179dc0{\nheight:50px;\n}\n<\/style>\n<div  class='hr av-4wtyzb8-dc382360ca00f55162acc31569179dc0 hr-invisible  avia-builder-el-17  el_after_av_textblock  el_before_av_buttonrow '><span class='hr-inner '><span class=\"hr-inner-style\"><\/span><\/span><\/div><br \/>\n<div  class='avia-buttonrow-wrap av-lgq6cgr8-56bd8c548a113235e0596d866869c6b8 avia-buttonrow-center  avia-builder-el-18  el_after_av_hr  avia-builder-el-last '>\n\n<style type=\"text\/css\" data-created_by=\"avia_inline_auto\" id=\"style-css-av-lgq6ceq2-b66c64c2ec9bfb24be66aee1449284f9\">\n#top #wrap_all .avia-button.av-lgq6ceq2-b66c64c2ec9bfb24be66aee1449284f9{\nmargin-bottom:5px;\nmargin-right:3px;\nmargin-left:3px;\n}\n<\/style>\n<a href='https:\/\/step-lab.com\/fr\/contact\/'  class='avia-button av-lgq6ceq2-b66c64c2ec9bfb24be66aee1449284f9 avia-icon_select-yes-left-icon avia-size-x-large avia-color-theme-color'   aria-label=\"Contact\"><span class='avia_button_icon avia_button_icon_left avia-iconfont avia-font-entypo-fontello' data-av_icon='\ue854' data-av_iconfont='entypo-fontello' ><\/span><span class='avia_iconbox_title' >Contact<\/span><\/a>\n\n<style type=\"text\/css\" data-created_by=\"avia_inline_auto\" id=\"style-css-av-2z7wpw-f7b5e38dc1a4b003cafc60b0267dc26f\">\n#top #wrap_all .avia-button.av-2z7wpw-f7b5e38dc1a4b003cafc60b0267dc26f{\nmargin-bottom:5px;\nmargin-right:3px;\nmargin-left:3px;\n}\n<\/style>\n<a href='https:\/\/step-lab.com\/wp-content\/uploads\/2023\/03\/CatalogoMacchine_steplab-web.pdf'  class='avia-button av-2z7wpw-f7b5e38dc1a4b003cafc60b0267dc26f avia-icon_select-yes-left-icon avia-size-x-large avia-color-theme-color'   aria-label=\"Brochure\"><span class='avia_button_icon avia_button_icon_left avia-iconfont avia-font-entypo-fontello' data-av_icon='\ue82d' data-av_iconfont='entypo-fontello' ><\/span><span class='avia_iconbox_title' >Brochure<\/span><\/a>\n<\/div><\/p><\/div>\n<\/p>\n","protected":false},"excerpt":{"rendered":"","protected":false},"author":5,"featured_media":0,"parent":0,"menu_order":0,"comment_status":"closed","ping_status":"closed","template":"","meta":{"_acf_changed":false,"footnotes":""},"class_list":["post-108122","page","type-page","status-publish","hentry"],"acf":[],"yoast_head":"<!-- This site is optimized with the Yoast SEO Premium plugin v27.3 (Yoast SEO v27.3) - https:\/\/yoast.com\/product\/yoast-seo-premium-wordpress\/ -->\n<title>Foires et Conf\u00e9rences et Conf\u00e9rences - STEP Lab<\/title>\n<meta name=\"robots\" content=\"index, follow, max-snippet:-1, max-image-preview:large, max-video-preview:-1\" \/>\n<link rel=\"canonical\" href=\"https:\/\/step-lab.com\/fr\/foires-conferences\/\" \/>\n<meta property=\"og:locale\" content=\"fr_FR\" \/>\n<meta property=\"og:type\" content=\"article\" \/>\n<meta property=\"og:title\" content=\"Foires et Conf\u00e9rences\" \/>\n<meta property=\"og:url\" content=\"https:\/\/step-lab.com\/fr\/foires-conferences\/\" \/>\n<meta property=\"og:site_name\" content=\"STEP Lab\" \/>\n<meta property=\"article:publisher\" content=\"https:\/\/www.facebook.com\/step.lab.macchine\/\" \/>\n<meta property=\"article:modified_time\" content=\"2026-04-10T12:24:36+00:00\" \/>\n<meta name=\"twitter:card\" content=\"summary_large_image\" \/>\n<meta name=\"twitter:label1\" content=\"Dur\u00e9e de lecture estim\u00e9e\" \/>\n\t<meta name=\"twitter:data1\" content=\"1 minute\" \/>\n<script type=\"application\/ld+json\" class=\"yoast-schema-graph\">{\"@context\":\"https:\\\/\\\/schema.org\",\"@graph\":[{\"@type\":\"WebPage\",\"@id\":\"https:\\\/\\\/step-lab.com\\\/fr\\\/foires-conferences\\\/\",\"url\":\"https:\\\/\\\/step-lab.com\\\/fr\\\/foires-conferences\\\/\",\"name\":\"Foires et Conf\u00e9rences et Conf\u00e9rences - STEP Lab\",\"isPartOf\":{\"@id\":\"https:\\\/\\\/step-lab.com\\\/fr\\\/#website\"},\"datePublished\":\"2024-03-19T16:36:37+00:00\",\"dateModified\":\"2026-04-10T12:24:36+00:00\",\"breadcrumb\":{\"@id\":\"https:\\\/\\\/step-lab.com\\\/fr\\\/foires-conferences\\\/#breadcrumb\"},\"inLanguage\":\"fr-FR\",\"potentialAction\":[{\"@type\":\"ReadAction\",\"target\":[\"https:\\\/\\\/step-lab.com\\\/fr\\\/foires-conferences\\\/\"]}]},{\"@type\":\"BreadcrumbList\",\"@id\":\"https:\\\/\\\/step-lab.com\\\/fr\\\/foires-conferences\\\/#breadcrumb\",\"itemListElement\":[{\"@type\":\"ListItem\",\"position\":1,\"name\":\"Home\",\"item\":\"https:\\\/\\\/step-lab.com\\\/fr\\\/machines-dessai-mecaniques\\\/\"},{\"@type\":\"ListItem\",\"position\":2,\"name\":\"Foires et Conf\u00e9rences\"}]},{\"@type\":\"WebSite\",\"@id\":\"https:\\\/\\\/step-lab.com\\\/fr\\\/#website\",\"url\":\"https:\\\/\\\/step-lab.com\\\/fr\\\/\",\"name\":\"Step Lab\",\"description\":\"Testing machines\",\"publisher\":{\"@id\":\"https:\\\/\\\/step-lab.com\\\/fr\\\/#organization\"},\"potentialAction\":[{\"@type\":\"SearchAction\",\"target\":{\"@type\":\"EntryPoint\",\"urlTemplate\":\"https:\\\/\\\/step-lab.com\\\/fr\\\/?s={search_term_string}\"},\"query-input\":{\"@type\":\"PropertyValueSpecification\",\"valueRequired\":true,\"valueName\":\"search_term_string\"}}],\"inLanguage\":\"fr-FR\"},{\"@type\":\"Organization\",\"@id\":\"https:\\\/\\\/step-lab.com\\\/fr\\\/#organization\",\"name\":\"STEP Lab\",\"url\":\"https:\\\/\\\/step-lab.com\\\/fr\\\/\",\"logo\":{\"@type\":\"ImageObject\",\"inLanguage\":\"fr-FR\",\"@id\":\"https:\\\/\\\/step-lab.com\\\/fr\\\/#\\\/schema\\\/logo\\\/image\\\/\",\"url\":\"https:\\\/\\\/step-lab.com\\\/wp-content\\\/uploads\\\/2022\\\/08\\\/STEP-Lab-logoclaim-1.png\",\"contentUrl\":\"https:\\\/\\\/step-lab.com\\\/wp-content\\\/uploads\\\/2022\\\/08\\\/STEP-Lab-logoclaim-1.png\",\"width\":4316,\"height\":1395,\"caption\":\"STEP Lab\"},\"image\":{\"@id\":\"https:\\\/\\\/step-lab.com\\\/fr\\\/#\\\/schema\\\/logo\\\/image\\\/\"},\"sameAs\":[\"https:\\\/\\\/www.facebook.com\\\/step.lab.macchine\\\/\",\"https:\\\/\\\/it.linkedin.com\\\/company\\\/step-lab\",\"https:\\\/\\\/www.youtube.com\\\/c\\\/STEPLab\",\"https:\\\/\\\/www.instagram.com\\\/step__lab\\\/?hl=it\"]}]}<\/script>\n<!-- \/ Yoast SEO Premium plugin. -->","yoast_head_json":{"title":"Foires et Conf\u00e9rences et Conf\u00e9rences - STEP Lab","robots":{"index":"index","follow":"follow","max-snippet":"max-snippet:-1","max-image-preview":"max-image-preview:large","max-video-preview":"max-video-preview:-1"},"canonical":"https:\/\/step-lab.com\/fr\/foires-conferences\/","og_locale":"fr_FR","og_type":"article","og_title":"Foires et Conf\u00e9rences","og_url":"https:\/\/step-lab.com\/fr\/foires-conferences\/","og_site_name":"STEP Lab","article_publisher":"https:\/\/www.facebook.com\/step.lab.macchine\/","article_modified_time":"2026-04-10T12:24:36+00:00","twitter_card":"summary_large_image","twitter_misc":{"Dur\u00e9e de lecture estim\u00e9e":"1 minute"},"schema":{"@context":"https:\/\/schema.org","@graph":[{"@type":"WebPage","@id":"https:\/\/step-lab.com\/fr\/foires-conferences\/","url":"https:\/\/step-lab.com\/fr\/foires-conferences\/","name":"Foires et Conf\u00e9rences et Conf\u00e9rences - STEP Lab","isPartOf":{"@id":"https:\/\/step-lab.com\/fr\/#website"},"datePublished":"2024-03-19T16:36:37+00:00","dateModified":"2026-04-10T12:24:36+00:00","breadcrumb":{"@id":"https:\/\/step-lab.com\/fr\/foires-conferences\/#breadcrumb"},"inLanguage":"fr-FR","potentialAction":[{"@type":"ReadAction","target":["https:\/\/step-lab.com\/fr\/foires-conferences\/"]}]},{"@type":"BreadcrumbList","@id":"https:\/\/step-lab.com\/fr\/foires-conferences\/#breadcrumb","itemListElement":[{"@type":"ListItem","position":1,"name":"Home","item":"https:\/\/step-lab.com\/fr\/machines-dessai-mecaniques\/"},{"@type":"ListItem","position":2,"name":"Foires et Conf\u00e9rences"}]},{"@type":"WebSite","@id":"https:\/\/step-lab.com\/fr\/#website","url":"https:\/\/step-lab.com\/fr\/","name":"Step Lab","description":"Testing machines","publisher":{"@id":"https:\/\/step-lab.com\/fr\/#organization"},"potentialAction":[{"@type":"SearchAction","target":{"@type":"EntryPoint","urlTemplate":"https:\/\/step-lab.com\/fr\/?s={search_term_string}"},"query-input":{"@type":"PropertyValueSpecification","valueRequired":true,"valueName":"search_term_string"}}],"inLanguage":"fr-FR"},{"@type":"Organization","@id":"https:\/\/step-lab.com\/fr\/#organization","name":"STEP Lab","url":"https:\/\/step-lab.com\/fr\/","logo":{"@type":"ImageObject","inLanguage":"fr-FR","@id":"https:\/\/step-lab.com\/fr\/#\/schema\/logo\/image\/","url":"https:\/\/step-lab.com\/wp-content\/uploads\/2022\/08\/STEP-Lab-logoclaim-1.png","contentUrl":"https:\/\/step-lab.com\/wp-content\/uploads\/2022\/08\/STEP-Lab-logoclaim-1.png","width":4316,"height":1395,"caption":"STEP Lab"},"image":{"@id":"https:\/\/step-lab.com\/fr\/#\/schema\/logo\/image\/"},"sameAs":["https:\/\/www.facebook.com\/step.lab.macchine\/","https:\/\/it.linkedin.com\/company\/step-lab","https:\/\/www.youtube.com\/c\/STEPLab","https:\/\/www.instagram.com\/step__lab\/?hl=it"]}]}},"_links":{"self":[{"href":"https:\/\/step-lab.com\/fr\/wp-json\/wp\/v2\/pages\/108122","targetHints":{"allow":["GET"]}}],"collection":[{"href":"https:\/\/step-lab.com\/fr\/wp-json\/wp\/v2\/pages"}],"about":[{"href":"https:\/\/step-lab.com\/fr\/wp-json\/wp\/v2\/types\/page"}],"author":[{"embeddable":true,"href":"https:\/\/step-lab.com\/fr\/wp-json\/wp\/v2\/users\/5"}],"replies":[{"embeddable":true,"href":"https:\/\/step-lab.com\/fr\/wp-json\/wp\/v2\/comments?post=108122"}],"version-history":[{"count":30,"href":"https:\/\/step-lab.com\/fr\/wp-json\/wp\/v2\/pages\/108122\/revisions"}],"predecessor-version":[{"id":122658,"href":"https:\/\/step-lab.com\/fr\/wp-json\/wp\/v2\/pages\/108122\/revisions\/122658"}],"wp:attachment":[{"href":"https:\/\/step-lab.com\/fr\/wp-json\/wp\/v2\/media?parent=108122"}],"curies":[{"name":"wp","href":"https:\/\/api.w.org\/{rel}","templated":true}]}}