{"id":118663,"date":"2022-05-09T17:58:53","date_gmt":"2022-05-09T15:58:53","guid":{"rendered":"https:\/\/step-lab.com\/en-standard\/"},"modified":"2025-07-24T14:17:07","modified_gmt":"2025-07-24T12:17:07","slug":"normas-en","status":"publish","type":"page","link":"https:\/\/step-lab.com\/pt-br\/normas-en\/","title":{"rendered":"EN"},"content":{"rendered":"\n<style type=\"text\/css\" data-created_by=\"avia_inline_auto\" id=\"style-css-av-lpkxobdj-7fb55e2102d9a55ba69ca8b30b219e71\">\n.avia-section.av-lpkxobdj-7fb55e2102d9a55ba69ca8b30b219e71{\nbackground-repeat:no-repeat;\nbackground-image:url(https:\/\/step-lab.com\/wp-content\/uploads\/2023\/11\/test-standards.jpg);\nbackground-position:0% 0%;\nbackground-attachment:scroll;\n}\n.avia-section.av-lpkxobdj-7fb55e2102d9a55ba69ca8b30b219e71 .av-section-color-overlay{\nopacity:0.7;\nbackground-color:#0a0a0a;\n}\n<\/style>\n<div id='av_section_1'  class='avia-section av-lpkxobdj-7fb55e2102d9a55ba69ca8b30b219e71 main_color avia-section-default avia-no-border-styling  avia-builder-el-0  el_before_av_one_fifth  avia-builder-el-first  avia-full-stretch avia-bg-style-scroll av-section-color-overlay-active av-minimum-height av-minimum-height-custom av-height-custom  container_wrap fullsize'  data-section-bg-repeat='stretch' data-av_minimum_height_px='300'><div class=\"av-section-color-overlay-wrap\"><div class=\"av-section-color-overlay\"><\/div><div class='container av-section-cont-open' style='height:300px'><main  role=\"main\" itemprop=\"mainContentOfPage\"  class='template-page content  av-content-full alpha units'><div class='post-entry post-entry-type-page post-entry-118663'><div class='entry-content-wrapper clearfix'>\n\n<style type=\"text\/css\" data-created_by=\"avia_inline_auto\" id=\"style-css-av-lh5y3d04-3f43b2ebe4066c39ffd13103eac8a266\">\n#top .av_textblock_section.av-lh5y3d04-3f43b2ebe4066c39ffd13103eac8a266 .avia_textblock{\ncolor:#ffffff;\n}\n<\/style>\n<section  class='av_textblock_section av-lh5y3d04-3f43b2ebe4066c39ffd13103eac8a266 '   itemscope=\"itemscope\" itemtype=\"https:\/\/schema.org\/CreativeWork\" ><div class='avia_textblock av_inherit_color'  itemprop=\"text\" ><h1 style=\"text-align: center;\">NORMAS EN<\/h1>\n<\/div><\/section>\n<\/div><\/div><\/main><!-- close content main element --><\/div><\/div><\/div><div id='after_section_1'  class='main_color av_default_container_wrap container_wrap fullsize'  ><div class='container av-section-cont-open' ><div class='template-page content  av-content-full alpha units'><div class='post-entry post-entry-type-page post-entry-118663'><div class='entry-content-wrapper clearfix'><div  class='flex_column av-299tqmw-7d8c3df5058b67a70b318ac60b3d3c8b av_one_fifth  avia-builder-el-2  el_after_av_section  el_before_av_three_fifth  avia-builder-el-first  first flex_column_div  '     ><\/div><\/p>\n<div  class='flex_column av-1k0kjko-39018bd28a801c24c6256c8816166c0c av_three_fifth  avia-builder-el-3  el_after_av_one_fifth  el_before_av_one_fifth  flex_column_div  '     ><p>\n<style type=\"text\/css\" data-created_by=\"avia_inline_auto\" id=\"style-css-av-li2rk6cl-e0fc515c19e9173d26ef3d763b9c7d94\">\n#top .hr.hr-invisible.av-li2rk6cl-e0fc515c19e9173d26ef3d763b9c7d94{\nheight:20px;\n}\n<\/style>\n<div  class='hr av-li2rk6cl-e0fc515c19e9173d26ef3d763b9c7d94 hr-invisible  avia-builder-el-4  el_before_av_textblock  avia-builder-el-first '><span class='hr-inner '><span class=\"hr-inner-style\"><\/span><\/span><\/div><br \/>\n\n<style type=\"text\/css\" data-created_by=\"avia_inline_auto\" id=\"style-css-av-li2rl5gl-965a7e0e2defa6588ec5e56fdcae82dd\">\n#top .av_textblock_section.av-li2rl5gl-965a7e0e2defa6588ec5e56fdcae82dd .avia_textblock{\nfont-size:18px;\n}\n<\/style>\n<section  class='av_textblock_section av-li2rl5gl-965a7e0e2defa6588ec5e56fdcae82dd '   itemscope=\"itemscope\" itemtype=\"https:\/\/schema.org\/CreativeWork\" ><div class='avia_textblock'  itemprop=\"text\" ><p>A <strong>EN<\/strong> (Norma Europeia) \u00e9 um sistema de normas t\u00e9cnicas desenvolvido pelo Comit\u00e9 Europeu de Normaliza\u00e7\u00e3o (CEN). Proporciona um quadro harmonizado para as especifica\u00e7\u00f5es dos produtos, os m\u00e9todos de ensaio e os requisitos de desempenho nos pa\u00edses europeus. Com um conjunto abrangente de normas que abrange v\u00e1rios setores, a utiliza\u00e7\u00e3o das normas EN oferece in\u00fameras vantagens. Estas incluem a promo\u00e7\u00e3o do acesso ao mercado e do com\u00e9rcio na UE, a garantia da seguran\u00e7a e do desempenho dos produtos, a facilita\u00e7\u00e3o do cumprimento da regulamenta\u00e7\u00e3o e a promo\u00e7\u00e3o da inova\u00e7\u00e3o e da competitividade.<\/p>\n<p>Abaixo encontra-se uma lista num\u00e9rica das normas EN, dividida por aplica\u00e7\u00e3o espec\u00edfica ou setor industrial.<\/p>\n<\/div><\/section><br \/>\n<div  class='hr av-av_hr-91d7ccd583a503147498e120fee2ff9b hr-default  avia-builder-el-6  el_after_av_textblock  el_before_av_textblock '><span class='hr-inner '><span class=\"hr-inner-style\"><\/span><\/span><\/div><br \/>\n<section  class='av_textblock_section av-kxej78vy-9c28e2d4508c025a5d26efdcdb360c75 '   itemscope=\"itemscope\" itemtype=\"https:\/\/schema.org\/CreativeWork\" ><div class='avia_textblock'  itemprop=\"text\" ><h2>PADR\u00d5ES DE TESTE PARA MATERIAIS COMPOSTOS<\/h2>\n<\/div><\/section><br \/>\n\n<style type=\"text\/css\" data-created_by=\"avia_inline_auto\" id=\"style-css-av-1a77s1k-153efb5fd80effd8056ade7883394ef4\">\n#top .hr.hr-invisible.av-1a77s1k-153efb5fd80effd8056ade7883394ef4{\nheight:20px;\n}\n<\/style>\n<div  class='hr av-1a77s1k-153efb5fd80effd8056ade7883394ef4 hr-invisible  avia-builder-el-8  el_after_av_textblock  el_before_av_textblock '><span class='hr-inner '><span class=\"hr-inner-style\"><\/span><\/span><\/div><br \/>\n\n<style type=\"text\/css\" data-created_by=\"avia_inline_auto\" id=\"style-css-av-kxej67dm-7ef6f9e19f81dd5758058a4f224ebbe8\">\n#top .av_textblock_section.av-kxej67dm-7ef6f9e19f81dd5758058a4f224ebbe8 .avia_textblock{\nfont-size:18px;\n}\n<\/style>\n<section  class='av_textblock_section av-kxej67dm-7ef6f9e19f81dd5758058a4f224ebbe8 '   itemscope=\"itemscope\" itemtype=\"https:\/\/schema.org\/CreativeWork\" ><div class='avia_textblock'  itemprop=\"text\" ><table>\n<tbody>\n<tr>\n<th>Norma<\/th>\n<th>Descri\u00e7\u00e3o<\/th>\n<\/tr>\n<tr>\n<td>EN 2377<\/td>\n<td>Resist\u00eancia ao cisalhamento interlaminar aparente de pl\u00e1sticos refor\u00e7ados com fibra de vidro<\/td>\n<\/tr>\n<tr>\n<td>EN 2561<\/td>\n<td>Propriedades de tra\u00e7\u00e3o paralelas \u00e0 dire\u00e7\u00e3o das fibras de pl\u00e1sticos refor\u00e7ados com fibra de carbono unidirecional<\/td>\n<\/tr>\n<tr>\n<td>EN 2562<\/td>\n<td>Ensaio de flex\u00e3o unidirecional em pl\u00e1sticos refor\u00e7ados com fibra de carbono na dire\u00e7\u00e3o das fibras<\/td>\n<\/tr>\n<tr>\n<td>EN 2597<\/td>\n<td>Propriedades de tra\u00e7\u00e3o perpendiculares \u00e0 dire\u00e7\u00e3o das fibras de pl\u00e1sticos refor\u00e7ados com fibra de carbono unidirecional<\/td>\n<\/tr>\n<tr>\n<td>EN 2746<\/td>\n<td>Ensaio de flex\u00e3o em tr\u00eas pontos de pl\u00e1sticos refor\u00e7ados com fibra de vidro<\/td>\n<\/tr>\n<tr>\n<td>EN 6031<\/td>\n<td>Determina\u00e7\u00e3o das propriedades de cisalhamento no plano<\/td>\n<\/tr>\n<\/tbody>\n<\/table>\n<\/div><\/section><br \/>\n<div  class='hr av-m65a1kdo-77263de9f35fbfbd9f8eef683ab81446 hr-default  avia-builder-el-10  el_after_av_textblock  el_before_av_textblock '><span class='hr-inner '><span class=\"hr-inner-style\"><\/span><\/span><\/div><br \/>\n<section  class='av_textblock_section av-m65a5d9l-a5377cecdfc3da123069f67809c6095a '   itemscope=\"itemscope\" itemtype=\"https:\/\/schema.org\/CreativeWork\" ><div class='avia_textblock'  itemprop=\"text\" ><h2>PADR\u00d5ES DE TESTE PARA O SETOR FERROVI\u00c1RIO<\/h2>\n<\/div><\/section><br \/>\n\n<style type=\"text\/css\" data-created_by=\"avia_inline_auto\" id=\"style-css-av-av_hr-82f5be0ae0af6a64fe3091010b237709\">\n#top .hr.hr-invisible.av-av_hr-82f5be0ae0af6a64fe3091010b237709{\nheight:20px;\n}\n<\/style>\n<div  class='hr av-av_hr-82f5be0ae0af6a64fe3091010b237709 hr-invisible  avia-builder-el-12  el_after_av_textblock  el_before_av_textblock '><span class='hr-inner '><span class=\"hr-inner-style\"><\/span><\/span><\/div><br \/>\n\n<style type=\"text\/css\" data-created_by=\"avia_inline_auto\" id=\"style-css-av-m65a5pun-6c66c6ccc411dd910f5ad57ae394bbcd\">\n#top .av_textblock_section.av-m65a5pun-6c66c6ccc411dd910f5ad57ae394bbcd .avia_textblock{\nfont-size:18px;\n}\n<\/style>\n<section  class='av_textblock_section av-m65a5pun-6c66c6ccc411dd910f5ad57ae394bbcd '   itemscope=\"itemscope\" itemtype=\"https:\/\/schema.org\/CreativeWork\" ><div class='avia_textblock'  itemprop=\"text\" ><table>\n<tbody>\n<tr>\n<td>EN 16730<\/td>\n<td>Aplica\u00e7\u00f5es ferrovi\u00e1rias \u2013 Trilhos \u2013 Dormentes de concreto e dormentes com mantas sob os dormentes<\/td>\n<\/tr>\n<\/tbody>\n<\/table>\n<\/div><\/section><\/p><\/div><div  class='flex_column av-ky75mg-75d886b17658eade511f0507816bb858 av_one_fifth  avia-builder-el-14  el_after_av_three_fifth  avia-builder-el-last  flex_column_div  '     ><\/div><\/p>\n","protected":false},"excerpt":{"rendered":"","protected":false},"author":5,"featured_media":0,"parent":0,"menu_order":0,"comment_status":"closed","ping_status":"closed","template":"","meta":{"_acf_changed":false,"footnotes":""},"class_list":["post-118663","page","type-page","status-publish","hentry"],"acf":[],"yoast_head":"<!-- This site is optimized with the Yoast SEO Premium plugin v27.4 (Yoast SEO v27.4) - https:\/\/yoast.com\/product\/yoast-seo-premium-wordpress\/ -->\n<title>Normas EN - STEP Lab<\/title>\n<meta name=\"description\" content=\"O STEP Lab fornece m\u00e1quinas de teste dedicadas e software para testes de acordo com as normas EN (European Standards).\" \/>\n<meta name=\"robots\" content=\"index, follow, max-snippet:-1, max-image-preview:large, max-video-preview:-1\" \/>\n<link rel=\"canonical\" href=\"https:\/\/step-lab.com\/pt-br\/normas-en\/\" \/>\n<meta property=\"og:locale\" content=\"pt_BR\" \/>\n<meta property=\"og:type\" content=\"article\" \/>\n<meta property=\"og:title\" content=\"EN\" \/>\n<meta property=\"og:description\" content=\"O STEP Lab fornece m\u00e1quinas de teste dedicadas e software para testes de acordo com as normas EN (European Standards).\" \/>\n<meta property=\"og:url\" content=\"https:\/\/step-lab.com\/pt-br\/normas-en\/\" \/>\n<meta property=\"og:site_name\" content=\"STEP Lab\" \/>\n<meta property=\"article:publisher\" content=\"https:\/\/www.facebook.com\/step.lab.macchine\/\" \/>\n<meta property=\"article:modified_time\" content=\"2025-07-24T12:17:07+00:00\" \/>\n<meta name=\"twitter:card\" content=\"summary_large_image\" \/>\n<meta name=\"twitter:label1\" content=\"Est. tempo de leitura\" \/>\n\t<meta name=\"twitter:data1\" content=\"2 minutos\" \/>\n<script type=\"application\/ld+json\" class=\"yoast-schema-graph\">{\"@context\":\"https:\\\/\\\/schema.org\",\"@graph\":[{\"@type\":\"WebPage\",\"@id\":\"https:\\\/\\\/step-lab.com\\\/pt-br\\\/normas-en\\\/\",\"url\":\"https:\\\/\\\/step-lab.com\\\/pt-br\\\/normas-en\\\/\",\"name\":\"Normas EN - STEP Lab\",\"isPartOf\":{\"@id\":\"https:\\\/\\\/step-lab.com\\\/pt-br\\\/#website\"},\"datePublished\":\"2022-05-09T15:58:53+00:00\",\"dateModified\":\"2025-07-24T12:17:07+00:00\",\"description\":\"O STEP Lab fornece m\u00e1quinas de teste dedicadas e software para testes de acordo com as normas EN (European Standards).\",\"breadcrumb\":{\"@id\":\"https:\\\/\\\/step-lab.com\\\/pt-br\\\/normas-en\\\/#breadcrumb\"},\"inLanguage\":\"pt-BR\",\"potentialAction\":[{\"@type\":\"ReadAction\",\"target\":[\"https:\\\/\\\/step-lab.com\\\/pt-br\\\/normas-en\\\/\"]}]},{\"@type\":\"BreadcrumbList\",\"@id\":\"https:\\\/\\\/step-lab.com\\\/pt-br\\\/normas-en\\\/#breadcrumb\",\"itemListElement\":[{\"@type\":\"ListItem\",\"position\":1,\"name\":\"Home\",\"item\":\"https:\\\/\\\/step-lab.com\\\/pt-br\\\/step-lab\\\/\"},{\"@type\":\"ListItem\",\"position\":2,\"name\":\"EN\"}]},{\"@type\":\"WebSite\",\"@id\":\"https:\\\/\\\/step-lab.com\\\/pt-br\\\/#website\",\"url\":\"https:\\\/\\\/step-lab.com\\\/pt-br\\\/\",\"name\":\"Step Lab\",\"description\":\"Testing machines\",\"publisher\":{\"@id\":\"https:\\\/\\\/step-lab.com\\\/pt-br\\\/#organization\"},\"potentialAction\":[{\"@type\":\"SearchAction\",\"target\":{\"@type\":\"EntryPoint\",\"urlTemplate\":\"https:\\\/\\\/step-lab.com\\\/pt-br\\\/?s={search_term_string}\"},\"query-input\":{\"@type\":\"PropertyValueSpecification\",\"valueRequired\":true,\"valueName\":\"search_term_string\"}}],\"inLanguage\":\"pt-BR\"},{\"@type\":\"Organization\",\"@id\":\"https:\\\/\\\/step-lab.com\\\/pt-br\\\/#organization\",\"name\":\"STEP Lab\",\"url\":\"https:\\\/\\\/step-lab.com\\\/pt-br\\\/\",\"logo\":{\"@type\":\"ImageObject\",\"inLanguage\":\"pt-BR\",\"@id\":\"https:\\\/\\\/step-lab.com\\\/pt-br\\\/#\\\/schema\\\/logo\\\/image\\\/\",\"url\":\"https:\\\/\\\/step-lab.com\\\/wp-content\\\/uploads\\\/2022\\\/08\\\/STEP-Lab-logoclaim-1.png\",\"contentUrl\":\"https:\\\/\\\/step-lab.com\\\/wp-content\\\/uploads\\\/2022\\\/08\\\/STEP-Lab-logoclaim-1.png\",\"width\":4316,\"height\":1395,\"caption\":\"STEP Lab\"},\"image\":{\"@id\":\"https:\\\/\\\/step-lab.com\\\/pt-br\\\/#\\\/schema\\\/logo\\\/image\\\/\"},\"sameAs\":[\"https:\\\/\\\/www.facebook.com\\\/step.lab.macchine\\\/\",\"https:\\\/\\\/it.linkedin.com\\\/company\\\/step-lab\",\"https:\\\/\\\/www.youtube.com\\\/c\\\/STEPLab\",\"https:\\\/\\\/www.instagram.com\\\/step__lab\\\/?hl=it\"]}]}<\/script>\n<!-- \/ Yoast SEO Premium plugin. -->","yoast_head_json":{"title":"Normas EN - STEP Lab","description":"O STEP Lab fornece m\u00e1quinas de teste dedicadas e software para testes de acordo com as normas EN (European Standards).","robots":{"index":"index","follow":"follow","max-snippet":"max-snippet:-1","max-image-preview":"max-image-preview:large","max-video-preview":"max-video-preview:-1"},"canonical":"https:\/\/step-lab.com\/pt-br\/normas-en\/","og_locale":"pt_BR","og_type":"article","og_title":"EN","og_description":"O STEP Lab fornece m\u00e1quinas de teste dedicadas e software para testes de acordo com as normas EN (European Standards).","og_url":"https:\/\/step-lab.com\/pt-br\/normas-en\/","og_site_name":"STEP Lab","article_publisher":"https:\/\/www.facebook.com\/step.lab.macchine\/","article_modified_time":"2025-07-24T12:17:07+00:00","twitter_card":"summary_large_image","twitter_misc":{"Est. tempo de leitura":"2 minutos"},"schema":{"@context":"https:\/\/schema.org","@graph":[{"@type":"WebPage","@id":"https:\/\/step-lab.com\/pt-br\/normas-en\/","url":"https:\/\/step-lab.com\/pt-br\/normas-en\/","name":"Normas EN - STEP Lab","isPartOf":{"@id":"https:\/\/step-lab.com\/pt-br\/#website"},"datePublished":"2022-05-09T15:58:53+00:00","dateModified":"2025-07-24T12:17:07+00:00","description":"O STEP Lab fornece m\u00e1quinas de teste dedicadas e software para testes de acordo com as normas EN (European Standards).","breadcrumb":{"@id":"https:\/\/step-lab.com\/pt-br\/normas-en\/#breadcrumb"},"inLanguage":"pt-BR","potentialAction":[{"@type":"ReadAction","target":["https:\/\/step-lab.com\/pt-br\/normas-en\/"]}]},{"@type":"BreadcrumbList","@id":"https:\/\/step-lab.com\/pt-br\/normas-en\/#breadcrumb","itemListElement":[{"@type":"ListItem","position":1,"name":"Home","item":"https:\/\/step-lab.com\/pt-br\/step-lab\/"},{"@type":"ListItem","position":2,"name":"EN"}]},{"@type":"WebSite","@id":"https:\/\/step-lab.com\/pt-br\/#website","url":"https:\/\/step-lab.com\/pt-br\/","name":"Step Lab","description":"Testing machines","publisher":{"@id":"https:\/\/step-lab.com\/pt-br\/#organization"},"potentialAction":[{"@type":"SearchAction","target":{"@type":"EntryPoint","urlTemplate":"https:\/\/step-lab.com\/pt-br\/?s={search_term_string}"},"query-input":{"@type":"PropertyValueSpecification","valueRequired":true,"valueName":"search_term_string"}}],"inLanguage":"pt-BR"},{"@type":"Organization","@id":"https:\/\/step-lab.com\/pt-br\/#organization","name":"STEP Lab","url":"https:\/\/step-lab.com\/pt-br\/","logo":{"@type":"ImageObject","inLanguage":"pt-BR","@id":"https:\/\/step-lab.com\/pt-br\/#\/schema\/logo\/image\/","url":"https:\/\/step-lab.com\/wp-content\/uploads\/2022\/08\/STEP-Lab-logoclaim-1.png","contentUrl":"https:\/\/step-lab.com\/wp-content\/uploads\/2022\/08\/STEP-Lab-logoclaim-1.png","width":4316,"height":1395,"caption":"STEP Lab"},"image":{"@id":"https:\/\/step-lab.com\/pt-br\/#\/schema\/logo\/image\/"},"sameAs":["https:\/\/www.facebook.com\/step.lab.macchine\/","https:\/\/it.linkedin.com\/company\/step-lab","https:\/\/www.youtube.com\/c\/STEPLab","https:\/\/www.instagram.com\/step__lab\/?hl=it"]}]}},"_links":{"self":[{"href":"https:\/\/step-lab.com\/pt-br\/wp-json\/wp\/v2\/pages\/118663","targetHints":{"allow":["GET"]}}],"collection":[{"href":"https:\/\/step-lab.com\/pt-br\/wp-json\/wp\/v2\/pages"}],"about":[{"href":"https:\/\/step-lab.com\/pt-br\/wp-json\/wp\/v2\/types\/page"}],"author":[{"embeddable":true,"href":"https:\/\/step-lab.com\/pt-br\/wp-json\/wp\/v2\/users\/5"}],"replies":[{"embeddable":true,"href":"https:\/\/step-lab.com\/pt-br\/wp-json\/wp\/v2\/comments?post=118663"}],"version-history":[{"count":6,"href":"https:\/\/step-lab.com\/pt-br\/wp-json\/wp\/v2\/pages\/118663\/revisions"}],"predecessor-version":[{"id":118681,"href":"https:\/\/step-lab.com\/pt-br\/wp-json\/wp\/v2\/pages\/118663\/revisions\/118681"}],"wp:attachment":[{"href":"https:\/\/step-lab.com\/pt-br\/wp-json\/wp\/v2\/media?parent=118663"}],"curies":[{"name":"wp","href":"https:\/\/api.w.org\/{rel}","templated":true}]}}