{"id":118698,"date":"2022-05-13T17:06:19","date_gmt":"2022-05-13T15:06:19","guid":{"rendered":"https:\/\/step-lab.com\/iso\/"},"modified":"2025-07-24T14:36:10","modified_gmt":"2025-07-24T12:36:10","slug":"iso","status":"publish","type":"page","link":"https:\/\/step-lab.com\/pt-br\/iso\/","title":{"rendered":"ISO"},"content":{"rendered":"\n<style type=\"text\/css\" data-created_by=\"avia_inline_auto\" id=\"style-css-av-lpl26yhu-f128fcce70ab6e5990d96afd7353c6b2\">\n.avia-section.av-lpl26yhu-f128fcce70ab6e5990d96afd7353c6b2{\nbackground-repeat:no-repeat;\nbackground-image:url(https:\/\/step-lab.com\/wp-content\/uploads\/2023\/11\/test-standards.jpg);\nbackground-position:0% 0%;\nbackground-attachment:scroll;\n}\n.avia-section.av-lpl26yhu-f128fcce70ab6e5990d96afd7353c6b2 .av-section-color-overlay{\nopacity:0.7;\nbackground-color:#0a0a0a;\n}\n<\/style>\n<div id='av_section_1'  class='avia-section av-lpl26yhu-f128fcce70ab6e5990d96afd7353c6b2 main_color avia-section-default avia-no-border-styling  avia-builder-el-0  el_before_av_one_fifth  avia-builder-el-first  avia-full-stretch avia-bg-style-scroll av-section-color-overlay-active av-minimum-height av-minimum-height-custom av-height-custom  container_wrap fullsize'  data-section-bg-repeat='stretch' data-av_minimum_height_px='300'><div class=\"av-section-color-overlay-wrap\"><div class=\"av-section-color-overlay\"><\/div><div class='container av-section-cont-open' style='height:300px'><main  role=\"main\" itemprop=\"mainContentOfPage\"  class='template-page content  av-content-full alpha units'><div class='post-entry post-entry-type-page post-entry-118698'><div class='entry-content-wrapper clearfix'>\n\n<style type=\"text\/css\" data-created_by=\"avia_inline_auto\" id=\"style-css-av-lh5y90lz-c1e27f48505efdbabc1dd628657a8b44\">\n#top .av_textblock_section.av-lh5y90lz-c1e27f48505efdbabc1dd628657a8b44 .avia_textblock{\ncolor:#ffffff;\n}\n<\/style>\n<section  class='av_textblock_section av-lh5y90lz-c1e27f48505efdbabc1dd628657a8b44 '   itemscope=\"itemscope\" itemtype=\"https:\/\/schema.org\/CreativeWork\" ><div class='avia_textblock av_inherit_color'  itemprop=\"text\" ><h1 style=\"text-align: center;\">NORMAS ISO<\/h1>\n<\/div><\/section>\n<\/div><\/div><\/main><!-- close content main element --><\/div><\/div><\/div><div id='after_section_1'  class='main_color av_default_container_wrap container_wrap fullsize'  ><div class='container av-section-cont-open' ><div class='template-page content  av-content-full alpha units'><div class='post-entry post-entry-type-page post-entry-118698'><div class='entry-content-wrapper clearfix'><div  class='flex_column av-av_one_fifth-048119fdb636ea3d70edc0b975509c6c av_one_fifth  avia-builder-el-2  el_after_av_section  el_before_av_three_fifth  avia-builder-el-first  first flex_column_div  '     ><\/div><\/p>\n<div  class='flex_column av-av_three_fifth-feecfcc73494c68bb0d1632d1d5c38ae av_three_fifth  avia-builder-el-3  el_after_av_one_fifth  el_before_av_one_fifth  flex_column_div  '     ><p>\n<style type=\"text\/css\" data-created_by=\"avia_inline_auto\" id=\"style-css-av-lhu7adps-fd6746879c68a94ce0b4ab9958f4a2d4\">\n#top .hr.hr-invisible.av-lhu7adps-fd6746879c68a94ce0b4ab9958f4a2d4{\nheight:20px;\n}\n<\/style>\n<div  class='hr av-lhu7adps-fd6746879c68a94ce0b4ab9958f4a2d4 hr-invisible  avia-builder-el-4  el_before_av_textblock  avia-builder-el-first '><span class='hr-inner '><span class=\"hr-inner-style\"><\/span><\/span><\/div><br \/>\n\n<style type=\"text\/css\" data-created_by=\"avia_inline_auto\" id=\"style-css-av-lhu7amqv-1c79603efb4fc709b9502d8dd6f06bbc\">\n#top .av_textblock_section.av-lhu7amqv-1c79603efb4fc709b9502d8dd6f06bbc .avia_textblock{\nfont-size:18px;\n}\n<\/style>\n<section  class='av_textblock_section av-lhu7amqv-1c79603efb4fc709b9502d8dd6f06bbc '   itemscope=\"itemscope\" itemtype=\"https:\/\/schema.org\/CreativeWork\" ><div class='avia_textblock'  itemprop=\"text\" ><p>A <strong>ISO<\/strong> (International Organization for Standardization) \u00e9 uma organiza\u00e7\u00e3o n\u00e3o governamental reconhecida mundialmente, fundada em 1947. Ela desenvolve e publica padr\u00f5es internacionais para v\u00e1rios produtos, servi\u00e7os e sistemas para garantir qualidade, seguran\u00e7a e efici\u00eancia em todos os setores. Com uma ampla gama de normas que abrangem diversos setores, a ISO serve como um recurso valioso para empresas do mundo todo. Alguns dos benef\u00edcios do uso das normas ISO s\u00e3o: melhor desempenho organizacional, com\u00e9rcio global facilitado e compatibilidade, melhor qualidade de produtos e servi\u00e7os e promo\u00e7\u00e3o da sustentabilidade ambiental e da responsabilidade social.<\/p>\n<p>Abaixo est\u00e1 uma lista num\u00e9rica das normas ISO, categorizadas por aplica\u00e7\u00e3o ou setor espec\u00edfico.<\/p>\n<\/div><\/section><br \/>\n\n<style type=\"text\/css\" data-created_by=\"avia_inline_auto\" id=\"style-css-av-luv4lahu-ba9a6033df167d0741aa92c112d14e89\">\n#top .av_textblock_section.av-luv4lahu-ba9a6033df167d0741aa92c112d14e89 .avia_textblock{\nfont-size:18px;\n}\n<\/style>\n<section  class='av_textblock_section av-luv4lahu-ba9a6033df167d0741aa92c112d14e89 '   itemscope=\"itemscope\" itemtype=\"https:\/\/schema.org\/CreativeWork\" ><div class='avia_textblock'  itemprop=\"text\" ><ul>\n<li><a href=\"#composite\">Padr\u00f5es de teste para materiais compostos<\/a><\/li>\n<li><a href=\"#plastic\">Padr\u00f5es de teste para materiais pl\u00e1sticos<\/a><\/li>\n<li><a href=\"#metal\">Padr\u00f5es de teste para materiais met\u00e1licos<\/a><\/li>\n<li><a href=\"#biomedical\">Padr\u00f5es de teste para o setor biom\u00e9dico<\/a><\/li>\n<li><a href=\"#bike\">Padr\u00f5es de teste para o setor de bicicletas<\/a><\/li>\n<\/ul>\n<\/div><\/section><br \/>\n<div  class='hr av-av_hr-91d7ccd583a503147498e120fee2ff9b hr-default  avia-builder-el-7  el_after_av_textblock  el_before_av_textblock '><span class='hr-inner '><span class=\"hr-inner-style\"><\/span><\/span><\/div><br \/>\n<section  class='av_textblock_section av-kxej78vy-9c28e2d4508c025a5d26efdcdb360c75 '   itemscope=\"itemscope\" itemtype=\"https:\/\/schema.org\/CreativeWork\" ><div class='avia_textblock'  itemprop=\"text\" ><h2>PADR\u00d5ES DE TESTE PARA MATERIAIS COMPOSTOS<\/h2>\n<\/div><\/section><br \/>\n\n<style type=\"text\/css\" data-created_by=\"avia_inline_auto\" id=\"style-css-av-kxej7j0j-3be0d40bb9d74309497727df582f4c1e\">\n#top .hr.hr-invisible.av-kxej7j0j-3be0d40bb9d74309497727df582f4c1e{\nheight:20px;\n}\n<\/style>\n<div  class='hr av-kxej7j0j-3be0d40bb9d74309497727df582f4c1e hr-invisible  avia-builder-el-9  el_after_av_textblock  el_before_av_textblock '><span class='hr-inner '><span class=\"hr-inner-style\"><\/span><\/span><\/div><br \/>\n\n<style type=\"text\/css\" data-created_by=\"avia_inline_auto\" id=\"style-css-av-kxej67dm-7ef6f9e19f81dd5758058a4f224ebbe8\">\n#top .av_textblock_section.av-kxej67dm-7ef6f9e19f81dd5758058a4f224ebbe8 .avia_textblock{\nfont-size:18px;\n}\n<\/style>\n<section  class='av_textblock_section av-kxej67dm-7ef6f9e19f81dd5758058a4f224ebbe8 '   itemscope=\"itemscope\" itemtype=\"https:\/\/schema.org\/CreativeWork\" ><div class='avia_textblock'  itemprop=\"text\" ><table>\n<tbody>\n<tr>\n<th style=\"width: 20%;\">Norma ISO<\/th>\n<th>Descri\u00e7\u00e3o<\/th>\n<\/tr>\n<tr>\n<td>ISO 527-5<\/td>\n<td>Propriedades de tra\u00e7\u00e3o de comp\u00f3sitos pl\u00e1sticos refor\u00e7ados com fibras unidirecionais<\/td>\n<\/tr>\n<tr>\n<td>ISO 14125<\/td>\n<td>Propriedades de flex\u00e3o de comp\u00f3sitos pl\u00e1sticos refor\u00e7ados com fibras<\/td>\n<\/tr>\n<tr>\n<td>ISO 14126<\/td>\n<td>Propriedades de compress\u00e3o no plano de comp\u00f3sitos pl\u00e1sticos refor\u00e7ados com fibras<\/td>\n<\/tr>\n<tr>\n<td>ISO 14129<\/td>\n<td>Resposta ao cisalhamento\/estresse de cisalhamento no plano de comp\u00f3sitos pl\u00e1sticos refor\u00e7ados com fibras<\/td>\n<\/tr>\n<tr>\n<td>ISO 14130<\/td>\n<td>Comp\u00f3sitos pl\u00e1sticos refor\u00e7ados com fibras<\/td>\n<\/tr>\n<\/tbody>\n<\/table>\n<\/div><\/section><br \/>\n<div  class='hr av-av_hr-91d7ccd583a503147498e120fee2ff9b hr-default  avia-builder-el-11  el_after_av_textblock  el_before_av_textblock '><span class='hr-inner '><span class=\"hr-inner-style\"><\/span><\/span><\/div><br \/>\n<section  class='av_textblock_section av-kxej78vy-9c28e2d4508c025a5d26efdcdb360c75 '   itemscope=\"itemscope\" itemtype=\"https:\/\/schema.org\/CreativeWork\" ><div class='avia_textblock'  itemprop=\"text\" ><h2>PADR\u00d5ES DE TESTE PARA MATERIAIS PL\u00c1STICOS<\/h2>\n<\/div><\/section><br \/>\n\n<style type=\"text\/css\" data-created_by=\"avia_inline_auto\" id=\"style-css-av-kxej7j0j-3be0d40bb9d74309497727df582f4c1e\">\n#top .hr.hr-invisible.av-kxej7j0j-3be0d40bb9d74309497727df582f4c1e{\nheight:20px;\n}\n<\/style>\n<div  class='hr av-kxej7j0j-3be0d40bb9d74309497727df582f4c1e hr-invisible  avia-builder-el-13  el_after_av_textblock  el_before_av_textblock '><span class='hr-inner '><span class=\"hr-inner-style\"><\/span><\/span><\/div><br \/>\n\n<style type=\"text\/css\" data-created_by=\"avia_inline_auto\" id=\"style-css-av-kxej67dm-7ef6f9e19f81dd5758058a4f224ebbe8\">\n#top .av_textblock_section.av-kxej67dm-7ef6f9e19f81dd5758058a4f224ebbe8 .avia_textblock{\nfont-size:18px;\n}\n<\/style>\n<section  class='av_textblock_section av-kxej67dm-7ef6f9e19f81dd5758058a4f224ebbe8 '   itemscope=\"itemscope\" itemtype=\"https:\/\/schema.org\/CreativeWork\" ><div class='avia_textblock'  itemprop=\"text\" ><table>\n<tbody>\n<tr>\n<th style=\"width: 20%;\">Norma ISO<\/th>\n<th>Descri\u00e7\u00e3o<\/th>\n<\/tr>\n<tr>\n<td>ISO 178<\/td>\n<td>Determina\u00e7\u00e3o das propriedades de flex\u00e3o (ensaios de flex\u00e3o em pl\u00e1sticos)<\/td>\n<\/tr>\n<tr>\n<td>ISO 179-1,<br \/>\nISO 179-2<\/td>\n<td>Determina\u00e7\u00e3o das propriedades pelo ensaio de Charpy<\/td>\n<\/tr>\n<tr>\n<td>ISO 527-2<\/td>\n<td>Determina\u00e7\u00e3o das propriedades de tra\u00e7\u00e3o \u2013 Parte 2: Condi\u00e7\u00f5es de ensaio para moldagem e extrus\u00e3o de pl\u00e1sticos<\/td>\n<\/tr>\n<tr>\n<td>ISO 527-3<\/td>\n<td>Determina\u00e7\u00e3o das propriedades de tra\u00e7\u00e3o \u2013 Parte 3: Condi\u00e7\u00f5es de ensaio para filmes e chapas<\/td>\n<\/tr>\n<tr>\n<td>ISO 527-4<\/td>\n<td>Propriedades de tra\u00e7\u00e3o de comp\u00f3sitos pl\u00e1sticos refor\u00e7ados com fibras isotr\u00f3picas e ortotr\u00f3picas<\/td>\n<\/tr>\n<tr>\n<td>ISO 604<\/td>\n<td>Determina\u00e7\u00e3o das propriedades de compress\u00e3o<\/td>\n<\/tr>\n<tr>\n<td>ISO 2439<\/td>\n<td>Dureza por indenta\u00e7\u00e3o de espuma pl\u00e1stica celular flex\u00edvel<\/td>\n<\/tr>\n<tr>\n<td>ISO 3385<\/td>\n<td>Determina\u00e7\u00e3o da fadiga por impacto de carga constante<\/td>\n<\/tr>\n<tr>\n<td>ISO 6603-1,<br \/>\nISO 6603-2<\/td>\n<td>Determina\u00e7\u00e3o do comportamento ao impacto por perfura\u00e7\u00e3o de materiais pl\u00e1sticos (ensaio de impacto n\u00e3o instrumentado),<br \/>\nDetermina\u00e7\u00e3o do comportamento ao impacto por perfura\u00e7\u00e3o de materiais pl\u00e1sticos (ensaio de impacto instrumentado)<\/td>\n<\/tr>\n<tr>\n<td>ISO 6721-5<\/td>\n<td>Determina\u00e7\u00e3o das propriedades mec\u00e2nicas din\u00e2micas (DMA) \u2013 Parte 5: Vibra\u00e7\u00e3o por flex\u00e3o \u2013 M\u00e9todo sem resson\u00e2ncia<\/td>\n<\/tr>\n<tr>\n<td>ISO 6721-12<\/td>\n<td>Determina\u00e7\u00e3o das propriedades mec\u00e2nicas din\u00e2micas (DMA) \u2013 Parte 12: Vibra\u00e7\u00e3o por compress\u00e3o \u2013 M\u00e9todo sem resson\u00e2ncia<\/td>\n<\/tr>\n<tr>\n<td>ISO 18489<\/td>\n<td>Determina\u00e7\u00e3o da resist\u00eancia ao crescimento lento de trincas sob carga c\u00edclica \u2014 M\u00e9todo de ensaio com barra redonda trincada<\/td>\n<\/tr>\n<\/tbody>\n<\/table>\n<\/div><\/section><br \/>\n<div  class='hr av-av_hr-91d7ccd583a503147498e120fee2ff9b hr-default  avia-builder-el-15  el_after_av_textblock  el_before_av_textblock '><span class='hr-inner '><span class=\"hr-inner-style\"><\/span><\/span><\/div><br \/>\n<section  class='av_textblock_section av-kxej78vy-9c28e2d4508c025a5d26efdcdb360c75 '   itemscope=\"itemscope\" itemtype=\"https:\/\/schema.org\/CreativeWork\" ><div class='avia_textblock'  itemprop=\"text\" ><h2>PADR\u00d5ES DE TESTE PARA MATERIAIS MET\u00c1LICOS<\/h2>\n<\/div><\/section><br \/>\n\n<style type=\"text\/css\" data-created_by=\"avia_inline_auto\" id=\"style-css-av-kxej7j0j-3be0d40bb9d74309497727df582f4c1e\">\n#top .hr.hr-invisible.av-kxej7j0j-3be0d40bb9d74309497727df582f4c1e{\nheight:20px;\n}\n<\/style>\n<div  class='hr av-kxej7j0j-3be0d40bb9d74309497727df582f4c1e hr-invisible  avia-builder-el-17  el_after_av_textblock  el_before_av_textblock '><span class='hr-inner '><span class=\"hr-inner-style\"><\/span><\/span><\/div><br \/>\n\n<style type=\"text\/css\" data-created_by=\"avia_inline_auto\" id=\"style-css-av-kxej67dm-7ef6f9e19f81dd5758058a4f224ebbe8\">\n#top .av_textblock_section.av-kxej67dm-7ef6f9e19f81dd5758058a4f224ebbe8 .avia_textblock{\nfont-size:18px;\n}\n<\/style>\n<section  class='av_textblock_section av-kxej67dm-7ef6f9e19f81dd5758058a4f224ebbe8 '   itemscope=\"itemscope\" itemtype=\"https:\/\/schema.org\/CreativeWork\" ><div class='avia_textblock'  itemprop=\"text\" ><table>\n<tbody>\n<tr>\n<th style=\"width: 20%;\">Norma ISO<\/th>\n<th>Descri\u00e7\u00e3o<\/th>\n<\/tr>\n<tr>\n<td>ISO 6892-1<br \/>\nISO 6892-2<\/td>\n<td>Ensaio de tra\u00e7\u00e3o (temperatura ambiente)<br \/>\nEnsaio de tra\u00e7\u00e3o (temperatura elevada)<\/td>\n<\/tr>\n<tr>\n<td>ISO 7438<\/td>\n<td>Ensaios de flex\u00e3o<\/td>\n<\/tr>\n<tr>\n<td>ISO 10113<\/td>\n<td>Chapas e tiras \u2013 Determina\u00e7\u00e3o da raz\u00e3o de deforma\u00e7\u00e3o pl\u00e1stica<\/td>\n<\/tr>\n<tr>\n<td>ISO 10275<\/td>\n<td>Chapas e tiras \u2013 Determina\u00e7\u00e3o do expoente de encruamento<\/td>\n<\/tr>\n<\/tbody>\n<\/table>\n<\/div><\/section><br \/>\n<div  class='hr av-av_hr-91d7ccd583a503147498e120fee2ff9b hr-default  avia-builder-el-19  el_after_av_textblock  el_before_av_textblock '><span class='hr-inner '><span class=\"hr-inner-style\"><\/span><\/span><\/div><br \/>\n<section  class='av_textblock_section av-lhonln79-dd90c23e5ea342deaed6a3c39e0819d1 '   itemscope=\"itemscope\" itemtype=\"https:\/\/schema.org\/CreativeWork\" ><div class='avia_textblock'  itemprop=\"text\" ><h2>PADR\u00d5ES DE TESTE PARA O SETOR BIOM\u00c9DICO<\/h2>\n<\/div><\/section><br \/>\n\n<style type=\"text\/css\" data-created_by=\"avia_inline_auto\" id=\"style-css-av-av_hr-82f5be0ae0af6a64fe3091010b237709\">\n#top .hr.hr-invisible.av-av_hr-82f5be0ae0af6a64fe3091010b237709{\nheight:20px;\n}\n<\/style>\n<div  class='hr av-av_hr-82f5be0ae0af6a64fe3091010b237709 hr-invisible  avia-builder-el-21  el_after_av_textblock  el_before_av_textblock '><span class='hr-inner '><span class=\"hr-inner-style\"><\/span><\/span><\/div><br \/>\n\n<style type=\"text\/css\" data-created_by=\"avia_inline_auto\" id=\"style-css-av-lhonvrko-eb908b74bbde67ffc0059fd81c26fcb0\">\n#top .av_textblock_section.av-lhonvrko-eb908b74bbde67ffc0059fd81c26fcb0 .avia_textblock{\nfont-size:18px;\n}\n<\/style>\n<section  class='av_textblock_section av-lhonvrko-eb908b74bbde67ffc0059fd81c26fcb0 '   itemscope=\"itemscope\" itemtype=\"https:\/\/schema.org\/CreativeWork\" ><div class='avia_textblock'  itemprop=\"text\" ><table>\n<tbody>\n<tr>\n<th style=\"width: 20%;\">Norma ISO<\/th>\n<th>Descri\u00e7\u00e3o<\/th>\n<\/tr>\n<tr>\n<td>ISO 6872<\/td>\n<td>Odontologia \u2013 Materiais cer\u00e2micos<\/td>\n<\/tr>\n<tr>\n<td>ISO 7206-4<br \/>\nISO 7206-6<\/td>\n<td>\nImplantes cir\u00fargicos \u2013 Substitui\u00e7\u00f5es parciais e totais da articula\u00e7\u00e3o do quadril:<\/p>\n<ul>\n<li>Determina\u00e7\u00e3o das propriedades de resist\u00eancia e desempenho de componentes femorais com haste<\/li>\n<li>Ensaio de resist\u00eancia e requisitos de desempenho da regi\u00e3o do colo de componentes femorais com haste<\/li>\n<\/ul>\n<\/td>\n<\/tr>\n<tr>\n<td>ISO 9585<\/td>\n<td>Implantes cir\u00fargicos \u2013 Determina\u00e7\u00e3o da resist\u00eancia \u00e0 flex\u00e3o e rigidez de placas \u00f3sseas<\/td>\n<\/tr>\n<tr>\n<td>ISO 10328<\/td>\n<td>Ensaios estruturais de pr\u00f3teses para membros inferiores<\/td>\n<\/tr>\n<tr>\n<td>ISO 11405<\/td>\n<td>Ensaio de ades\u00e3o \u00e0 estrutura dent\u00e1ria<\/td>\n<\/tr>\n<tr>\n<td>ISO 11491<\/td>\n<td>Implantes para cirurgia \u2013 Determina\u00e7\u00e3o da resist\u00eancia ao impacto de cabe\u00e7as femorais cer\u00e2micas para pr\u00f3teses de quadril<\/td>\n<\/tr>\n<tr>\n<td>ISO 12189-8<\/td>\n<td>Ensaios mec\u00e2nicos de dispositivos implant\u00e1veis para a coluna \u2013 M\u00e9todo de ensaio de fadiga para conjuntos de implantes com suporte anterior<\/td>\n<\/tr>\n<tr>\n<td>ISO 14801<\/td>\n<td>Odontologia \u2013 Implantes \u2013 Ensaio de carga din\u00e2mica para implantes dent\u00e1rios end\u00f3sseos<\/td>\n<\/tr>\n<tr>\n<td>ISO 14879-1<\/td>\n<td>Substitui\u00e7\u00e3o total do joelho \u2013 Determina\u00e7\u00e3o das propriedades de resist\u00eancia das bandejas tibiais<\/td>\n<\/tr>\n<tr>\n<td>ISO 22675<\/td>\n<td>Ensaios de dispositivos tornozelo-p\u00e9 e unidades de p\u00e9<\/td>\n<\/tr>\n<\/tbody>\n<\/table>\n<\/div><\/section><br \/>\n<div  class='hr av-av_hr-91d7ccd583a503147498e120fee2ff9b hr-default  avia-builder-el-23  el_after_av_textblock  el_before_av_textblock '><span class='hr-inner '><span class=\"hr-inner-style\"><\/span><\/span><\/div><br \/>\n<section  class='av_textblock_section av-li2quh37-0b06d81bb315a2487501af8c51f0fd51 '   itemscope=\"itemscope\" itemtype=\"https:\/\/schema.org\/CreativeWork\" ><div class='avia_textblock'  itemprop=\"text\" ><h2>PADR\u00d5ES DE TESTE PARA O SETOR DE BICICLETAS<\/h2>\n<\/div><\/section><br \/>\n\n<style type=\"text\/css\" data-created_by=\"avia_inline_auto\" id=\"style-css-av-av_hr-82f5be0ae0af6a64fe3091010b237709\">\n#top .hr.hr-invisible.av-av_hr-82f5be0ae0af6a64fe3091010b237709{\nheight:20px;\n}\n<\/style>\n<div  class='hr av-av_hr-82f5be0ae0af6a64fe3091010b237709 hr-invisible  avia-builder-el-25  el_after_av_textblock  el_before_av_textblock '><span class='hr-inner '><span class=\"hr-inner-style\"><\/span><\/span><\/div><br \/>\n\n<style type=\"text\/css\" data-created_by=\"avia_inline_auto\" id=\"style-css-av-li2r2mlz-a883a6ce4c76cdf1b13c03f359cdd925\">\n#top .av_textblock_section.av-li2r2mlz-a883a6ce4c76cdf1b13c03f359cdd925 .avia_textblock{\nfont-size:18px;\n}\n<\/style>\n<section  class='av_textblock_section av-li2r2mlz-a883a6ce4c76cdf1b13c03f359cdd925 '   itemscope=\"itemscope\" itemtype=\"https:\/\/schema.org\/CreativeWork\" ><div class='avia_textblock'  itemprop=\"text\" ><table>\n<tbody>\n<tr>\n<th style=\"width: 20%;\">Norma ISO<\/th>\n<th>Descri\u00e7\u00e3o<\/th>\n<\/tr>\n<tr>\n<td>ISO 4210<\/td>\n<td>Bicicletas: Requisitos de seguran\u00e7a para bicicletas<\/td>\n<\/tr>\n<\/tbody>\n<\/table>\n<\/div><\/section><\/p><\/div><div  class='flex_column av-av_one_fifth-feecfcc73494c68bb0d1632d1d5c38ae av_one_fifth  avia-builder-el-27  el_after_av_three_fifth  avia-builder-el-last  flex_column_div  '     ><\/div><\/p>\n","protected":false},"excerpt":{"rendered":"","protected":false},"author":5,"featured_media":0,"parent":0,"menu_order":0,"comment_status":"closed","ping_status":"closed","template":"","meta":{"_acf_changed":false,"footnotes":""},"class_list":["post-118698","page","type-page","status-publish","hentry"],"acf":[],"yoast_head":"<!-- This site is optimized with the Yoast SEO Premium plugin v27.4 (Yoast SEO v27.4) - https:\/\/yoast.com\/product\/yoast-seo-premium-wordpress\/ -->\n<title>Normas ISO - STEP Lab<\/title>\n<meta name=\"description\" content=\"O Step Lab produz uma variedade de m\u00e1quinas e softwares de teste projetados para testes precisos e confi\u00e1veis, de acordo com as normas ISO.\" \/>\n<meta name=\"robots\" content=\"index, follow, max-snippet:-1, max-image-preview:large, max-video-preview:-1\" \/>\n<link rel=\"canonical\" href=\"https:\/\/step-lab.com\/pt-br\/iso\/\" \/>\n<meta property=\"og:locale\" content=\"pt_BR\" \/>\n<meta property=\"og:type\" content=\"article\" \/>\n<meta property=\"og:title\" content=\"ISO\" \/>\n<meta property=\"og:description\" content=\"O Step Lab produz uma variedade de m\u00e1quinas e softwares de teste projetados para testes precisos e confi\u00e1veis, de acordo com as normas ISO.\" \/>\n<meta property=\"og:url\" content=\"https:\/\/step-lab.com\/pt-br\/iso\/\" \/>\n<meta property=\"og:site_name\" content=\"STEP Lab\" \/>\n<meta property=\"article:publisher\" content=\"https:\/\/www.facebook.com\/step.lab.macchine\/\" \/>\n<meta property=\"article:modified_time\" content=\"2025-07-24T12:36:10+00:00\" \/>\n<meta name=\"twitter:card\" content=\"summary_large_image\" \/>\n<meta name=\"twitter:label1\" content=\"Est. tempo de leitura\" \/>\n\t<meta name=\"twitter:data1\" content=\"3 minutos\" \/>\n<script type=\"application\/ld+json\" class=\"yoast-schema-graph\">{\"@context\":\"https:\\\/\\\/schema.org\",\"@graph\":[{\"@type\":\"WebPage\",\"@id\":\"https:\\\/\\\/step-lab.com\\\/pt-br\\\/iso\\\/\",\"url\":\"https:\\\/\\\/step-lab.com\\\/pt-br\\\/iso\\\/\",\"name\":\"Normas ISO - STEP Lab\",\"isPartOf\":{\"@id\":\"https:\\\/\\\/step-lab.com\\\/pt-br\\\/#website\"},\"datePublished\":\"2022-05-13T15:06:19+00:00\",\"dateModified\":\"2025-07-24T12:36:10+00:00\",\"description\":\"O Step Lab produz uma variedade de m\u00e1quinas e softwares de teste projetados para testes precisos e confi\u00e1veis, de acordo com as normas ISO.\",\"breadcrumb\":{\"@id\":\"https:\\\/\\\/step-lab.com\\\/pt-br\\\/iso\\\/#breadcrumb\"},\"inLanguage\":\"pt-BR\",\"potentialAction\":[{\"@type\":\"ReadAction\",\"target\":[\"https:\\\/\\\/step-lab.com\\\/pt-br\\\/iso\\\/\"]}]},{\"@type\":\"BreadcrumbList\",\"@id\":\"https:\\\/\\\/step-lab.com\\\/pt-br\\\/iso\\\/#breadcrumb\",\"itemListElement\":[{\"@type\":\"ListItem\",\"position\":1,\"name\":\"Home\",\"item\":\"https:\\\/\\\/step-lab.com\\\/pt-br\\\/step-lab\\\/\"},{\"@type\":\"ListItem\",\"position\":2,\"name\":\"ISO\"}]},{\"@type\":\"WebSite\",\"@id\":\"https:\\\/\\\/step-lab.com\\\/pt-br\\\/#website\",\"url\":\"https:\\\/\\\/step-lab.com\\\/pt-br\\\/\",\"name\":\"Step Lab\",\"description\":\"Testing machines\",\"publisher\":{\"@id\":\"https:\\\/\\\/step-lab.com\\\/pt-br\\\/#organization\"},\"potentialAction\":[{\"@type\":\"SearchAction\",\"target\":{\"@type\":\"EntryPoint\",\"urlTemplate\":\"https:\\\/\\\/step-lab.com\\\/pt-br\\\/?s={search_term_string}\"},\"query-input\":{\"@type\":\"PropertyValueSpecification\",\"valueRequired\":true,\"valueName\":\"search_term_string\"}}],\"inLanguage\":\"pt-BR\"},{\"@type\":\"Organization\",\"@id\":\"https:\\\/\\\/step-lab.com\\\/pt-br\\\/#organization\",\"name\":\"STEP Lab\",\"url\":\"https:\\\/\\\/step-lab.com\\\/pt-br\\\/\",\"logo\":{\"@type\":\"ImageObject\",\"inLanguage\":\"pt-BR\",\"@id\":\"https:\\\/\\\/step-lab.com\\\/pt-br\\\/#\\\/schema\\\/logo\\\/image\\\/\",\"url\":\"https:\\\/\\\/step-lab.com\\\/wp-content\\\/uploads\\\/2022\\\/08\\\/STEP-Lab-logoclaim-1.png\",\"contentUrl\":\"https:\\\/\\\/step-lab.com\\\/wp-content\\\/uploads\\\/2022\\\/08\\\/STEP-Lab-logoclaim-1.png\",\"width\":4316,\"height\":1395,\"caption\":\"STEP Lab\"},\"image\":{\"@id\":\"https:\\\/\\\/step-lab.com\\\/pt-br\\\/#\\\/schema\\\/logo\\\/image\\\/\"},\"sameAs\":[\"https:\\\/\\\/www.facebook.com\\\/step.lab.macchine\\\/\",\"https:\\\/\\\/it.linkedin.com\\\/company\\\/step-lab\",\"https:\\\/\\\/www.youtube.com\\\/c\\\/STEPLab\",\"https:\\\/\\\/www.instagram.com\\\/step__lab\\\/?hl=it\"]}]}<\/script>\n<!-- \/ Yoast SEO Premium plugin. -->","yoast_head_json":{"title":"Normas ISO - STEP Lab","description":"O Step Lab produz uma variedade de m\u00e1quinas e softwares de teste projetados para testes precisos e confi\u00e1veis, de acordo com as normas ISO.","robots":{"index":"index","follow":"follow","max-snippet":"max-snippet:-1","max-image-preview":"max-image-preview:large","max-video-preview":"max-video-preview:-1"},"canonical":"https:\/\/step-lab.com\/pt-br\/iso\/","og_locale":"pt_BR","og_type":"article","og_title":"ISO","og_description":"O Step Lab produz uma variedade de m\u00e1quinas e softwares de teste projetados para testes precisos e confi\u00e1veis, de acordo com as normas ISO.","og_url":"https:\/\/step-lab.com\/pt-br\/iso\/","og_site_name":"STEP Lab","article_publisher":"https:\/\/www.facebook.com\/step.lab.macchine\/","article_modified_time":"2025-07-24T12:36:10+00:00","twitter_card":"summary_large_image","twitter_misc":{"Est. tempo de leitura":"3 minutos"},"schema":{"@context":"https:\/\/schema.org","@graph":[{"@type":"WebPage","@id":"https:\/\/step-lab.com\/pt-br\/iso\/","url":"https:\/\/step-lab.com\/pt-br\/iso\/","name":"Normas ISO - STEP Lab","isPartOf":{"@id":"https:\/\/step-lab.com\/pt-br\/#website"},"datePublished":"2022-05-13T15:06:19+00:00","dateModified":"2025-07-24T12:36:10+00:00","description":"O Step Lab produz uma variedade de m\u00e1quinas e softwares de teste projetados para testes precisos e confi\u00e1veis, de acordo com as normas ISO.","breadcrumb":{"@id":"https:\/\/step-lab.com\/pt-br\/iso\/#breadcrumb"},"inLanguage":"pt-BR","potentialAction":[{"@type":"ReadAction","target":["https:\/\/step-lab.com\/pt-br\/iso\/"]}]},{"@type":"BreadcrumbList","@id":"https:\/\/step-lab.com\/pt-br\/iso\/#breadcrumb","itemListElement":[{"@type":"ListItem","position":1,"name":"Home","item":"https:\/\/step-lab.com\/pt-br\/step-lab\/"},{"@type":"ListItem","position":2,"name":"ISO"}]},{"@type":"WebSite","@id":"https:\/\/step-lab.com\/pt-br\/#website","url":"https:\/\/step-lab.com\/pt-br\/","name":"Step Lab","description":"Testing machines","publisher":{"@id":"https:\/\/step-lab.com\/pt-br\/#organization"},"potentialAction":[{"@type":"SearchAction","target":{"@type":"EntryPoint","urlTemplate":"https:\/\/step-lab.com\/pt-br\/?s={search_term_string}"},"query-input":{"@type":"PropertyValueSpecification","valueRequired":true,"valueName":"search_term_string"}}],"inLanguage":"pt-BR"},{"@type":"Organization","@id":"https:\/\/step-lab.com\/pt-br\/#organization","name":"STEP Lab","url":"https:\/\/step-lab.com\/pt-br\/","logo":{"@type":"ImageObject","inLanguage":"pt-BR","@id":"https:\/\/step-lab.com\/pt-br\/#\/schema\/logo\/image\/","url":"https:\/\/step-lab.com\/wp-content\/uploads\/2022\/08\/STEP-Lab-logoclaim-1.png","contentUrl":"https:\/\/step-lab.com\/wp-content\/uploads\/2022\/08\/STEP-Lab-logoclaim-1.png","width":4316,"height":1395,"caption":"STEP Lab"},"image":{"@id":"https:\/\/step-lab.com\/pt-br\/#\/schema\/logo\/image\/"},"sameAs":["https:\/\/www.facebook.com\/step.lab.macchine\/","https:\/\/it.linkedin.com\/company\/step-lab","https:\/\/www.youtube.com\/c\/STEPLab","https:\/\/www.instagram.com\/step__lab\/?hl=it"]}]}},"_links":{"self":[{"href":"https:\/\/step-lab.com\/pt-br\/wp-json\/wp\/v2\/pages\/118698","targetHints":{"allow":["GET"]}}],"collection":[{"href":"https:\/\/step-lab.com\/pt-br\/wp-json\/wp\/v2\/pages"}],"about":[{"href":"https:\/\/step-lab.com\/pt-br\/wp-json\/wp\/v2\/types\/page"}],"author":[{"embeddable":true,"href":"https:\/\/step-lab.com\/pt-br\/wp-json\/wp\/v2\/users\/5"}],"replies":[{"embeddable":true,"href":"https:\/\/step-lab.com\/pt-br\/wp-json\/wp\/v2\/comments?post=118698"}],"version-history":[{"count":2,"href":"https:\/\/step-lab.com\/pt-br\/wp-json\/wp\/v2\/pages\/118698\/revisions"}],"predecessor-version":[{"id":118703,"href":"https:\/\/step-lab.com\/pt-br\/wp-json\/wp\/v2\/pages\/118698\/revisions\/118703"}],"wp:attachment":[{"href":"https:\/\/step-lab.com\/pt-br\/wp-json\/wp\/v2\/media?parent=118698"}],"curies":[{"name":"wp","href":"https:\/\/api.w.org\/{rel}","templated":true}]}}